{"id":312,"date":"2024-02-15T11:13:56","date_gmt":"2024-02-15T14:13:56","guid":{"rendered":"https:\/\/wp.ufpel.edu.br\/bdescolaspelotas\/?page_id=312"},"modified":"2024-02-15T11:13:56","modified_gmt":"2024-02-15T14:13:56","slug":"e-m-e-f-joao-jose-de-abreu","status":"publish","type":"page","link":"https:\/\/wp.ufpel.edu.br\/bdescolaspelotas\/escolasmunicipais\/emefs\/e-m-e-f-joao-jose-de-abreu\/","title":{"rendered":"E.M.E.F. Jo\u00e3o Jos\u00e9 de Abreu"},"content":{"rendered":"<p><strong>Nome:<\/strong> E.M.E.F. Jo\u00e3o Jos\u00e9 de Abreu<\/p>\n<p><span style=\"font-weight: 400;\"><strong>Diretor(a):<\/strong> Camila Krolow Retzlaff Hobbus<\/span><\/p>\n<p><span style=\"font-weight: 400;\"><strong>Endere\u00e7o:<\/strong> Colonia Rincao Da Cruz , pr?ximo a sub Prefeitura , Bairro: Oitavo distrito<\/span><\/p>\n<p><span style=\"font-weight: 400;\"><strong>Telefone:<\/strong> 053-98459-0509<\/span><\/p>\n<p><strong>E-mail: <\/strong><a href=\"mailto:jjaescola@gmail.com\"><span style=\"font-weight: 400;\">jjaescola@gmail.com<\/span><\/a><span style=\"font-weight: 400;\">\u00a0<\/span><\/p>\n<p><span style=\"font-weight: 400;\"><strong>Servi\u00e7os:<\/strong> Atendimento a alunos de Educa\u00e7\u00e3o Infantil (pr\u00e9 1 e 2) e Ensino Fundamental total de 108 alunos em out\/2022 Pr\u00e9 1 e 2=18 Ensino Fundamental 90<\/span><\/p>\n","protected":false},"excerpt":{"rendered":"<p>Nome: E.M.E.F. Jo\u00e3o Jos\u00e9 de Abreu Diretor(a): Camila Krolow Retzlaff Hobbus Endere\u00e7o: Colonia Rincao Da Cruz , pr?ximo a sub Prefeitura , Bairro: Oitavo distrito Telefone: 053-98459-0509 E-mail: jjaescola@gmail.com\u00a0 Servi\u00e7os: Atendimento a alunos de Educa\u00e7\u00e3o Infantil (pr\u00e9 1 e 2)&#8230; <a class=\"more-link\" href=\"https:\/\/wp.ufpel.edu.br\/bdescolaspelotas\/escolasmunicipais\/emefs\/e-m-e-f-joao-jose-de-abreu\/\">Continue lendo &rarr;<\/a><\/p>\n","protected":false},"author":1334,"featured_media":0,"parent":46,"menu_order":0,"comment_status":"closed","ping_status":"closed","template":"","meta":{"footnotes":""},"class_list":["post-312","page","type-page","status-publish","hentry"],"jetpack_sharing_enabled":true,"_links":{"self":[{"href":"https:\/\/wp.ufpel.edu.br\/bdescolaspelotas\/wp-json\/wp\/v2\/pages\/312","targetHints":{"allow":["GET"]}}],"collection":[{"href":"https:\/\/wp.ufpel.edu.br\/bdescolaspelotas\/wp-json\/wp\/v2\/pages"}],"about":[{"href":"https:\/\/wp.ufpel.edu.br\/bdescolaspelotas\/wp-json\/wp\/v2\/types\/page"}],"author":[{"embeddable":true,"href":"https:\/\/wp.ufpel.edu.br\/bdescolaspelotas\/wp-json\/wp\/v2\/users\/1334"}],"replies":[{"embeddable":true,"href":"https:\/\/wp.ufpel.edu.br\/bdescolaspelotas\/wp-json\/wp\/v2\/comments?post=312"}],"version-history":[{"count":1,"href":"https:\/\/wp.ufpel.edu.br\/bdescolaspelotas\/wp-json\/wp\/v2\/pages\/312\/revisions"}],"predecessor-version":[{"id":314,"href":"https:\/\/wp.ufpel.edu.br\/bdescolaspelotas\/wp-json\/wp\/v2\/pages\/312\/revisions\/314"}],"up":[{"embeddable":true,"href":"https:\/\/wp.ufpel.edu.br\/bdescolaspelotas\/wp-json\/wp\/v2\/pages\/46"}],"wp:attachment":[{"href":"https:\/\/wp.ufpel.edu.br\/bdescolaspelotas\/wp-json\/wp\/v2\/media?parent=312"}],"curies":[{"name":"wp","href":"https:\/\/api.w.org\/{rel}","templated":true}]}}