{"id":309,"date":"2024-02-15T11:13:04","date_gmt":"2024-02-15T14:13:04","guid":{"rendered":"https:\/\/wp.ufpel.edu.br\/bdescolaspelotas\/?page_id=309"},"modified":"2024-02-15T11:13:04","modified_gmt":"2024-02-15T14:13:04","slug":"e-m-e-f-joao-da-silva-silveira","status":"publish","type":"page","link":"https:\/\/wp.ufpel.edu.br\/bdescolaspelotas\/escolasmunicipais\/emefs\/e-m-e-f-joao-da-silva-silveira\/","title":{"rendered":"E.M.E.F. Jo\u00e3o da Silva Silveira"},"content":{"rendered":"<p><strong>Nome:<\/strong> E.M.E.F. Jo\u00e3o da Silva Silveira<\/p>\n<p><span style=\"font-weight: 400;\"><strong>Diretor(a):<\/strong> Ricardo da Silva Moreira<\/span><\/p>\n<p><span style=\"font-weight: 400;\"><strong>Endere\u00e7o<\/strong>: Monte Bonito &#8211; Estr , Bairro: Nono distrito<\/span><\/p>\n<p><span style=\"font-weight: 400;\"><strong>Telefone:<\/strong> 053-32773339<\/span><\/p>\n<p><strong>E-mail: <\/strong><a href=\"mailto:escolajoaodasilva@gmail.com\"><span style=\"font-weight: 400;\">escolajoaodasilva@gmail.com<\/span><\/a><\/p>\n<p><span style=\"font-weight: 400;\"><strong>Servi\u00e7os:<\/strong> Atendimento a alunos de Educa\u00e7\u00e3o Infantil (Pr\u00e9 1 e 2), Ensino Fundamental (1\u00ba ao 9\u00aa ano) e EJA ( Educa\u00e7\u00e3o para Jovens e Adultos) total de 279 alunos em out\/2022 Ed Infantil-52 Ens Fundamental-200 EJA- 27<\/span><\/p>\n","protected":false},"excerpt":{"rendered":"<p>Nome: E.M.E.F. Jo\u00e3o da Silva Silveira Diretor(a): Ricardo da Silva Moreira Endere\u00e7o: Monte Bonito &#8211; Estr , Bairro: Nono distrito Telefone: 053-32773339 E-mail: escolajoaodasilva@gmail.com Servi\u00e7os: Atendimento a alunos de Educa\u00e7\u00e3o Infantil (Pr\u00e9 1 e 2), Ensino Fundamental (1\u00ba ao 9\u00aa&#8230; <a class=\"more-link\" href=\"https:\/\/wp.ufpel.edu.br\/bdescolaspelotas\/escolasmunicipais\/emefs\/e-m-e-f-joao-da-silva-silveira\/\">Continue lendo &rarr;<\/a><\/p>\n","protected":false},"author":1334,"featured_media":0,"parent":46,"menu_order":0,"comment_status":"closed","ping_status":"closed","template":"","meta":{"footnotes":""},"class_list":["post-309","page","type-page","status-publish","hentry"],"jetpack_sharing_enabled":true,"_links":{"self":[{"href":"https:\/\/wp.ufpel.edu.br\/bdescolaspelotas\/wp-json\/wp\/v2\/pages\/309","targetHints":{"allow":["GET"]}}],"collection":[{"href":"https:\/\/wp.ufpel.edu.br\/bdescolaspelotas\/wp-json\/wp\/v2\/pages"}],"about":[{"href":"https:\/\/wp.ufpel.edu.br\/bdescolaspelotas\/wp-json\/wp\/v2\/types\/page"}],"author":[{"embeddable":true,"href":"https:\/\/wp.ufpel.edu.br\/bdescolaspelotas\/wp-json\/wp\/v2\/users\/1334"}],"replies":[{"embeddable":true,"href":"https:\/\/wp.ufpel.edu.br\/bdescolaspelotas\/wp-json\/wp\/v2\/comments?post=309"}],"version-history":[{"count":1,"href":"https:\/\/wp.ufpel.edu.br\/bdescolaspelotas\/wp-json\/wp\/v2\/pages\/309\/revisions"}],"predecessor-version":[{"id":311,"href":"https:\/\/wp.ufpel.edu.br\/bdescolaspelotas\/wp-json\/wp\/v2\/pages\/309\/revisions\/311"}],"up":[{"embeddable":true,"href":"https:\/\/wp.ufpel.edu.br\/bdescolaspelotas\/wp-json\/wp\/v2\/pages\/46"}],"wp:attachment":[{"href":"https:\/\/wp.ufpel.edu.br\/bdescolaspelotas\/wp-json\/wp\/v2\/media?parent=309"}],"curies":[{"name":"wp","href":"https:\/\/api.w.org\/{rel}","templated":true}]}}