{"id":303,"date":"2024-02-15T11:11:11","date_gmt":"2024-02-15T14:11:11","guid":{"rendered":"https:\/\/wp.ufpel.edu.br\/bdescolaspelotas\/?page_id=303"},"modified":"2024-02-15T11:11:11","modified_gmt":"2024-02-15T14:11:11","slug":"e-m-e-f-julio-de-castilhos","status":"publish","type":"page","link":"https:\/\/wp.ufpel.edu.br\/bdescolaspelotas\/escolasmunicipais\/emefs\/e-m-e-f-julio-de-castilhos\/","title":{"rendered":"E.M.E.F. J\u00falio de Castilhos"},"content":{"rendered":"<p><strong>Nome:<\/strong> E.M.E.F. J\u00falio de Castilhos<\/p>\n<p><span style=\"font-weight: 400;\"><strong>Diretor(a):<\/strong> Marfa Mancke Bento<\/span><\/p>\n<p><span style=\"font-weight: 400;\"><strong>Endere\u00e7o<\/strong>: Maciel , Col?nia S?o Manoel , Bairro: Oitavo distrito<\/span><\/p>\n<p><span style=\"font-weight: 400;\"><strong>Telefone:<\/strong> 053-984457115<\/span><\/p>\n<p><span style=\"font-weight: 400;\"><strong>E-mail<\/strong>: <\/span><a href=\"mailto:escolajuliodecastilhos@live.com\"><span style=\"font-weight: 400;\">escolajuliodecastilhos@live.com<\/span><\/a><\/p>\n<p><span style=\"font-weight: 400;\"><strong>Servi\u00e7os:<\/strong> Atendimento a alunos da Educa\u00e7\u00e3o Infantil e Ensino Fundamental (1\u00ba ao 5\u00ba ano) total de 32 alunos em out\/2022, sendo 11 alunos da Ed infantil 21 de ensino fundamental<\/span><\/p>\n","protected":false},"excerpt":{"rendered":"<p>Nome: E.M.E.F. J\u00falio de Castilhos Diretor(a): Marfa Mancke Bento Endere\u00e7o: Maciel , Col?nia S?o Manoel , Bairro: Oitavo distrito Telefone: 053-984457115 E-mail: escolajuliodecastilhos@live.com Servi\u00e7os: Atendimento a alunos da Educa\u00e7\u00e3o Infantil e Ensino Fundamental (1\u00ba ao 5\u00ba ano) total de 32&#8230; <a class=\"more-link\" href=\"https:\/\/wp.ufpel.edu.br\/bdescolaspelotas\/escolasmunicipais\/emefs\/e-m-e-f-julio-de-castilhos\/\">Continue lendo &rarr;<\/a><\/p>\n","protected":false},"author":1334,"featured_media":0,"parent":46,"menu_order":0,"comment_status":"closed","ping_status":"closed","template":"","meta":{"footnotes":""},"class_list":["post-303","page","type-page","status-publish","hentry"],"jetpack_sharing_enabled":true,"_links":{"self":[{"href":"https:\/\/wp.ufpel.edu.br\/bdescolaspelotas\/wp-json\/wp\/v2\/pages\/303","targetHints":{"allow":["GET"]}}],"collection":[{"href":"https:\/\/wp.ufpel.edu.br\/bdescolaspelotas\/wp-json\/wp\/v2\/pages"}],"about":[{"href":"https:\/\/wp.ufpel.edu.br\/bdescolaspelotas\/wp-json\/wp\/v2\/types\/page"}],"author":[{"embeddable":true,"href":"https:\/\/wp.ufpel.edu.br\/bdescolaspelotas\/wp-json\/wp\/v2\/users\/1334"}],"replies":[{"embeddable":true,"href":"https:\/\/wp.ufpel.edu.br\/bdescolaspelotas\/wp-json\/wp\/v2\/comments?post=303"}],"version-history":[{"count":1,"href":"https:\/\/wp.ufpel.edu.br\/bdescolaspelotas\/wp-json\/wp\/v2\/pages\/303\/revisions"}],"predecessor-version":[{"id":305,"href":"https:\/\/wp.ufpel.edu.br\/bdescolaspelotas\/wp-json\/wp\/v2\/pages\/303\/revisions\/305"}],"up":[{"embeddable":true,"href":"https:\/\/wp.ufpel.edu.br\/bdescolaspelotas\/wp-json\/wp\/v2\/pages\/46"}],"wp:attachment":[{"href":"https:\/\/wp.ufpel.edu.br\/bdescolaspelotas\/wp-json\/wp\/v2\/media?parent=303"}],"curies":[{"name":"wp","href":"https:\/\/api.w.org\/{rel}","templated":true}]}}