{"id":294,"date":"2024-02-15T11:08:31","date_gmt":"2024-02-15T14:08:31","guid":{"rendered":"https:\/\/wp.ufpel.edu.br\/bdescolaspelotas\/?page_id=294"},"modified":"2024-02-15T11:08:31","modified_gmt":"2024-02-15T14:08:31","slug":"e-m-e-f-independencia","status":"publish","type":"page","link":"https:\/\/wp.ufpel.edu.br\/bdescolaspelotas\/escolasmunicipais\/emefs\/e-m-e-f-independencia\/","title":{"rendered":"E.M.E.F. Independ\u00eancia"},"content":{"rendered":"<p><strong>Nome:<\/strong> <b>E.M.E.F. Independ\u00eancia<\/b><\/p>\n<p><span style=\"font-weight: 400;\"><strong>Diretor(a):<\/strong> Marlene Lemos Khun<\/span><\/p>\n<p><span style=\"font-weight: 400;\"><strong>Endere\u00e7o:<\/strong> Paulo Clei Teixeira , 535 , Bairro: S\u00edtio Floresta<\/span><\/p>\n<p><span style=\"font-weight: 400;\"><strong>Telefone:<\/strong> 053-32789305<\/span><\/p>\n<p><strong>E-mail: <\/strong><a href=\"mailto:emefisitio@gmail.com\"><span style=\"font-weight: 400;\">emefisitio@gmail.com<\/span><\/a><\/p>\n<p><span style=\"font-weight: 400;\"><strong>Servi\u00e7os:<\/strong> Atendimento a alunos de Ensino Fundamental (1\u00ba a 9\u00ba ano) e EJA (Educa\u00e7\u00e3o de Jovens e Adultos) total de 686 alunos out\/2022 Ens Fundamental-624 EJA- 62<\/span><\/p>\n","protected":false},"excerpt":{"rendered":"<p>Nome: E.M.E.F. Independ\u00eancia Diretor(a): Marlene Lemos Khun Endere\u00e7o: Paulo Clei Teixeira , 535 , Bairro: S\u00edtio Floresta Telefone: 053-32789305 E-mail: emefisitio@gmail.com Servi\u00e7os: Atendimento a alunos de Ensino Fundamental (1\u00ba a 9\u00ba ano) e EJA (Educa\u00e7\u00e3o de Jovens e Adultos) total&#8230; <a class=\"more-link\" href=\"https:\/\/wp.ufpel.edu.br\/bdescolaspelotas\/escolasmunicipais\/emefs\/e-m-e-f-independencia\/\">Continue lendo &rarr;<\/a><\/p>\n","protected":false},"author":1334,"featured_media":0,"parent":46,"menu_order":0,"comment_status":"closed","ping_status":"closed","template":"","meta":{"footnotes":""},"class_list":["post-294","page","type-page","status-publish","hentry"],"jetpack_sharing_enabled":true,"_links":{"self":[{"href":"https:\/\/wp.ufpel.edu.br\/bdescolaspelotas\/wp-json\/wp\/v2\/pages\/294","targetHints":{"allow":["GET"]}}],"collection":[{"href":"https:\/\/wp.ufpel.edu.br\/bdescolaspelotas\/wp-json\/wp\/v2\/pages"}],"about":[{"href":"https:\/\/wp.ufpel.edu.br\/bdescolaspelotas\/wp-json\/wp\/v2\/types\/page"}],"author":[{"embeddable":true,"href":"https:\/\/wp.ufpel.edu.br\/bdescolaspelotas\/wp-json\/wp\/v2\/users\/1334"}],"replies":[{"embeddable":true,"href":"https:\/\/wp.ufpel.edu.br\/bdescolaspelotas\/wp-json\/wp\/v2\/comments?post=294"}],"version-history":[{"count":1,"href":"https:\/\/wp.ufpel.edu.br\/bdescolaspelotas\/wp-json\/wp\/v2\/pages\/294\/revisions"}],"predecessor-version":[{"id":296,"href":"https:\/\/wp.ufpel.edu.br\/bdescolaspelotas\/wp-json\/wp\/v2\/pages\/294\/revisions\/296"}],"up":[{"embeddable":true,"href":"https:\/\/wp.ufpel.edu.br\/bdescolaspelotas\/wp-json\/wp\/v2\/pages\/46"}],"wp:attachment":[{"href":"https:\/\/wp.ufpel.edu.br\/bdescolaspelotas\/wp-json\/wp\/v2\/media?parent=294"}],"curies":[{"name":"wp","href":"https:\/\/api.w.org\/{rel}","templated":true}]}}