{"id":291,"date":"2024-02-15T11:07:27","date_gmt":"2024-02-15T14:07:27","guid":{"rendered":"https:\/\/wp.ufpel.edu.br\/bdescolaspelotas\/?page_id=291"},"modified":"2024-02-15T11:07:27","modified_gmt":"2024-02-15T14:07:27","slug":"e-m-e-f-honorina-torres","status":"publish","type":"page","link":"https:\/\/wp.ufpel.edu.br\/bdescolaspelotas\/escolasmunicipais\/emefs\/e-m-e-f-honorina-torres\/","title":{"rendered":"E.M.E.F. Honorina Torres"},"content":{"rendered":"<p><strong>Nome:<\/strong> E.M.E.F. Honorina Torres<\/p>\n<p><strong>Diretor(a): <\/strong>Andressa Blass Raffi Carrilhas<\/p>\n<p><span style=\"font-weight: 400;\"><strong>Endere\u00e7o:<\/strong> Cerrito Alegre &#8211; Estr , Bairro: Terceiro distrito<\/span><\/p>\n<p><span style=\"font-weight: 400;\"><strong>Telefone:<\/strong> 053-984099620<\/span><\/p>\n<p><strong>E-mail: <\/strong><a href=\"mailto:emefhonorinatorres@gmail.com\"><span style=\"font-weight: 400;\">emefhonorinatorres@gmail.com<\/span><\/a><span style=\"font-weight: 400;\">\u00a0<\/span><\/p>\n<p><span style=\"font-weight: 400;\"><strong>Servi\u00e7os:<\/strong> Atendimento a alunos da Educa\u00e7\u00e3o Infantil (pr\u00e9 1 e 2) e Ensino Fundamental Incompleto (1\u00ba a 5\u00ba ano) Turmas multiseriadas total de 13 alunos em out\/2022, sendo 10 de Ensino Fundamental, 03 de Ed. Infantil<\/span><\/p>\n<p>&nbsp;<\/p>\n","protected":false},"excerpt":{"rendered":"<p>Nome: E.M.E.F. Honorina Torres Diretor(a): Andressa Blass Raffi Carrilhas Endere\u00e7o: Cerrito Alegre &#8211; Estr , Bairro: Terceiro distrito Telefone: 053-984099620 E-mail: emefhonorinatorres@gmail.com\u00a0 Servi\u00e7os: Atendimento a alunos da Educa\u00e7\u00e3o Infantil (pr\u00e9 1 e 2) e Ensino Fundamental Incompleto (1\u00ba a 5\u00ba&#8230; <a class=\"more-link\" href=\"https:\/\/wp.ufpel.edu.br\/bdescolaspelotas\/escolasmunicipais\/emefs\/e-m-e-f-honorina-torres\/\">Continue lendo &rarr;<\/a><\/p>\n","protected":false},"author":1334,"featured_media":0,"parent":46,"menu_order":0,"comment_status":"closed","ping_status":"closed","template":"","meta":{"footnotes":""},"class_list":["post-291","page","type-page","status-publish","hentry"],"jetpack_sharing_enabled":true,"_links":{"self":[{"href":"https:\/\/wp.ufpel.edu.br\/bdescolaspelotas\/wp-json\/wp\/v2\/pages\/291","targetHints":{"allow":["GET"]}}],"collection":[{"href":"https:\/\/wp.ufpel.edu.br\/bdescolaspelotas\/wp-json\/wp\/v2\/pages"}],"about":[{"href":"https:\/\/wp.ufpel.edu.br\/bdescolaspelotas\/wp-json\/wp\/v2\/types\/page"}],"author":[{"embeddable":true,"href":"https:\/\/wp.ufpel.edu.br\/bdescolaspelotas\/wp-json\/wp\/v2\/users\/1334"}],"replies":[{"embeddable":true,"href":"https:\/\/wp.ufpel.edu.br\/bdescolaspelotas\/wp-json\/wp\/v2\/comments?post=291"}],"version-history":[{"count":1,"href":"https:\/\/wp.ufpel.edu.br\/bdescolaspelotas\/wp-json\/wp\/v2\/pages\/291\/revisions"}],"predecessor-version":[{"id":293,"href":"https:\/\/wp.ufpel.edu.br\/bdescolaspelotas\/wp-json\/wp\/v2\/pages\/291\/revisions\/293"}],"up":[{"embeddable":true,"href":"https:\/\/wp.ufpel.edu.br\/bdescolaspelotas\/wp-json\/wp\/v2\/pages\/46"}],"wp:attachment":[{"href":"https:\/\/wp.ufpel.edu.br\/bdescolaspelotas\/wp-json\/wp\/v2\/media?parent=291"}],"curies":[{"name":"wp","href":"https:\/\/api.w.org\/{rel}","templated":true}]}}