{"id":288,"date":"2024-02-15T11:06:19","date_gmt":"2024-02-15T14:06:19","guid":{"rendered":"https:\/\/wp.ufpel.edu.br\/bdescolaspelotas\/?page_id=288"},"modified":"2024-02-15T11:06:19","modified_gmt":"2024-02-15T14:06:19","slug":"e-m-e-f-henrique-peter","status":"publish","type":"page","link":"https:\/\/wp.ufpel.edu.br\/bdescolaspelotas\/escolasmunicipais\/emefs\/e-m-e-f-henrique-peter\/","title":{"rendered":"E.M.E.F. Henrique Peter"},"content":{"rendered":"<p><strong>Nome:<\/strong> E.M.E.F. Henrique Peter<\/p>\n<p><span style=\"font-weight: 400;\"><strong>Diretor(a):<\/strong> Sara Monica Waally da Silva<\/span><\/p>\n<p><span style=\"font-weight: 400;\"><strong>Endere\u00e7o:<\/strong> Silvana;Sta &#8211; Col , Bairro: Sexto distrito<\/span><\/p>\n<p><span style=\"font-weight: 400;\"><strong>Telefone:<\/strong> 053-81237889<\/span><\/p>\n<p><span style=\"font-weight: 400;\"><strong>E-mail:<\/strong> <\/span><a href=\"mailto:e.m.e.f.henriquepeter@gmail.com\"><span style=\"font-weight: 400;\">e.m.e.f.henriquepeter@gmail.com<\/span><\/a><span style=\"font-weight: 400;\">\u00a0<\/span><\/p>\n<p><span style=\"font-weight: 400;\"><strong>Servi\u00e7os:<\/strong> Atendimento a alunos da Educa\u00e7\u00e3o Infantil (pr\u00e9 1 e 2) e Ensino Fundamental Incompleto (1\u00ba ao 5\u00ba ano) Turmas multiseriadas Total de 32 alunos em out\/2022, sendo 27 de Ens. fundamental e 05 de Ed. Infantil<\/span><\/p>\n<p>&nbsp;<\/p>\n","protected":false},"excerpt":{"rendered":"<p>Nome: E.M.E.F. Henrique Peter Diretor(a): Sara Monica Waally da Silva Endere\u00e7o: Silvana;Sta &#8211; Col , Bairro: Sexto distrito Telefone: 053-81237889 E-mail: e.m.e.f.henriquepeter@gmail.com\u00a0 Servi\u00e7os: Atendimento a alunos da Educa\u00e7\u00e3o Infantil (pr\u00e9 1 e 2) e Ensino Fundamental Incompleto (1\u00ba ao 5\u00ba&#8230; <a class=\"more-link\" href=\"https:\/\/wp.ufpel.edu.br\/bdescolaspelotas\/escolasmunicipais\/emefs\/e-m-e-f-henrique-peter\/\">Continue lendo &rarr;<\/a><\/p>\n","protected":false},"author":1334,"featured_media":0,"parent":46,"menu_order":0,"comment_status":"closed","ping_status":"closed","template":"","meta":{"footnotes":""},"class_list":["post-288","page","type-page","status-publish","hentry"],"jetpack_sharing_enabled":true,"_links":{"self":[{"href":"https:\/\/wp.ufpel.edu.br\/bdescolaspelotas\/wp-json\/wp\/v2\/pages\/288","targetHints":{"allow":["GET"]}}],"collection":[{"href":"https:\/\/wp.ufpel.edu.br\/bdescolaspelotas\/wp-json\/wp\/v2\/pages"}],"about":[{"href":"https:\/\/wp.ufpel.edu.br\/bdescolaspelotas\/wp-json\/wp\/v2\/types\/page"}],"author":[{"embeddable":true,"href":"https:\/\/wp.ufpel.edu.br\/bdescolaspelotas\/wp-json\/wp\/v2\/users\/1334"}],"replies":[{"embeddable":true,"href":"https:\/\/wp.ufpel.edu.br\/bdescolaspelotas\/wp-json\/wp\/v2\/comments?post=288"}],"version-history":[{"count":1,"href":"https:\/\/wp.ufpel.edu.br\/bdescolaspelotas\/wp-json\/wp\/v2\/pages\/288\/revisions"}],"predecessor-version":[{"id":290,"href":"https:\/\/wp.ufpel.edu.br\/bdescolaspelotas\/wp-json\/wp\/v2\/pages\/288\/revisions\/290"}],"up":[{"embeddable":true,"href":"https:\/\/wp.ufpel.edu.br\/bdescolaspelotas\/wp-json\/wp\/v2\/pages\/46"}],"wp:attachment":[{"href":"https:\/\/wp.ufpel.edu.br\/bdescolaspelotas\/wp-json\/wp\/v2\/media?parent=288"}],"curies":[{"name":"wp","href":"https:\/\/api.w.org\/{rel}","templated":true}]}}