{"id":285,"date":"2024-02-15T11:05:07","date_gmt":"2024-02-15T14:05:07","guid":{"rendered":"https:\/\/wp.ufpel.edu.br\/bdescolaspelotas\/?page_id=285"},"modified":"2024-02-15T11:05:42","modified_gmt":"2024-02-15T14:05:42","slug":"e-m-e-f-garibaldi","status":"publish","type":"page","link":"https:\/\/wp.ufpel.edu.br\/bdescolaspelotas\/escolasmunicipais\/emefs\/e-m-e-f-garibaldi\/","title":{"rendered":"E.M.E.F. Garibaldi"},"content":{"rendered":"<p><strong>Nome:<\/strong> E.M.E.F. Garibaldi<\/p>\n<p><span style=\"font-weight: 400;\"><strong>Diretor(a):<\/strong> Vit\u00f3ria Kr\u00fcger Feldens<\/span><\/p>\n<p><span style=\"font-weight: 400;\"><strong>Endere\u00e7o:<\/strong> Colonia Maciel Oitavo , s\/n? , Bairro: Oitavo distrito<\/span><\/p>\n<p><span style=\"font-weight: 400;\"><strong>Telefone<\/strong>: 053-32246106<\/span><\/p>\n<p><strong>E-mail: <\/strong><a href=\"mailto:escola.garibaldi@gmail.com\"><span style=\"font-weight: 400;\">escola.garibaldi@gmail.com<\/span><\/a><span style=\"font-weight: 400;\">\u00a0<\/span><\/p>\n<p><span style=\"font-weight: 400;\"><strong>Servi\u00e7os:<\/strong> Atendimento a alunos da Educa\u00e7\u00e3o Infantil (pr\u00e9 1 e 2), Ensino Fundamental Regular (1\u00aa a 9\u00aa ano). Total de alunos 198 dados de out\/2022 sendo 24 da pr\u00e9 escola, 174 alunos do Ensino Fund<\/span><\/p>\n<p>&nbsp;<\/p>\n","protected":false},"excerpt":{"rendered":"<p>Nome: E.M.E.F. Garibaldi Diretor(a): Vit\u00f3ria Kr\u00fcger Feldens Endere\u00e7o: Colonia Maciel Oitavo , s\/n? , Bairro: Oitavo distrito Telefone: 053-32246106 E-mail: escola.garibaldi@gmail.com\u00a0 Servi\u00e7os: Atendimento a alunos da Educa\u00e7\u00e3o Infantil (pr\u00e9 1 e 2), Ensino Fundamental Regular (1\u00aa a 9\u00aa ano). Total&#8230; <a class=\"more-link\" href=\"https:\/\/wp.ufpel.edu.br\/bdescolaspelotas\/escolasmunicipais\/emefs\/e-m-e-f-garibaldi\/\">Continue lendo &rarr;<\/a><\/p>\n","protected":false},"author":1334,"featured_media":0,"parent":46,"menu_order":0,"comment_status":"closed","ping_status":"closed","template":"","meta":{"footnotes":""},"class_list":["post-285","page","type-page","status-publish","hentry"],"jetpack_sharing_enabled":true,"_links":{"self":[{"href":"https:\/\/wp.ufpel.edu.br\/bdescolaspelotas\/wp-json\/wp\/v2\/pages\/285","targetHints":{"allow":["GET"]}}],"collection":[{"href":"https:\/\/wp.ufpel.edu.br\/bdescolaspelotas\/wp-json\/wp\/v2\/pages"}],"about":[{"href":"https:\/\/wp.ufpel.edu.br\/bdescolaspelotas\/wp-json\/wp\/v2\/types\/page"}],"author":[{"embeddable":true,"href":"https:\/\/wp.ufpel.edu.br\/bdescolaspelotas\/wp-json\/wp\/v2\/users\/1334"}],"replies":[{"embeddable":true,"href":"https:\/\/wp.ufpel.edu.br\/bdescolaspelotas\/wp-json\/wp\/v2\/comments?post=285"}],"version-history":[{"count":1,"href":"https:\/\/wp.ufpel.edu.br\/bdescolaspelotas\/wp-json\/wp\/v2\/pages\/285\/revisions"}],"predecessor-version":[{"id":287,"href":"https:\/\/wp.ufpel.edu.br\/bdescolaspelotas\/wp-json\/wp\/v2\/pages\/285\/revisions\/287"}],"up":[{"embeddable":true,"href":"https:\/\/wp.ufpel.edu.br\/bdescolaspelotas\/wp-json\/wp\/v2\/pages\/46"}],"wp:attachment":[{"href":"https:\/\/wp.ufpel.edu.br\/bdescolaspelotas\/wp-json\/wp\/v2\/media?parent=285"}],"curies":[{"name":"wp","href":"https:\/\/api.w.org\/{rel}","templated":true}]}}