{"id":279,"date":"2024-02-15T11:03:25","date_gmt":"2024-02-15T14:03:25","guid":{"rendered":"https:\/\/wp.ufpel.edu.br\/bdescolaspelotas\/?page_id=279"},"modified":"2024-02-15T11:03:25","modified_gmt":"2024-02-15T14:03:25","slug":"e-m-e-f-francisco-caruccio","status":"publish","type":"page","link":"https:\/\/wp.ufpel.edu.br\/bdescolaspelotas\/escolasmunicipais\/emefs\/e-m-e-f-francisco-caruccio\/","title":{"rendered":"E.M.E.F. Francisco Caruccio"},"content":{"rendered":"<p><strong>Nome:<\/strong>E.M.E.F. Francisco Caruccio<\/p>\n<p><span style=\"font-weight: 400;\"><strong>Diretor(a):<\/strong> Alexandre Lemos Vieira<\/span><\/p>\n<p><span style=\"font-weight: 400;\"><strong>Endere\u00e7o:<\/strong> Leopoldo Brod, 3220, Bairro: Pestano<\/span><\/p>\n<p><span style=\"font-weight: 400;\"><strong>Telefone:<\/strong> 053-32291130<\/span><\/p>\n<p><strong>E-mail: <\/strong><a href=\"mailto:escolacaruccio@hotmail.com\"><span style=\"font-weight: 400;\">escolacaruccio@hotmail.com<\/span><\/a><\/p>\n<p><span style=\"font-weight: 400;\"><strong>Servi\u00e7os:<\/strong> Atendimento a alunos da Educa\u00e7\u00e3o Infantil (pr\u00e9 1 e 2), Ensino Fundamental (1\u00ba ao 9\u00ba ano) e EJA ( Educa\u00e7\u00e3o de Jovens e Adultos) Total de 949 alunos em out\/2022 Ed Infantil- 69 Ens. fund &#8211; 687 EJA-193<\/span><\/p>\n<p>&nbsp;<\/p>\n","protected":false},"excerpt":{"rendered":"<p>Nome:E.M.E.F. Francisco Caruccio Diretor(a): Alexandre Lemos Vieira Endere\u00e7o: Leopoldo Brod, 3220, Bairro: Pestano Telefone: 053-32291130 E-mail: escolacaruccio@hotmail.com Servi\u00e7os: Atendimento a alunos da Educa\u00e7\u00e3o Infantil (pr\u00e9 1 e 2), Ensino Fundamental (1\u00ba ao 9\u00ba ano) e EJA ( Educa\u00e7\u00e3o de Jovens&#8230; <a class=\"more-link\" href=\"https:\/\/wp.ufpel.edu.br\/bdescolaspelotas\/escolasmunicipais\/emefs\/e-m-e-f-francisco-caruccio\/\">Continue lendo &rarr;<\/a><\/p>\n","protected":false},"author":1334,"featured_media":0,"parent":46,"menu_order":0,"comment_status":"closed","ping_status":"closed","template":"","meta":{"footnotes":""},"class_list":["post-279","page","type-page","status-publish","hentry"],"jetpack_sharing_enabled":true,"_links":{"self":[{"href":"https:\/\/wp.ufpel.edu.br\/bdescolaspelotas\/wp-json\/wp\/v2\/pages\/279","targetHints":{"allow":["GET"]}}],"collection":[{"href":"https:\/\/wp.ufpel.edu.br\/bdescolaspelotas\/wp-json\/wp\/v2\/pages"}],"about":[{"href":"https:\/\/wp.ufpel.edu.br\/bdescolaspelotas\/wp-json\/wp\/v2\/types\/page"}],"author":[{"embeddable":true,"href":"https:\/\/wp.ufpel.edu.br\/bdescolaspelotas\/wp-json\/wp\/v2\/users\/1334"}],"replies":[{"embeddable":true,"href":"https:\/\/wp.ufpel.edu.br\/bdescolaspelotas\/wp-json\/wp\/v2\/comments?post=279"}],"version-history":[{"count":1,"href":"https:\/\/wp.ufpel.edu.br\/bdescolaspelotas\/wp-json\/wp\/v2\/pages\/279\/revisions"}],"predecessor-version":[{"id":281,"href":"https:\/\/wp.ufpel.edu.br\/bdescolaspelotas\/wp-json\/wp\/v2\/pages\/279\/revisions\/281"}],"up":[{"embeddable":true,"href":"https:\/\/wp.ufpel.edu.br\/bdescolaspelotas\/wp-json\/wp\/v2\/pages\/46"}],"wp:attachment":[{"href":"https:\/\/wp.ufpel.edu.br\/bdescolaspelotas\/wp-json\/wp\/v2\/media?parent=279"}],"curies":[{"name":"wp","href":"https:\/\/api.w.org\/{rel}","templated":true}]}}