{"id":276,"date":"2024-02-15T11:01:06","date_gmt":"2024-02-15T14:01:06","guid":{"rendered":"https:\/\/wp.ufpel.edu.br\/bdescolaspelotas\/?page_id=276"},"modified":"2024-02-15T11:02:30","modified_gmt":"2024-02-15T14:02:30","slug":"e-m-e-f-ferreira-vianna","status":"publish","type":"page","link":"https:\/\/wp.ufpel.edu.br\/bdescolaspelotas\/escolasmunicipais\/emefs\/e-m-e-f-ferreira-vianna\/","title":{"rendered":"E.M.E.F. Ferreira Vianna"},"content":{"rendered":"<p><strong>Nome:\u00a0<\/strong>E.M.E.F. Ferreira Vianna<\/p>\n<p><span style=\"font-weight: 400;\"><strong>Diretor(a):<\/strong> Amanda Anthonielsen da Luz<\/span><\/p>\n<p><span style=\"font-weight: 400;\"><strong>Endere\u00e7o:<\/strong> It\u00e1lia , 86 , Bairro: Centro\/porto<\/span><\/p>\n<p><span style=\"font-weight: 400;\"><strong>Telefone:<\/strong> 053-32222544<\/span><\/p>\n<p><strong>E-mail: <\/strong><a href=\"mailto:escolaferreiravianna@hotmail.com\"><span style=\"font-weight: 400;\">escolaferreiravianna@hotmail.com<\/span><\/a><\/p>\n<p><span style=\"font-weight: 400;\"><strong>Servi\u00e7os:<\/strong> Atendimento a alunos de Educa\u00e7\u00e3o Infantil ( pr\u00e9 1 e 2), Ensino Fundamental (1\u00ba a 9\u00ba ano) e EJA ( Educa\u00e7\u00e3o para Jovens e Adultos) Total de 593 alunos em out\/2022, sendo 57 de Ed Infantil, 94 alunos da EJA e 442 do Ensino Fundamental<\/span><\/p>\n","protected":false},"excerpt":{"rendered":"<p>Nome:\u00a0E.M.E.F. Ferreira Vianna Diretor(a): Amanda Anthonielsen da Luz Endere\u00e7o: It\u00e1lia , 86 , Bairro: Centro\/porto Telefone: 053-32222544 E-mail: escolaferreiravianna@hotmail.com Servi\u00e7os: Atendimento a alunos de Educa\u00e7\u00e3o Infantil ( pr\u00e9 1 e 2), Ensino Fundamental (1\u00ba a 9\u00ba ano) e EJA (&#8230; <a class=\"more-link\" href=\"https:\/\/wp.ufpel.edu.br\/bdescolaspelotas\/escolasmunicipais\/emefs\/e-m-e-f-ferreira-vianna\/\">Continue lendo &rarr;<\/a><\/p>\n","protected":false},"author":1334,"featured_media":0,"parent":46,"menu_order":0,"comment_status":"closed","ping_status":"closed","template":"","meta":{"footnotes":""},"class_list":["post-276","page","type-page","status-publish","hentry"],"jetpack_sharing_enabled":true,"_links":{"self":[{"href":"https:\/\/wp.ufpel.edu.br\/bdescolaspelotas\/wp-json\/wp\/v2\/pages\/276","targetHints":{"allow":["GET"]}}],"collection":[{"href":"https:\/\/wp.ufpel.edu.br\/bdescolaspelotas\/wp-json\/wp\/v2\/pages"}],"about":[{"href":"https:\/\/wp.ufpel.edu.br\/bdescolaspelotas\/wp-json\/wp\/v2\/types\/page"}],"author":[{"embeddable":true,"href":"https:\/\/wp.ufpel.edu.br\/bdescolaspelotas\/wp-json\/wp\/v2\/users\/1334"}],"replies":[{"embeddable":true,"href":"https:\/\/wp.ufpel.edu.br\/bdescolaspelotas\/wp-json\/wp\/v2\/comments?post=276"}],"version-history":[{"count":1,"href":"https:\/\/wp.ufpel.edu.br\/bdescolaspelotas\/wp-json\/wp\/v2\/pages\/276\/revisions"}],"predecessor-version":[{"id":278,"href":"https:\/\/wp.ufpel.edu.br\/bdescolaspelotas\/wp-json\/wp\/v2\/pages\/276\/revisions\/278"}],"up":[{"embeddable":true,"href":"https:\/\/wp.ufpel.edu.br\/bdescolaspelotas\/wp-json\/wp\/v2\/pages\/46"}],"wp:attachment":[{"href":"https:\/\/wp.ufpel.edu.br\/bdescolaspelotas\/wp-json\/wp\/v2\/media?parent=276"}],"curies":[{"name":"wp","href":"https:\/\/api.w.org\/{rel}","templated":true}]}}