{"id":268,"date":"2024-02-15T10:57:32","date_gmt":"2024-02-15T13:57:32","guid":{"rendered":"https:\/\/wp.ufpel.edu.br\/bdescolaspelotas\/?page_id=268"},"modified":"2024-02-15T10:59:15","modified_gmt":"2024-02-15T13:59:15","slug":"e-m-e-f-erasmo-braga","status":"publish","type":"page","link":"https:\/\/wp.ufpel.edu.br\/bdescolaspelotas\/escolasmunicipais\/emefs\/e-m-e-f-erasmo-braga\/","title":{"rendered":"E.M.E.F. Erasmo Braga"},"content":{"rendered":"<p><b>Nome:<\/b> E.M.E.F. Erasmo Braga<\/p>\n<p><span style=\"font-weight: 400;\"><strong>Diretor(a):<\/strong> Maria Cristina Freitas da Silva<\/span><\/p>\n<p><span style=\"font-weight: 400;\"><strong>Endere\u00e7o:<\/strong> Quilombo &#8211; Col , s\/n , Bairro: S\u00e9timo distrito<\/span><\/p>\n<p><span style=\"font-weight: 400;\"><strong>Telefone<\/strong>: 053-984292904<\/span><\/p>\n<p><strong>E-mail: <\/strong><a href=\"mailto:mcrissilva88@yahoo.com.br\"><span style=\"font-weight: 400;\">mcrissilva88@yahoo.com.br<\/span><\/a><span style=\"font-weight: 400;\">\u00a0<\/span><\/p>\n<p><span style=\"font-weight: 400;\"><strong>Servi\u00e7os:<\/strong> Atendimento de alunos da Educa\u00e7\u00e3o Infantil (pr\u00e9 1 e 2) Ensino Fundamental de 1\u00ba ao 5\u00ba ano Total de alunos 33 alunos em out\/2022, sendo 10 alunos da Ed. Infantil e 23 do Ensino Fundamental.<\/span><\/p>\n","protected":false},"excerpt":{"rendered":"<p>Nome: E.M.E.F. Erasmo Braga Diretor(a): Maria Cristina Freitas da Silva Endere\u00e7o: Quilombo &#8211; Col , s\/n , Bairro: S\u00e9timo distrito Telefone: 053-984292904 E-mail: mcrissilva88@yahoo.com.br\u00a0 Servi\u00e7os: Atendimento de alunos da Educa\u00e7\u00e3o Infantil (pr\u00e9 1 e 2) Ensino Fundamental de 1\u00ba ao&#8230; <a class=\"more-link\" href=\"https:\/\/wp.ufpel.edu.br\/bdescolaspelotas\/escolasmunicipais\/emefs\/e-m-e-f-erasmo-braga\/\">Continue lendo &rarr;<\/a><\/p>\n","protected":false},"author":1334,"featured_media":0,"parent":46,"menu_order":0,"comment_status":"closed","ping_status":"closed","template":"","meta":{"footnotes":""},"class_list":["post-268","page","type-page","status-publish","hentry"],"jetpack_sharing_enabled":true,"_links":{"self":[{"href":"https:\/\/wp.ufpel.edu.br\/bdescolaspelotas\/wp-json\/wp\/v2\/pages\/268","targetHints":{"allow":["GET"]}}],"collection":[{"href":"https:\/\/wp.ufpel.edu.br\/bdescolaspelotas\/wp-json\/wp\/v2\/pages"}],"about":[{"href":"https:\/\/wp.ufpel.edu.br\/bdescolaspelotas\/wp-json\/wp\/v2\/types\/page"}],"author":[{"embeddable":true,"href":"https:\/\/wp.ufpel.edu.br\/bdescolaspelotas\/wp-json\/wp\/v2\/users\/1334"}],"replies":[{"embeddable":true,"href":"https:\/\/wp.ufpel.edu.br\/bdescolaspelotas\/wp-json\/wp\/v2\/comments?post=268"}],"version-history":[{"count":3,"href":"https:\/\/wp.ufpel.edu.br\/bdescolaspelotas\/wp-json\/wp\/v2\/pages\/268\/revisions"}],"predecessor-version":[{"id":272,"href":"https:\/\/wp.ufpel.edu.br\/bdescolaspelotas\/wp-json\/wp\/v2\/pages\/268\/revisions\/272"}],"up":[{"embeddable":true,"href":"https:\/\/wp.ufpel.edu.br\/bdescolaspelotas\/wp-json\/wp\/v2\/pages\/46"}],"wp:attachment":[{"href":"https:\/\/wp.ufpel.edu.br\/bdescolaspelotas\/wp-json\/wp\/v2\/media?parent=268"}],"curies":[{"name":"wp","href":"https:\/\/api.w.org\/{rel}","templated":true}]}}