{"id":254,"date":"2023-12-05T11:32:55","date_gmt":"2023-12-05T14:32:55","guid":{"rendered":"https:\/\/wp.ufpel.edu.br\/bdescolaspelotas\/?page_id=254"},"modified":"2023-12-05T11:32:55","modified_gmt":"2023-12-05T14:32:55","slug":"professor-luis-artur-borges-pereira","status":"publish","type":"page","link":"https:\/\/wp.ufpel.edu.br\/bdescolaspelotas\/escolasmunicipais\/emeis\/professor-luis-artur-borges-pereira\/","title":{"rendered":"Professor Luis Artur Borges Pereira"},"content":{"rendered":"<p><b>Nome: <\/b>Professor Luis Artur Borges Pereira<\/p>\n<p><span style=\"font-weight: 400;\"><strong>Diretor(a):<\/strong> Luciane Cavalheiro Mendes<\/span><\/p>\n<p><span style=\"font-weight: 400;\"><strong>Endere\u00e7o:<\/strong> Ildefonso Sim\u00f5es Lopes , 5062 , Bairro: Sanga funda<\/span><\/p>\n<p><span style=\"font-weight: 400;\"><strong>Telefone:<\/strong> 053-32791382<\/span><\/p>\n<p><span style=\"font-weight: 400;\"><strong>E-mail:<\/strong> emeiluisarturbp@gmail.com<\/span><\/p>\n<p><span style=\"font-weight: 400;\"><strong>Servi\u00e7os:<\/strong> Atende 133 alunos, sendo 79 de pr\u00e9-escola.<\/span><\/p>\n","protected":false},"excerpt":{"rendered":"<p>Nome: Professor Luis Artur Borges Pereira Diretor(a): Luciane Cavalheiro Mendes Endere\u00e7o: Ildefonso Sim\u00f5es Lopes , 5062 , Bairro: Sanga funda Telefone: 053-32791382 E-mail: emeiluisarturbp@gmail.com Servi\u00e7os: Atende 133 alunos, sendo 79 de pr\u00e9-escola.<\/p>\n","protected":false},"author":1334,"featured_media":0,"parent":7,"menu_order":0,"comment_status":"closed","ping_status":"closed","template":"","meta":{"footnotes":""},"class_list":["post-254","page","type-page","status-publish","hentry"],"jetpack_sharing_enabled":true,"_links":{"self":[{"href":"https:\/\/wp.ufpel.edu.br\/bdescolaspelotas\/wp-json\/wp\/v2\/pages\/254","targetHints":{"allow":["GET"]}}],"collection":[{"href":"https:\/\/wp.ufpel.edu.br\/bdescolaspelotas\/wp-json\/wp\/v2\/pages"}],"about":[{"href":"https:\/\/wp.ufpel.edu.br\/bdescolaspelotas\/wp-json\/wp\/v2\/types\/page"}],"author":[{"embeddable":true,"href":"https:\/\/wp.ufpel.edu.br\/bdescolaspelotas\/wp-json\/wp\/v2\/users\/1334"}],"replies":[{"embeddable":true,"href":"https:\/\/wp.ufpel.edu.br\/bdescolaspelotas\/wp-json\/wp\/v2\/comments?post=254"}],"version-history":[{"count":1,"href":"https:\/\/wp.ufpel.edu.br\/bdescolaspelotas\/wp-json\/wp\/v2\/pages\/254\/revisions"}],"predecessor-version":[{"id":256,"href":"https:\/\/wp.ufpel.edu.br\/bdescolaspelotas\/wp-json\/wp\/v2\/pages\/254\/revisions\/256"}],"up":[{"embeddable":true,"href":"https:\/\/wp.ufpel.edu.br\/bdescolaspelotas\/wp-json\/wp\/v2\/pages\/7"}],"wp:attachment":[{"href":"https:\/\/wp.ufpel.edu.br\/bdescolaspelotas\/wp-json\/wp\/v2\/media?parent=254"}],"curies":[{"name":"wp","href":"https:\/\/api.w.org\/{rel}","templated":true}]}}