{"id":251,"date":"2023-12-05T11:32:26","date_gmt":"2023-12-05T14:32:26","guid":{"rendered":"https:\/\/wp.ufpel.edu.br\/bdescolaspelotas\/?page_id=251"},"modified":"2023-12-05T11:32:26","modified_gmt":"2023-12-05T14:32:26","slug":"prefeito-ary-alcantara","status":"publish","type":"page","link":"https:\/\/wp.ufpel.edu.br\/bdescolaspelotas\/escolasmunicipais\/emeis\/prefeito-ary-alcantara\/","title":{"rendered":"Prefeito Ary Alc\u00e2ntara"},"content":{"rendered":"<p><b>Nome: <\/b>Prefeito Ary Alc\u00e2ntara<\/p>\n<p><span style=\"font-weight: 400;\"><strong>Diretor(a):<\/strong> Rita de F\u00e1tima Geisler<\/span><\/p>\n<p><span style=\"font-weight: 400;\"><strong>Endere\u00e7o:<\/strong> Mario Meneghetti , 1380 , Bairro: F\u00e1tima<\/span><\/p>\n<p><span style=\"font-weight: 400;\"><strong>Telefone:<\/strong> 053-32793790<\/span><\/p>\n<p><span style=\"font-weight: 400;\"><strong>E-mail:<\/strong> emeiaryalcantara@gmail.com<\/span><\/p>\n<p><span style=\"font-weight: 400;\"><strong>Servi\u00e7os:<\/strong> Atende 77 alunos, sendo 19 ber\u00e7\u00e1rio e 58 maternal.<\/span><\/p>\n","protected":false},"excerpt":{"rendered":"<p>Nome: Prefeito Ary Alc\u00e2ntara Diretor(a): Rita de F\u00e1tima Geisler Endere\u00e7o: Mario Meneghetti , 1380 , Bairro: F\u00e1tima Telefone: 053-32793790 E-mail: emeiaryalcantara@gmail.com Servi\u00e7os: Atende 77 alunos, sendo 19 ber\u00e7\u00e1rio e 58 maternal.<\/p>\n","protected":false},"author":1334,"featured_media":0,"parent":7,"menu_order":0,"comment_status":"closed","ping_status":"closed","template":"","meta":{"footnotes":""},"class_list":["post-251","page","type-page","status-publish","hentry"],"jetpack_sharing_enabled":true,"_links":{"self":[{"href":"https:\/\/wp.ufpel.edu.br\/bdescolaspelotas\/wp-json\/wp\/v2\/pages\/251","targetHints":{"allow":["GET"]}}],"collection":[{"href":"https:\/\/wp.ufpel.edu.br\/bdescolaspelotas\/wp-json\/wp\/v2\/pages"}],"about":[{"href":"https:\/\/wp.ufpel.edu.br\/bdescolaspelotas\/wp-json\/wp\/v2\/types\/page"}],"author":[{"embeddable":true,"href":"https:\/\/wp.ufpel.edu.br\/bdescolaspelotas\/wp-json\/wp\/v2\/users\/1334"}],"replies":[{"embeddable":true,"href":"https:\/\/wp.ufpel.edu.br\/bdescolaspelotas\/wp-json\/wp\/v2\/comments?post=251"}],"version-history":[{"count":1,"href":"https:\/\/wp.ufpel.edu.br\/bdescolaspelotas\/wp-json\/wp\/v2\/pages\/251\/revisions"}],"predecessor-version":[{"id":253,"href":"https:\/\/wp.ufpel.edu.br\/bdescolaspelotas\/wp-json\/wp\/v2\/pages\/251\/revisions\/253"}],"up":[{"embeddable":true,"href":"https:\/\/wp.ufpel.edu.br\/bdescolaspelotas\/wp-json\/wp\/v2\/pages\/7"}],"wp:attachment":[{"href":"https:\/\/wp.ufpel.edu.br\/bdescolaspelotas\/wp-json\/wp\/v2\/media?parent=251"}],"curies":[{"name":"wp","href":"https:\/\/api.w.org\/{rel}","templated":true}]}}