{"id":233,"date":"2023-12-05T11:28:58","date_gmt":"2023-12-05T14:28:58","guid":{"rendered":"https:\/\/wp.ufpel.edu.br\/bdescolaspelotas\/?page_id=233"},"modified":"2023-12-05T11:28:58","modified_gmt":"2023-12-05T14:28:58","slug":"e-m-e-i-oswald-de-andrade","status":"publish","type":"page","link":"https:\/\/wp.ufpel.edu.br\/bdescolaspelotas\/escolasmunicipais\/emeis\/e-m-e-i-oswald-de-andrade\/","title":{"rendered":"E.M.E.I. Oswald de Andrade"},"content":{"rendered":"<p><b>Nome: <\/b>E.M.E.I. Oswald de Andrade<\/p>\n<p><span style=\"font-weight: 400;\"><strong>Diretor(a):<\/strong> Caren Vieira Lopes<\/span><\/p>\n<p><span style=\"font-weight: 400;\"><strong>Endere\u00e7o:<\/strong> Aratiba &#8211; P\u00e7a , 30 , Bairro: Barro duro<\/span><\/p>\n<p><span style=\"font-weight: 400;\"><strong>Telefone:<\/strong> 053-32269793<\/span><\/p>\n<p><span style=\"font-weight: 400;\"><strong>E-mail:<\/strong> oswalddeandradeemei@gmail.com<\/span><\/p>\n<p><span style=\"font-weight: 400;\"><strong>Servi\u00e7os:<\/strong> Atendimento a alunos da Educa\u00e7\u00e3o Infantil Etapa creche- Ber\u00e7\u00e1rio- Maternal-1 e 2; Etapa Pr\u00e9- escola- 1 e 2 total de 154 alunos, sendo 106 de pr\u00e9 escola.<\/span><\/p>\n","protected":false},"excerpt":{"rendered":"<p>Nome: E.M.E.I. Oswald de Andrade Diretor(a): Caren Vieira Lopes Endere\u00e7o: Aratiba &#8211; P\u00e7a , 30 , Bairro: Barro duro Telefone: 053-32269793 E-mail: oswalddeandradeemei@gmail.com Servi\u00e7os: Atendimento a alunos da Educa\u00e7\u00e3o Infantil Etapa creche- Ber\u00e7\u00e1rio- Maternal-1 e 2; Etapa Pr\u00e9- escola- 1&#8230; <a class=\"more-link\" href=\"https:\/\/wp.ufpel.edu.br\/bdescolaspelotas\/escolasmunicipais\/emeis\/e-m-e-i-oswald-de-andrade\/\">Continue lendo &rarr;<\/a><\/p>\n","protected":false},"author":1334,"featured_media":0,"parent":7,"menu_order":0,"comment_status":"closed","ping_status":"closed","template":"","meta":{"footnotes":""},"class_list":["post-233","page","type-page","status-publish","hentry"],"jetpack_sharing_enabled":true,"_links":{"self":[{"href":"https:\/\/wp.ufpel.edu.br\/bdescolaspelotas\/wp-json\/wp\/v2\/pages\/233","targetHints":{"allow":["GET"]}}],"collection":[{"href":"https:\/\/wp.ufpel.edu.br\/bdescolaspelotas\/wp-json\/wp\/v2\/pages"}],"about":[{"href":"https:\/\/wp.ufpel.edu.br\/bdescolaspelotas\/wp-json\/wp\/v2\/types\/page"}],"author":[{"embeddable":true,"href":"https:\/\/wp.ufpel.edu.br\/bdescolaspelotas\/wp-json\/wp\/v2\/users\/1334"}],"replies":[{"embeddable":true,"href":"https:\/\/wp.ufpel.edu.br\/bdescolaspelotas\/wp-json\/wp\/v2\/comments?post=233"}],"version-history":[{"count":1,"href":"https:\/\/wp.ufpel.edu.br\/bdescolaspelotas\/wp-json\/wp\/v2\/pages\/233\/revisions"}],"predecessor-version":[{"id":235,"href":"https:\/\/wp.ufpel.edu.br\/bdescolaspelotas\/wp-json\/wp\/v2\/pages\/233\/revisions\/235"}],"up":[{"embeddable":true,"href":"https:\/\/wp.ufpel.edu.br\/bdescolaspelotas\/wp-json\/wp\/v2\/pages\/7"}],"wp:attachment":[{"href":"https:\/\/wp.ufpel.edu.br\/bdescolaspelotas\/wp-json\/wp\/v2\/media?parent=233"}],"curies":[{"name":"wp","href":"https:\/\/api.w.org\/{rel}","templated":true}]}}