{"id":219,"date":"2023-12-05T11:26:24","date_gmt":"2023-12-05T14:26:24","guid":{"rendered":"https:\/\/wp.ufpel.edu.br\/bdescolaspelotas\/?page_id=219"},"modified":"2023-12-05T11:26:29","modified_gmt":"2023-12-05T14:26:29","slug":"e-m-e-i-mario-osorio-magalhaes","status":"publish","type":"page","link":"https:\/\/wp.ufpel.edu.br\/bdescolaspelotas\/escolasmunicipais\/emeis\/e-m-e-i-mario-osorio-magalhaes\/","title":{"rendered":"E.M.E.I M\u00e1rio Os\u00f3rio Magalh\u00e3es"},"content":{"rendered":"<p><b>Nome: <\/b>E.M.E.I M\u00e1rio Os\u00f3rio Magalh\u00e3es<\/p>\n<p><span style=\"font-weight: 400;\"><strong>Diretor(a):<\/strong> Angela Samira Haddad<\/span><\/p>\n<p><span style=\"font-weight: 400;\"><strong>Endere\u00e7o:<\/strong> F\u00e9lix Da Cunha , 909 , Bairro: Centro<\/span><\/p>\n<p><span style=\"font-weight: 400;\"><strong>Telefone:<\/strong> 53-32286508<\/span><\/p>\n<p><span style=\"font-weight: 400;\"><strong>E-mail:<\/strong> marioosoriomagalhaes@gmail.com<\/span><\/p>\n<p><span style=\"font-weight: 400;\"><strong>Servi\u00e7os:<\/strong> Atendimento de alunos da educa\u00e7\u00e3o Infantil Etapa Creche 43 Ber\u00e7\u00e1rio, 35 Maternal 1 e 49 maternal 2 Total 127 alunos<\/span><\/p>\n<p>&nbsp;<\/p>\n","protected":false},"excerpt":{"rendered":"<p>Nome: E.M.E.I M\u00e1rio Os\u00f3rio Magalh\u00e3es Diretor(a): Angela Samira Haddad Endere\u00e7o: F\u00e9lix Da Cunha , 909 , Bairro: Centro Telefone: 53-32286508 E-mail: marioosoriomagalhaes@gmail.com Servi\u00e7os: Atendimento de alunos da educa\u00e7\u00e3o Infantil Etapa Creche 43 Ber\u00e7\u00e1rio, 35 Maternal 1 e 49 maternal 2&#8230; <a class=\"more-link\" href=\"https:\/\/wp.ufpel.edu.br\/bdescolaspelotas\/escolasmunicipais\/emeis\/e-m-e-i-mario-osorio-magalhaes\/\">Continue lendo &rarr;<\/a><\/p>\n","protected":false},"author":1334,"featured_media":0,"parent":7,"menu_order":0,"comment_status":"closed","ping_status":"closed","template":"","meta":{"footnotes":""},"class_list":["post-219","page","type-page","status-publish","hentry"],"jetpack_sharing_enabled":true,"_links":{"self":[{"href":"https:\/\/wp.ufpel.edu.br\/bdescolaspelotas\/wp-json\/wp\/v2\/pages\/219","targetHints":{"allow":["GET"]}}],"collection":[{"href":"https:\/\/wp.ufpel.edu.br\/bdescolaspelotas\/wp-json\/wp\/v2\/pages"}],"about":[{"href":"https:\/\/wp.ufpel.edu.br\/bdescolaspelotas\/wp-json\/wp\/v2\/types\/page"}],"author":[{"embeddable":true,"href":"https:\/\/wp.ufpel.edu.br\/bdescolaspelotas\/wp-json\/wp\/v2\/users\/1334"}],"replies":[{"embeddable":true,"href":"https:\/\/wp.ufpel.edu.br\/bdescolaspelotas\/wp-json\/wp\/v2\/comments?post=219"}],"version-history":[{"count":2,"href":"https:\/\/wp.ufpel.edu.br\/bdescolaspelotas\/wp-json\/wp\/v2\/pages\/219\/revisions"}],"predecessor-version":[{"id":222,"href":"https:\/\/wp.ufpel.edu.br\/bdescolaspelotas\/wp-json\/wp\/v2\/pages\/219\/revisions\/222"}],"up":[{"embeddable":true,"href":"https:\/\/wp.ufpel.edu.br\/bdescolaspelotas\/wp-json\/wp\/v2\/pages\/7"}],"wp:attachment":[{"href":"https:\/\/wp.ufpel.edu.br\/bdescolaspelotas\/wp-json\/wp\/v2\/media?parent=219"}],"curies":[{"name":"wp","href":"https:\/\/api.w.org\/{rel}","templated":true}]}}