{"id":213,"date":"2023-12-05T11:25:05","date_gmt":"2023-12-05T14:25:05","guid":{"rendered":"https:\/\/wp.ufpel.edu.br\/bdescolaspelotas\/?page_id=213"},"modified":"2023-12-05T11:25:05","modified_gmt":"2023-12-05T14:25:05","slug":"e-m-e-i-marilia-poliesti","status":"publish","type":"page","link":"https:\/\/wp.ufpel.edu.br\/bdescolaspelotas\/escolasmunicipais\/emeis\/e-m-e-i-marilia-poliesti\/","title":{"rendered":"E.M.E.I. Mar\u00edlia Poliesti"},"content":{"rendered":"<p><b>Nome:<\/b> E.M.E.I. Mar\u00edlia Poliesti<\/p>\n<p><span style=\"font-weight: 400;\"><strong>Diretor(a):<\/strong> Lucimar Cardoso Echeverria<\/span><\/p>\n<p><span style=\"font-weight: 400;\"><strong>Endere\u00e7o:<\/strong> Xavier Ferreira , 846 , Bairro: Centro<\/span><\/p>\n<p><span style=\"font-weight: 400;\"><strong>Telefone:<\/strong> 053-32253001<\/span><\/p>\n<p><span style=\"font-weight: 400;\"><strong>E-mail:<\/strong> emeimariliapoliesti@hotmail.com<\/span><\/p>\n<p><span style=\"font-weight: 400;\"><strong>Servi\u00e7os:<\/strong> Atendimento a alunos da Educa\u00e7\u00e3o Infantil Etapa creche- Ber\u00e7\u00e1rio- Maternal-1 e 2; Etapa Pr\u00e9- escola- 1 e 2 total de 80 alunos sendo 39 da pr\u00e9 escola.<\/span><\/p>\n","protected":false},"excerpt":{"rendered":"<p>Nome: E.M.E.I. Mar\u00edlia Poliesti Diretor(a): Lucimar Cardoso Echeverria Endere\u00e7o: Xavier Ferreira , 846 , Bairro: Centro Telefone: 053-32253001 E-mail: emeimariliapoliesti@hotmail.com Servi\u00e7os: Atendimento a alunos da Educa\u00e7\u00e3o Infantil Etapa creche- Ber\u00e7\u00e1rio- Maternal-1 e 2; Etapa Pr\u00e9- escola- 1 e 2 total&#8230; <a class=\"more-link\" href=\"https:\/\/wp.ufpel.edu.br\/bdescolaspelotas\/escolasmunicipais\/emeis\/e-m-e-i-marilia-poliesti\/\">Continue lendo &rarr;<\/a><\/p>\n","protected":false},"author":1334,"featured_media":0,"parent":7,"menu_order":0,"comment_status":"closed","ping_status":"closed","template":"","meta":{"footnotes":""},"class_list":["post-213","page","type-page","status-publish","hentry"],"jetpack_sharing_enabled":true,"_links":{"self":[{"href":"https:\/\/wp.ufpel.edu.br\/bdescolaspelotas\/wp-json\/wp\/v2\/pages\/213","targetHints":{"allow":["GET"]}}],"collection":[{"href":"https:\/\/wp.ufpel.edu.br\/bdescolaspelotas\/wp-json\/wp\/v2\/pages"}],"about":[{"href":"https:\/\/wp.ufpel.edu.br\/bdescolaspelotas\/wp-json\/wp\/v2\/types\/page"}],"author":[{"embeddable":true,"href":"https:\/\/wp.ufpel.edu.br\/bdescolaspelotas\/wp-json\/wp\/v2\/users\/1334"}],"replies":[{"embeddable":true,"href":"https:\/\/wp.ufpel.edu.br\/bdescolaspelotas\/wp-json\/wp\/v2\/comments?post=213"}],"version-history":[{"count":1,"href":"https:\/\/wp.ufpel.edu.br\/bdescolaspelotas\/wp-json\/wp\/v2\/pages\/213\/revisions"}],"predecessor-version":[{"id":215,"href":"https:\/\/wp.ufpel.edu.br\/bdescolaspelotas\/wp-json\/wp\/v2\/pages\/213\/revisions\/215"}],"up":[{"embeddable":true,"href":"https:\/\/wp.ufpel.edu.br\/bdescolaspelotas\/wp-json\/wp\/v2\/pages\/7"}],"wp:attachment":[{"href":"https:\/\/wp.ufpel.edu.br\/bdescolaspelotas\/wp-json\/wp\/v2\/media?parent=213"}],"curies":[{"name":"wp","href":"https:\/\/api.w.org\/{rel}","templated":true}]}}