{"id":210,"date":"2023-12-05T11:24:31","date_gmt":"2023-12-05T14:24:31","guid":{"rendered":"https:\/\/wp.ufpel.edu.br\/bdescolaspelotas\/?page_id=210"},"modified":"2023-12-05T11:24:31","modified_gmt":"2023-12-05T14:24:31","slug":"e-m-e-i-maria-lidia-magliani","status":"publish","type":"page","link":"https:\/\/wp.ufpel.edu.br\/bdescolaspelotas\/escolasmunicipais\/emeis\/e-m-e-i-maria-lidia-magliani\/","title":{"rendered":"E.M.E.I Maria L\u00eddia Magliani"},"content":{"rendered":"<p><b>Nome: <\/b>E.M.E.I Maria L\u00eddia Magliani<\/p>\n<p><span style=\"font-weight: 400;\"><strong>Diretor(a):<\/strong> Luciane Otto Bergman Klug<\/span><\/p>\n<p><span style=\"font-weight: 400;\"><strong>Endere\u00e7o:<\/strong> Ignacio Teixeira Machado , 2355 , Bairro: S\u00edtio Floresta<\/span><\/p>\n<p><span style=\"font-weight: 400;\"><strong>E-mail:<\/strong> marialidiamagliane@gmail.com<\/span><\/p>\n<p><span style=\"font-weight: 400;\"><strong>Servi\u00e7os<\/strong>: atende 171 alunos, sendo 120 de Pr\u00e9-escola.<\/span><\/p>\n","protected":false},"excerpt":{"rendered":"<p>Nome: E.M.E.I Maria L\u00eddia Magliani Diretor(a): Luciane Otto Bergman Klug Endere\u00e7o: Ignacio Teixeira Machado , 2355 , Bairro: S\u00edtio Floresta E-mail: marialidiamagliane@gmail.com Servi\u00e7os: atende 171 alunos, sendo 120 de Pr\u00e9-escola.<\/p>\n","protected":false},"author":1334,"featured_media":0,"parent":7,"menu_order":0,"comment_status":"closed","ping_status":"closed","template":"","meta":{"footnotes":""},"class_list":["post-210","page","type-page","status-publish","hentry"],"jetpack_sharing_enabled":true,"_links":{"self":[{"href":"https:\/\/wp.ufpel.edu.br\/bdescolaspelotas\/wp-json\/wp\/v2\/pages\/210","targetHints":{"allow":["GET"]}}],"collection":[{"href":"https:\/\/wp.ufpel.edu.br\/bdescolaspelotas\/wp-json\/wp\/v2\/pages"}],"about":[{"href":"https:\/\/wp.ufpel.edu.br\/bdescolaspelotas\/wp-json\/wp\/v2\/types\/page"}],"author":[{"embeddable":true,"href":"https:\/\/wp.ufpel.edu.br\/bdescolaspelotas\/wp-json\/wp\/v2\/users\/1334"}],"replies":[{"embeddable":true,"href":"https:\/\/wp.ufpel.edu.br\/bdescolaspelotas\/wp-json\/wp\/v2\/comments?post=210"}],"version-history":[{"count":1,"href":"https:\/\/wp.ufpel.edu.br\/bdescolaspelotas\/wp-json\/wp\/v2\/pages\/210\/revisions"}],"predecessor-version":[{"id":212,"href":"https:\/\/wp.ufpel.edu.br\/bdescolaspelotas\/wp-json\/wp\/v2\/pages\/210\/revisions\/212"}],"up":[{"embeddable":true,"href":"https:\/\/wp.ufpel.edu.br\/bdescolaspelotas\/wp-json\/wp\/v2\/pages\/7"}],"wp:attachment":[{"href":"https:\/\/wp.ufpel.edu.br\/bdescolaspelotas\/wp-json\/wp\/v2\/media?parent=210"}],"curies":[{"name":"wp","href":"https:\/\/api.w.org\/{rel}","templated":true}]}}