{"id":207,"date":"2023-12-05T11:23:57","date_gmt":"2023-12-05T14:23:57","guid":{"rendered":"https:\/\/wp.ufpel.edu.br\/bdescolaspelotas\/?page_id=207"},"modified":"2023-12-05T11:23:57","modified_gmt":"2023-12-05T14:23:57","slug":"e-m-e-i-marechal-ignacio-de-freitas-rolim","status":"publish","type":"page","link":"https:\/\/wp.ufpel.edu.br\/bdescolaspelotas\/escolasmunicipais\/emeis\/e-m-e-i-marechal-ignacio-de-freitas-rolim\/","title":{"rendered":"E.M.E.I. Marechal Ign\u00e1cio de Freitas Rolim"},"content":{"rendered":"<p><b>Nome: <\/b>E.M.E.I. Marechal Ign\u00e1cio de Freitas Rolim<\/p>\n<p><span style=\"font-weight: 400;\"><strong>Diretor(a):<\/strong> Flavia Neves Vaz<\/span><\/p>\n<p><span style=\"font-weight: 400;\"><strong>Endere\u00e7o:<\/strong> Domingos Rodrigues &#8211; P\u00e7a , 32 , Bairro: Porto<\/span><\/p>\n<p><span style=\"font-weight: 400;\"><strong>Telefone:<\/strong> 053-32275332<\/span><\/p>\n<p><span style=\"font-weight: 400;\"><strong>E-mail:<\/strong> emei.marechal_rolim@pelotas.com.br<\/span><\/p>\n<p><span style=\"font-weight: 400;\"><strong>Servi\u00e7os:<\/strong> Atendimento a alunos da Educa\u00e7\u00e3o Infantil Etapa Pr\u00e9- escola- 1 e 2 total de 129 alunos, sendo 87 de pr\u00e9 escola.<\/span><\/p>\n","protected":false},"excerpt":{"rendered":"<p>Nome: E.M.E.I. Marechal Ign\u00e1cio de Freitas Rolim Diretor(a): Flavia Neves Vaz Endere\u00e7o: Domingos Rodrigues &#8211; P\u00e7a , 32 , Bairro: Porto Telefone: 053-32275332 E-mail: emei.marechal_rolim@pelotas.com.br Servi\u00e7os: Atendimento a alunos da Educa\u00e7\u00e3o Infantil Etapa Pr\u00e9- escola- 1 e 2 total de&#8230; <a class=\"more-link\" href=\"https:\/\/wp.ufpel.edu.br\/bdescolaspelotas\/escolasmunicipais\/emeis\/e-m-e-i-marechal-ignacio-de-freitas-rolim\/\">Continue lendo &rarr;<\/a><\/p>\n","protected":false},"author":1334,"featured_media":0,"parent":7,"menu_order":0,"comment_status":"closed","ping_status":"closed","template":"","meta":{"footnotes":""},"class_list":["post-207","page","type-page","status-publish","hentry"],"jetpack_sharing_enabled":true,"_links":{"self":[{"href":"https:\/\/wp.ufpel.edu.br\/bdescolaspelotas\/wp-json\/wp\/v2\/pages\/207","targetHints":{"allow":["GET"]}}],"collection":[{"href":"https:\/\/wp.ufpel.edu.br\/bdescolaspelotas\/wp-json\/wp\/v2\/pages"}],"about":[{"href":"https:\/\/wp.ufpel.edu.br\/bdescolaspelotas\/wp-json\/wp\/v2\/types\/page"}],"author":[{"embeddable":true,"href":"https:\/\/wp.ufpel.edu.br\/bdescolaspelotas\/wp-json\/wp\/v2\/users\/1334"}],"replies":[{"embeddable":true,"href":"https:\/\/wp.ufpel.edu.br\/bdescolaspelotas\/wp-json\/wp\/v2\/comments?post=207"}],"version-history":[{"count":1,"href":"https:\/\/wp.ufpel.edu.br\/bdescolaspelotas\/wp-json\/wp\/v2\/pages\/207\/revisions"}],"predecessor-version":[{"id":209,"href":"https:\/\/wp.ufpel.edu.br\/bdescolaspelotas\/wp-json\/wp\/v2\/pages\/207\/revisions\/209"}],"up":[{"embeddable":true,"href":"https:\/\/wp.ufpel.edu.br\/bdescolaspelotas\/wp-json\/wp\/v2\/pages\/7"}],"wp:attachment":[{"href":"https:\/\/wp.ufpel.edu.br\/bdescolaspelotas\/wp-json\/wp\/v2\/media?parent=207"}],"curies":[{"name":"wp","href":"https:\/\/api.w.org\/{rel}","templated":true}]}}