{"id":198,"date":"2023-12-05T11:22:05","date_gmt":"2023-12-05T14:22:05","guid":{"rendered":"https:\/\/wp.ufpel.edu.br\/bdescolaspelotas\/?page_id=198"},"modified":"2023-12-05T11:34:24","modified_gmt":"2023-12-05T14:34:24","slug":"e-m-e-i-lobo-da-costa","status":"publish","type":"page","link":"https:\/\/wp.ufpel.edu.br\/bdescolaspelotas\/escolasmunicipais\/emeis\/e-m-e-i-lobo-da-costa\/","title":{"rendered":"E.M.E.I. Lobo da Costa"},"content":{"rendered":"<p><b>Nome: <\/b>E.M.E.I. Lobo da Costa<\/p>\n<p><span style=\"font-weight: 400;\"><strong>Diretor(a):<\/strong> Luciana Rossales Farias<\/span><\/p>\n<p><span style=\"font-weight: 400;\"><strong>Endere\u00e7o:<\/strong> Quatorze , 196 , Bairro: Pestano<\/span><\/p>\n<p><span style=\"font-weight: 400;\"><strong>Telefone:<\/strong> 053-32738788<\/span><\/p>\n<p><span style=\"font-weight: 400;\"><strong>E-mail:<\/strong> emeilobodacosta@outlook.com<\/span><\/p>\n<p><span style=\"font-weight: 400;\"><strong>Servi\u00e7os:<\/strong> Escola Municipal de Educa\u00e7\u00e3o Infantil (Ber\u00e7\u00e1rio a Pr\u00e9-2) Total de 117 alunos, sendo 48 de pr\u00e9-escolar.<\/span><\/p>\n","protected":false},"excerpt":{"rendered":"<p>Nome: E.M.E.I. Lobo da Costa Diretor(a): Luciana Rossales Farias Endere\u00e7o: Quatorze , 196 , Bairro: Pestano Telefone: 053-32738788 E-mail: emeilobodacosta@outlook.com Servi\u00e7os: Escola Municipal de Educa\u00e7\u00e3o Infantil (Ber\u00e7\u00e1rio a Pr\u00e9-2) Total de 117 alunos, sendo 48 de pr\u00e9-escolar.<\/p>\n","protected":false},"author":1334,"featured_media":0,"parent":7,"menu_order":0,"comment_status":"closed","ping_status":"closed","template":"","meta":{"footnotes":""},"class_list":["post-198","page","type-page","status-publish","hentry"],"jetpack_sharing_enabled":true,"_links":{"self":[{"href":"https:\/\/wp.ufpel.edu.br\/bdescolaspelotas\/wp-json\/wp\/v2\/pages\/198","targetHints":{"allow":["GET"]}}],"collection":[{"href":"https:\/\/wp.ufpel.edu.br\/bdescolaspelotas\/wp-json\/wp\/v2\/pages"}],"about":[{"href":"https:\/\/wp.ufpel.edu.br\/bdescolaspelotas\/wp-json\/wp\/v2\/types\/page"}],"author":[{"embeddable":true,"href":"https:\/\/wp.ufpel.edu.br\/bdescolaspelotas\/wp-json\/wp\/v2\/users\/1334"}],"replies":[{"embeddable":true,"href":"https:\/\/wp.ufpel.edu.br\/bdescolaspelotas\/wp-json\/wp\/v2\/comments?post=198"}],"version-history":[{"count":2,"href":"https:\/\/wp.ufpel.edu.br\/bdescolaspelotas\/wp-json\/wp\/v2\/pages\/198\/revisions"}],"predecessor-version":[{"id":260,"href":"https:\/\/wp.ufpel.edu.br\/bdescolaspelotas\/wp-json\/wp\/v2\/pages\/198\/revisions\/260"}],"up":[{"embeddable":true,"href":"https:\/\/wp.ufpel.edu.br\/bdescolaspelotas\/wp-json\/wp\/v2\/pages\/7"}],"wp:attachment":[{"href":"https:\/\/wp.ufpel.edu.br\/bdescolaspelotas\/wp-json\/wp\/v2\/media?parent=198"}],"curies":[{"name":"wp","href":"https:\/\/api.w.org\/{rel}","templated":true}]}}