{"id":195,"date":"2023-12-05T11:21:33","date_gmt":"2023-12-05T14:21:33","guid":{"rendered":"https:\/\/wp.ufpel.edu.br\/bdescolaspelotas\/?page_id=195"},"modified":"2023-12-05T11:34:16","modified_gmt":"2023-12-05T14:34:16","slug":"e-m-e-i-jose-lins-do-rego","status":"publish","type":"page","link":"https:\/\/wp.ufpel.edu.br\/bdescolaspelotas\/escolasmunicipais\/emeis\/e-m-e-i-jose-lins-do-rego\/","title":{"rendered":"E.M.E.I. Jos\u00e9 Lins do Rego"},"content":{"rendered":"<p><b>Nome: <\/b>E.M.E.I. Jos\u00e9 Lins do Rego<\/p>\n<p><span style=\"font-weight: 400;\"><strong>Diretor(a):<\/strong> Juliana Bueno Abra\u00e3o Tugne<\/span><\/p>\n<p><span style=\"font-weight: 400;\"><strong>Endere\u00e7o:<\/strong> Itamarac\u00e1 , 690 , Bairro: Areal<\/span><\/p>\n<p><span style=\"font-weight: 400;\"><strong>Telefone:<\/strong> 053-32793704<\/span><\/p>\n<p><span style=\"font-weight: 400;\"><strong>E-mail:<\/strong> emei.joselinsdorego@hotmail.com<\/span><\/p>\n<p><span style=\"font-weight: 400;\"><strong>Servi\u00e7os:<\/strong> Atendimento a alunos da Educa\u00e7\u00e3o Infantil Etapa creche- Ber\u00e7\u00e1rio- Maternal-1 e 2; Etapa Pr\u00e9- escola- 1 e 2 total de 120 alunos sendo 76 da pr\u00e9 escola.<\/span><\/p>\n","protected":false},"excerpt":{"rendered":"<p>Nome: E.M.E.I. Jos\u00e9 Lins do Rego Diretor(a): Juliana Bueno Abra\u00e3o Tugne Endere\u00e7o: Itamarac\u00e1 , 690 , Bairro: Areal Telefone: 053-32793704 E-mail: emei.joselinsdorego@hotmail.com Servi\u00e7os: Atendimento a alunos da Educa\u00e7\u00e3o Infantil Etapa creche- Ber\u00e7\u00e1rio- Maternal-1 e 2; Etapa Pr\u00e9- escola- 1 e&#8230; <a class=\"more-link\" href=\"https:\/\/wp.ufpel.edu.br\/bdescolaspelotas\/escolasmunicipais\/emeis\/e-m-e-i-jose-lins-do-rego\/\">Continue lendo &rarr;<\/a><\/p>\n","protected":false},"author":1334,"featured_media":0,"parent":7,"menu_order":0,"comment_status":"closed","ping_status":"closed","template":"","meta":{"footnotes":""},"class_list":["post-195","page","type-page","status-publish","hentry"],"jetpack_sharing_enabled":true,"_links":{"self":[{"href":"https:\/\/wp.ufpel.edu.br\/bdescolaspelotas\/wp-json\/wp\/v2\/pages\/195","targetHints":{"allow":["GET"]}}],"collection":[{"href":"https:\/\/wp.ufpel.edu.br\/bdescolaspelotas\/wp-json\/wp\/v2\/pages"}],"about":[{"href":"https:\/\/wp.ufpel.edu.br\/bdescolaspelotas\/wp-json\/wp\/v2\/types\/page"}],"author":[{"embeddable":true,"href":"https:\/\/wp.ufpel.edu.br\/bdescolaspelotas\/wp-json\/wp\/v2\/users\/1334"}],"replies":[{"embeddable":true,"href":"https:\/\/wp.ufpel.edu.br\/bdescolaspelotas\/wp-json\/wp\/v2\/comments?post=195"}],"version-history":[{"count":2,"href":"https:\/\/wp.ufpel.edu.br\/bdescolaspelotas\/wp-json\/wp\/v2\/pages\/195\/revisions"}],"predecessor-version":[{"id":259,"href":"https:\/\/wp.ufpel.edu.br\/bdescolaspelotas\/wp-json\/wp\/v2\/pages\/195\/revisions\/259"}],"up":[{"embeddable":true,"href":"https:\/\/wp.ufpel.edu.br\/bdescolaspelotas\/wp-json\/wp\/v2\/pages\/7"}],"wp:attachment":[{"href":"https:\/\/wp.ufpel.edu.br\/bdescolaspelotas\/wp-json\/wp\/v2\/media?parent=195"}],"curies":[{"name":"wp","href":"https:\/\/api.w.org\/{rel}","templated":true}]}}