{"id":191,"date":"2023-12-05T11:20:22","date_gmt":"2023-12-05T14:20:22","guid":{"rendered":"https:\/\/wp.ufpel.edu.br\/bdescolaspelotas\/?page_id=191"},"modified":"2023-12-05T11:34:06","modified_gmt":"2023-12-05T14:34:06","slug":"e-m-e-i-joao-guimaraes-rosa","status":"publish","type":"page","link":"https:\/\/wp.ufpel.edu.br\/bdescolaspelotas\/escolasmunicipais\/emeis\/e-m-e-i-joao-guimaraes-rosa\/","title":{"rendered":"E.M.E.I. Jo\u00e3o Guimar\u00e3es Rosa"},"content":{"rendered":"<p><b>Nome: <\/b>E.M.E.I. Jo\u00e3o Guimar\u00e3es Rosa<\/p>\n<p><span style=\"font-weight: 400;\"><strong>Diretor(a):<\/strong> Roberta Guilherme Pereira<\/span><\/p>\n<p><span style=\"font-weight: 400;\"><strong>Endere\u00e7o:<\/strong> Herbert Hadler , 1310 , Bairro: Distrito industrial<\/span><\/p>\n<p><span style=\"font-weight: 400;\"><strong>Telefone:<\/strong> 053-32710048<\/span><\/p>\n<p><span style=\"font-weight: 400;\"><strong>E-mail:<\/strong> emeijoaog.rosa@gmail.com<\/span><\/p>\n<p><span style=\"font-weight: 400;\"><strong>Servi\u00e7os:<\/strong> Atendimento a alunos da Educa\u00e7\u00e3o Infantil Etapa creche- Ber\u00e7\u00e1rio- Maternal-1 e 2; Etapa Pr\u00e9- escola- 1 e 2 total de 114 alunos sendo 31 da pr\u00e9 escola.<\/span><\/p>\n","protected":false},"excerpt":{"rendered":"<p>Nome: E.M.E.I. Jo\u00e3o Guimar\u00e3es Rosa Diretor(a): Roberta Guilherme Pereira Endere\u00e7o: Herbert Hadler , 1310 , Bairro: Distrito industrial Telefone: 053-32710048 E-mail: emeijoaog.rosa@gmail.com Servi\u00e7os: Atendimento a alunos da Educa\u00e7\u00e3o Infantil Etapa creche- Ber\u00e7\u00e1rio- Maternal-1 e 2; Etapa Pr\u00e9- escola- 1 e&#8230; <a class=\"more-link\" href=\"https:\/\/wp.ufpel.edu.br\/bdescolaspelotas\/escolasmunicipais\/emeis\/e-m-e-i-joao-guimaraes-rosa\/\">Continue lendo &rarr;<\/a><\/p>\n","protected":false},"author":1334,"featured_media":0,"parent":7,"menu_order":0,"comment_status":"closed","ping_status":"closed","template":"","meta":{"footnotes":""},"class_list":["post-191","page","type-page","status-publish","hentry"],"jetpack_sharing_enabled":true,"_links":{"self":[{"href":"https:\/\/wp.ufpel.edu.br\/bdescolaspelotas\/wp-json\/wp\/v2\/pages\/191","targetHints":{"allow":["GET"]}}],"collection":[{"href":"https:\/\/wp.ufpel.edu.br\/bdescolaspelotas\/wp-json\/wp\/v2\/pages"}],"about":[{"href":"https:\/\/wp.ufpel.edu.br\/bdescolaspelotas\/wp-json\/wp\/v2\/types\/page"}],"author":[{"embeddable":true,"href":"https:\/\/wp.ufpel.edu.br\/bdescolaspelotas\/wp-json\/wp\/v2\/users\/1334"}],"replies":[{"embeddable":true,"href":"https:\/\/wp.ufpel.edu.br\/bdescolaspelotas\/wp-json\/wp\/v2\/comments?post=191"}],"version-history":[{"count":2,"href":"https:\/\/wp.ufpel.edu.br\/bdescolaspelotas\/wp-json\/wp\/v2\/pages\/191\/revisions"}],"predecessor-version":[{"id":258,"href":"https:\/\/wp.ufpel.edu.br\/bdescolaspelotas\/wp-json\/wp\/v2\/pages\/191\/revisions\/258"}],"up":[{"embeddable":true,"href":"https:\/\/wp.ufpel.edu.br\/bdescolaspelotas\/wp-json\/wp\/v2\/pages\/7"}],"wp:attachment":[{"href":"https:\/\/wp.ufpel.edu.br\/bdescolaspelotas\/wp-json\/wp\/v2\/media?parent=191"}],"curies":[{"name":"wp","href":"https:\/\/api.w.org\/{rel}","templated":true}]}}