{"id":161,"date":"2023-12-05T11:13:01","date_gmt":"2023-12-05T14:13:01","guid":{"rendered":"https:\/\/wp.ufpel.edu.br\/bdescolaspelotas\/?page_id=161"},"modified":"2023-12-05T11:13:14","modified_gmt":"2023-12-05T14:13:14","slug":"e-m-e-i-albina-peres","status":"publish","type":"page","link":"https:\/\/wp.ufpel.edu.br\/bdescolaspelotas\/escolasmunicipais\/emeis\/e-m-e-i-albina-peres\/","title":{"rendered":"E.M.E.I. Albina Peres"},"content":{"rendered":"<p><b>Nome: <\/b>E.M.E.I. Albina Peres<\/p>\n<p><span style=\"font-weight: 400;\"><strong>Diretor(a):<\/strong> Maria Eduarda Fortuna de Freitas<\/span><\/p>\n<p><span style=\"font-weight: 400;\"><strong>Endere\u00e7o:<\/strong> Raposo Tavares , S\/N , Bairro: Areal<\/span><\/p>\n<p><span style=\"font-weight: 400;\"><strong>Telefone:<\/strong> 053-32288575<\/span><\/p>\n<p><span style=\"font-weight: 400;\"><strong>E-mail:<\/strong> emeialbinaperes@hotmail.com<\/span><\/p>\n<p><span style=\"font-weight: 400;\"><strong>Servi\u00e7os:<\/strong> Atendimento a alunos da Educa\u00e7\u00e3o Infantil Etapa creche-Ber\u00e7\u00e1rio, Maternal-1 e 2; Etapa Pr\u00e9- escola- 1 e 2 total de 106 alunos sendo 48 da pr\u00e9 escola.<\/span><\/p>\n","protected":false},"excerpt":{"rendered":"<p>Nome: E.M.E.I. Albina Peres Diretor(a): Maria Eduarda Fortuna de Freitas Endere\u00e7o: Raposo Tavares , S\/N , Bairro: Areal Telefone: 053-32288575 E-mail: emeialbinaperes@hotmail.com Servi\u00e7os: Atendimento a alunos da Educa\u00e7\u00e3o Infantil Etapa creche-Ber\u00e7\u00e1rio, Maternal-1 e 2; Etapa Pr\u00e9- escola- 1 e 2&#8230; <a class=\"more-link\" href=\"https:\/\/wp.ufpel.edu.br\/bdescolaspelotas\/escolasmunicipais\/emeis\/e-m-e-i-albina-peres\/\">Continue lendo &rarr;<\/a><\/p>\n","protected":false},"author":1334,"featured_media":0,"parent":7,"menu_order":0,"comment_status":"closed","ping_status":"closed","template":"","meta":{"footnotes":""},"class_list":["post-161","page","type-page","status-publish","hentry"],"jetpack_sharing_enabled":true,"_links":{"self":[{"href":"https:\/\/wp.ufpel.edu.br\/bdescolaspelotas\/wp-json\/wp\/v2\/pages\/161","targetHints":{"allow":["GET"]}}],"collection":[{"href":"https:\/\/wp.ufpel.edu.br\/bdescolaspelotas\/wp-json\/wp\/v2\/pages"}],"about":[{"href":"https:\/\/wp.ufpel.edu.br\/bdescolaspelotas\/wp-json\/wp\/v2\/types\/page"}],"author":[{"embeddable":true,"href":"https:\/\/wp.ufpel.edu.br\/bdescolaspelotas\/wp-json\/wp\/v2\/users\/1334"}],"replies":[{"embeddable":true,"href":"https:\/\/wp.ufpel.edu.br\/bdescolaspelotas\/wp-json\/wp\/v2\/comments?post=161"}],"version-history":[{"count":1,"href":"https:\/\/wp.ufpel.edu.br\/bdescolaspelotas\/wp-json\/wp\/v2\/pages\/161\/revisions"}],"predecessor-version":[{"id":163,"href":"https:\/\/wp.ufpel.edu.br\/bdescolaspelotas\/wp-json\/wp\/v2\/pages\/161\/revisions\/163"}],"up":[{"embeddable":true,"href":"https:\/\/wp.ufpel.edu.br\/bdescolaspelotas\/wp-json\/wp\/v2\/pages\/7"}],"wp:attachment":[{"href":"https:\/\/wp.ufpel.edu.br\/bdescolaspelotas\/wp-json\/wp\/v2\/media?parent=161"}],"curies":[{"name":"wp","href":"https:\/\/api.w.org\/{rel}","templated":true}]}}