{"id":157,"date":"2023-12-05T11:11:48","date_gmt":"2023-12-05T14:11:48","guid":{"rendered":"https:\/\/wp.ufpel.edu.br\/bdescolaspelotas\/?page_id=157"},"modified":"2023-12-05T11:12:23","modified_gmt":"2023-12-05T14:12:23","slug":"e-m-e-i-adayl-bento-costa","status":"publish","type":"page","link":"https:\/\/wp.ufpel.edu.br\/bdescolaspelotas\/escolasmunicipais\/emeis\/e-m-e-i-adayl-bento-costa\/","title":{"rendered":"E.M.E.I. Adayl Bento Costa"},"content":{"rendered":"<p><b>Nome: <\/b>E.M.E.I. Adayl Bento Costa<\/p>\n<p><span style=\"font-weight: 400;\"><strong>Diretor(a):<\/strong> Scheila da Rosa Fernandes<\/span><\/p>\n<p><span style=\"font-weight: 400;\"><strong>Endere\u00e7o:<\/strong> Jo\u00e3o Batista , 254 , Bairro: Santa Terezinha<\/span><\/p>\n<p><span style=\"font-weight: 400;\"><strong>Telefone:<\/strong> 053-32731308<\/span><\/p>\n<p><strong>E-mail: <\/strong><a href=\"mailto:emeiadaylbc@outlook.com\"><span style=\"font-weight: 400;\">emeiadaylbc@outlook.com<\/span><\/a><\/p>\n<p><span style=\"font-weight: 400;\"><strong>Servi\u00e7os:<\/strong> Atendimento a alunos da Educa\u00e7\u00e3o Infantil Etapa creche-Maternal-1 e 2; Etapa Pr\u00e9- escola- 1 e 2 total de 151 alunos sendo 96 da pr\u00e9 escola.<\/span><\/p>\n","protected":false},"excerpt":{"rendered":"<p>Nome: E.M.E.I. Adayl Bento Costa Diretor(a): Scheila da Rosa Fernandes Endere\u00e7o: Jo\u00e3o Batista , 254 , Bairro: Santa Terezinha Telefone: 053-32731308 E-mail: emeiadaylbc@outlook.com Servi\u00e7os: Atendimento a alunos da Educa\u00e7\u00e3o Infantil Etapa creche-Maternal-1 e 2; Etapa Pr\u00e9- escola- 1 e 2&#8230; <a class=\"more-link\" href=\"https:\/\/wp.ufpel.edu.br\/bdescolaspelotas\/escolasmunicipais\/emeis\/e-m-e-i-adayl-bento-costa\/\">Continue lendo &rarr;<\/a><\/p>\n","protected":false},"author":1334,"featured_media":0,"parent":7,"menu_order":0,"comment_status":"closed","ping_status":"closed","template":"","meta":{"footnotes":""},"class_list":["post-157","page","type-page","status-publish","hentry"],"jetpack_sharing_enabled":true,"_links":{"self":[{"href":"https:\/\/wp.ufpel.edu.br\/bdescolaspelotas\/wp-json\/wp\/v2\/pages\/157","targetHints":{"allow":["GET"]}}],"collection":[{"href":"https:\/\/wp.ufpel.edu.br\/bdescolaspelotas\/wp-json\/wp\/v2\/pages"}],"about":[{"href":"https:\/\/wp.ufpel.edu.br\/bdescolaspelotas\/wp-json\/wp\/v2\/types\/page"}],"author":[{"embeddable":true,"href":"https:\/\/wp.ufpel.edu.br\/bdescolaspelotas\/wp-json\/wp\/v2\/users\/1334"}],"replies":[{"embeddable":true,"href":"https:\/\/wp.ufpel.edu.br\/bdescolaspelotas\/wp-json\/wp\/v2\/comments?post=157"}],"version-history":[{"count":2,"href":"https:\/\/wp.ufpel.edu.br\/bdescolaspelotas\/wp-json\/wp\/v2\/pages\/157\/revisions"}],"predecessor-version":[{"id":160,"href":"https:\/\/wp.ufpel.edu.br\/bdescolaspelotas\/wp-json\/wp\/v2\/pages\/157\/revisions\/160"}],"up":[{"embeddable":true,"href":"https:\/\/wp.ufpel.edu.br\/bdescolaspelotas\/wp-json\/wp\/v2\/pages\/7"}],"wp:attachment":[{"href":"https:\/\/wp.ufpel.edu.br\/bdescolaspelotas\/wp-json\/wp\/v2\/media?parent=157"}],"curies":[{"name":"wp","href":"https:\/\/api.w.org\/{rel}","templated":true}]}}