{"id":150,"date":"2023-12-05T10:57:21","date_gmt":"2023-12-05T13:57:21","guid":{"rendered":"https:\/\/wp.ufpel.edu.br\/bdescolaspelotas\/?page_id=150"},"modified":"2023-12-05T10:57:35","modified_gmt":"2023-12-05T13:57:35","slug":"e-m-e-f-dr-mario-meneghetti","status":"publish","type":"page","link":"https:\/\/wp.ufpel.edu.br\/bdescolaspelotas\/escolasmunicipais\/emefs\/e-m-e-f-dr-mario-meneghetti\/","title":{"rendered":"E.M.E.F. Dr. Mario Meneghetti"},"content":{"rendered":"<p><b>Nome: <\/b>E.M.E.F. Dr. Mario Meneghetti<\/p>\n<p><span style=\"font-weight: 400;\"><strong>Diretor(a):<\/strong> Fl\u00e1via Spadari Selmo<\/span><\/p>\n<p><span style=\"font-weight: 400;\"><strong>Endere\u00e7o:<\/strong> Quatro Ltm Getulio Vargas , 575 , Bairro: Get\u00falio Vargas<\/span><\/p>\n<p><span style=\"font-weight: 400;\"><strong>Telefone:<\/strong> 053-32737420<\/span><\/p>\n<p><strong>E-mail: <\/strong><a href=\"mailto:escmariomeneghetti@gmail.com\"><span style=\"font-weight: 400;\">escmariomeneghetti@gmail.com<\/span><\/a><\/p>\n<p><span style=\"font-weight: 400;\"><strong>Servi\u00e7os:<\/strong> Atendimento a alunos de Educa\u00e7\u00e3o Infantil(pr\u00e9 1 e 2), Ensino Fundamental (1\u00ba a 9\u00ba ano) e EJA total de 720 alunos mar\/2022 Sendo 82 de Ed Infantil, 132 alunos da EJA e 506 alunos do Ensino Fundamental.<\/span><\/p>\n","protected":false},"excerpt":{"rendered":"<p>Nome: E.M.E.F. Dr. Mario Meneghetti Diretor(a): Fl\u00e1via Spadari Selmo Endere\u00e7o: Quatro Ltm Getulio Vargas , 575 , Bairro: Get\u00falio Vargas Telefone: 053-32737420 E-mail: escmariomeneghetti@gmail.com Servi\u00e7os: Atendimento a alunos de Educa\u00e7\u00e3o Infantil(pr\u00e9 1 e 2), Ensino Fundamental (1\u00ba a 9\u00ba ano)&#8230; <a class=\"more-link\" href=\"https:\/\/wp.ufpel.edu.br\/bdescolaspelotas\/escolasmunicipais\/emefs\/e-m-e-f-dr-mario-meneghetti\/\">Continue lendo &rarr;<\/a><\/p>\n","protected":false},"author":1334,"featured_media":0,"parent":46,"menu_order":0,"comment_status":"closed","ping_status":"closed","template":"","meta":{"footnotes":""},"class_list":["post-150","page","type-page","status-publish","hentry"],"jetpack_sharing_enabled":true,"_links":{"self":[{"href":"https:\/\/wp.ufpel.edu.br\/bdescolaspelotas\/wp-json\/wp\/v2\/pages\/150","targetHints":{"allow":["GET"]}}],"collection":[{"href":"https:\/\/wp.ufpel.edu.br\/bdescolaspelotas\/wp-json\/wp\/v2\/pages"}],"about":[{"href":"https:\/\/wp.ufpel.edu.br\/bdescolaspelotas\/wp-json\/wp\/v2\/types\/page"}],"author":[{"embeddable":true,"href":"https:\/\/wp.ufpel.edu.br\/bdescolaspelotas\/wp-json\/wp\/v2\/users\/1334"}],"replies":[{"embeddable":true,"href":"https:\/\/wp.ufpel.edu.br\/bdescolaspelotas\/wp-json\/wp\/v2\/comments?post=150"}],"version-history":[{"count":1,"href":"https:\/\/wp.ufpel.edu.br\/bdescolaspelotas\/wp-json\/wp\/v2\/pages\/150\/revisions"}],"predecessor-version":[{"id":152,"href":"https:\/\/wp.ufpel.edu.br\/bdescolaspelotas\/wp-json\/wp\/v2\/pages\/150\/revisions\/152"}],"up":[{"embeddable":true,"href":"https:\/\/wp.ufpel.edu.br\/bdescolaspelotas\/wp-json\/wp\/v2\/pages\/46"}],"wp:attachment":[{"href":"https:\/\/wp.ufpel.edu.br\/bdescolaspelotas\/wp-json\/wp\/v2\/media?parent=150"}],"curies":[{"name":"wp","href":"https:\/\/api.w.org\/{rel}","templated":true}]}}