{"id":147,"date":"2023-12-05T10:56:35","date_gmt":"2023-12-05T13:56:35","guid":{"rendered":"https:\/\/wp.ufpel.edu.br\/bdescolaspelotas\/?page_id=147"},"modified":"2023-12-05T10:56:50","modified_gmt":"2023-12-05T13:56:50","slug":"e-m-e-f-dr-joaquim-assumpcao","status":"publish","type":"page","link":"https:\/\/wp.ufpel.edu.br\/bdescolaspelotas\/escolasmunicipais\/emefs\/e-m-e-f-dr-joaquim-assumpcao\/","title":{"rendered":"E.M.E.F. Dr. Joaquim Assump\u00e7\u00e3o"},"content":{"rendered":"<p><b>Nome: <\/b>E.M.E.F. Dr. Joaquim Assump\u00e7\u00e3o<\/p>\n<p><span style=\"font-weight: 400;\"><strong>Diretor(a):<\/strong> Leda Pistoletti Dias<\/span><\/p>\n<p><span style=\"font-weight: 400;\"><strong>Endere\u00e7o:<\/strong> Rua Almirante Barroso, 1679 , Bairro: Centro<\/span><\/p>\n<p><span style=\"font-weight: 400;\"><strong>Telefone:<\/strong> 053-32222553<\/span><\/p>\n<p><strong>E-mail: <\/strong><a href=\"mailto:assumpcao.27@gmail.com\"><span style=\"font-weight: 400;\">assumpcao.27@gmail.com<\/span><\/a><span style=\"font-weight: 400;\">\u00a0<\/span><\/p>\n<p><span style=\"font-weight: 400;\"><strong>Servi\u00e7os:<\/strong> Atendimento a alunos de Educa\u00e7\u00e3o Infantil (pr\u00e9 1 e 2), Ensino Fundamental (1\u00ba a 9\u00ba ano) e EJA Educa\u00e7\u00e3o para Jovens e Adultos). Total de 522 alunos em out\/2022, sendo 30 alunos do pr\u00e9 escolar, 389 do Ens. fund, 103 da EJA.<\/span><\/p>\n","protected":false},"excerpt":{"rendered":"<p>Nome: E.M.E.F. Dr. Joaquim Assump\u00e7\u00e3o Diretor(a): Leda Pistoletti Dias Endere\u00e7o: Rua Almirante Barroso, 1679 , Bairro: Centro Telefone: 053-32222553 E-mail: assumpcao.27@gmail.com\u00a0 Servi\u00e7os: Atendimento a alunos de Educa\u00e7\u00e3o Infantil (pr\u00e9 1 e 2), Ensino Fundamental (1\u00ba a 9\u00ba ano) e EJA&#8230; <a class=\"more-link\" href=\"https:\/\/wp.ufpel.edu.br\/bdescolaspelotas\/escolasmunicipais\/emefs\/e-m-e-f-dr-joaquim-assumpcao\/\">Continue lendo &rarr;<\/a><\/p>\n","protected":false},"author":1334,"featured_media":0,"parent":46,"menu_order":0,"comment_status":"closed","ping_status":"closed","template":"","meta":{"footnotes":""},"class_list":["post-147","page","type-page","status-publish","hentry"],"jetpack_sharing_enabled":true,"_links":{"self":[{"href":"https:\/\/wp.ufpel.edu.br\/bdescolaspelotas\/wp-json\/wp\/v2\/pages\/147","targetHints":{"allow":["GET"]}}],"collection":[{"href":"https:\/\/wp.ufpel.edu.br\/bdescolaspelotas\/wp-json\/wp\/v2\/pages"}],"about":[{"href":"https:\/\/wp.ufpel.edu.br\/bdescolaspelotas\/wp-json\/wp\/v2\/types\/page"}],"author":[{"embeddable":true,"href":"https:\/\/wp.ufpel.edu.br\/bdescolaspelotas\/wp-json\/wp\/v2\/users\/1334"}],"replies":[{"embeddable":true,"href":"https:\/\/wp.ufpel.edu.br\/bdescolaspelotas\/wp-json\/wp\/v2\/comments?post=147"}],"version-history":[{"count":1,"href":"https:\/\/wp.ufpel.edu.br\/bdescolaspelotas\/wp-json\/wp\/v2\/pages\/147\/revisions"}],"predecessor-version":[{"id":149,"href":"https:\/\/wp.ufpel.edu.br\/bdescolaspelotas\/wp-json\/wp\/v2\/pages\/147\/revisions\/149"}],"up":[{"embeddable":true,"href":"https:\/\/wp.ufpel.edu.br\/bdescolaspelotas\/wp-json\/wp\/v2\/pages\/46"}],"wp:attachment":[{"href":"https:\/\/wp.ufpel.edu.br\/bdescolaspelotas\/wp-json\/wp\/v2\/media?parent=147"}],"curies":[{"name":"wp","href":"https:\/\/api.w.org\/{rel}","templated":true}]}}