{"id":135,"date":"2023-12-05T10:53:01","date_gmt":"2023-12-05T13:53:01","guid":{"rendered":"https:\/\/wp.ufpel.edu.br\/bdescolaspelotas\/?page_id=135"},"modified":"2023-12-05T10:53:01","modified_gmt":"2023-12-05T13:53:01","slug":"e-m-e-f-dona-mariana-eufrasia","status":"publish","type":"page","link":"https:\/\/wp.ufpel.edu.br\/bdescolaspelotas\/escolasmunicipais\/emefs\/e-m-e-f-dona-mariana-eufrasia\/","title":{"rendered":"E.M.E.F. Dona Mariana Eufr\u00e1sia"},"content":{"rendered":"<p><b>Nome: <\/b>E.M.E.F. Dona Mariana Eufr\u00e1sia<\/p>\n<p><span style=\"font-weight: 400;\"><strong>Diretor(a):<\/strong> Sandra de F\u00e1tima Castro Moraes<\/span><\/p>\n<p><span style=\"font-weight: 400;\"><strong>Endere\u00e7o:<\/strong> Diogo Feij\u00f3 , 213 , Bairro: Fragata<\/span><\/p>\n<p><span style=\"font-weight: 400;\"><strong>Telefone:<\/strong> 053-32811794<\/span><\/p>\n<p><strong>E-mail: <\/strong><a href=\"mailto:esc.alcideslima@hotmail.com\"><span style=\"font-weight: 400;\">esc.alcideslima@hotmail.com<\/span><\/a><span style=\"font-weight: 400;\">\u00a0<\/span><\/p>\n<p><span style=\"font-weight: 400;\"><strong>Servi\u00e7os:<\/strong> Atendimento a alunos de Educa\u00e7\u00e3o Infantil(pr\u00e9 1 e 2), Ensino Fundamental (1\u00ba ao 9\u00ba ano) e EJA (Educa\u00e7\u00e3o para Jovens e Adultos). Total de 580 alunos em out\/2022 sendo 43 alunos de pr\u00e9 escola, 495 de Ens. Fundamental e 42 da EJA.<\/span><\/p>\n","protected":false},"excerpt":{"rendered":"<p>Nome: E.M.E.F. Dona Mariana Eufr\u00e1sia Diretor(a): Sandra de F\u00e1tima Castro Moraes Endere\u00e7o: Diogo Feij\u00f3 , 213 , Bairro: Fragata Telefone: 053-32811794 E-mail: esc.alcideslima@hotmail.com\u00a0 Servi\u00e7os: Atendimento a alunos de Educa\u00e7\u00e3o Infantil(pr\u00e9 1 e 2), Ensino Fundamental (1\u00ba ao 9\u00ba ano) e&#8230; <a class=\"more-link\" href=\"https:\/\/wp.ufpel.edu.br\/bdescolaspelotas\/escolasmunicipais\/emefs\/e-m-e-f-dona-mariana-eufrasia\/\">Continue lendo &rarr;<\/a><\/p>\n","protected":false},"author":1334,"featured_media":0,"parent":46,"menu_order":0,"comment_status":"closed","ping_status":"closed","template":"","meta":{"footnotes":""},"class_list":["post-135","page","type-page","status-publish","hentry"],"jetpack_sharing_enabled":true,"_links":{"self":[{"href":"https:\/\/wp.ufpel.edu.br\/bdescolaspelotas\/wp-json\/wp\/v2\/pages\/135","targetHints":{"allow":["GET"]}}],"collection":[{"href":"https:\/\/wp.ufpel.edu.br\/bdescolaspelotas\/wp-json\/wp\/v2\/pages"}],"about":[{"href":"https:\/\/wp.ufpel.edu.br\/bdescolaspelotas\/wp-json\/wp\/v2\/types\/page"}],"author":[{"embeddable":true,"href":"https:\/\/wp.ufpel.edu.br\/bdescolaspelotas\/wp-json\/wp\/v2\/users\/1334"}],"replies":[{"embeddable":true,"href":"https:\/\/wp.ufpel.edu.br\/bdescolaspelotas\/wp-json\/wp\/v2\/comments?post=135"}],"version-history":[{"count":1,"href":"https:\/\/wp.ufpel.edu.br\/bdescolaspelotas\/wp-json\/wp\/v2\/pages\/135\/revisions"}],"predecessor-version":[{"id":137,"href":"https:\/\/wp.ufpel.edu.br\/bdescolaspelotas\/wp-json\/wp\/v2\/pages\/135\/revisions\/137"}],"up":[{"embeddable":true,"href":"https:\/\/wp.ufpel.edu.br\/bdescolaspelotas\/wp-json\/wp\/v2\/pages\/46"}],"wp:attachment":[{"href":"https:\/\/wp.ufpel.edu.br\/bdescolaspelotas\/wp-json\/wp\/v2\/media?parent=135"}],"curies":[{"name":"wp","href":"https:\/\/api.w.org\/{rel}","templated":true}]}}