{"id":132,"date":"2023-12-05T10:52:18","date_gmt":"2023-12-05T13:52:18","guid":{"rendered":"https:\/\/wp.ufpel.edu.br\/bdescolaspelotas\/?page_id=132"},"modified":"2023-12-05T10:52:18","modified_gmt":"2023-12-05T13:52:18","slug":"e-m-e-f-dona-maria-antonia","status":"publish","type":"page","link":"https:\/\/wp.ufpel.edu.br\/bdescolaspelotas\/escolasmunicipais\/emefs\/e-m-e-f-dona-maria-antonia\/","title":{"rendered":"E.M.E.F. Dona Maria Ant\u00f4nia"},"content":{"rendered":"<p><b>Nome: <\/b>E.M.E.F. Dona Maria Ant\u00f4nia<\/p>\n<p><span style=\"font-weight: 400;\"><strong>Diretor(a):<\/strong> Cristina Domingues Costa<\/span><\/p>\n<p><span style=\"font-weight: 400;\"><strong>Endere\u00e7o:<\/strong> Vinte E Cinco De Julho-Av , 2501 , Bairro: Santa terezinha<\/span><\/p>\n<p><span style=\"font-weight: 400;\"><strong>Telefone:<\/strong> 053-39216185<\/span><\/p>\n<p><strong>E-mail: <\/strong><a href=\"mailto:dona.mariaantonia@hotmail.com\"><span style=\"font-weight: 400;\">dona.mariaantonia@hotmail.com<\/span><\/a><span style=\"font-weight: 400;\">\u00a0<\/span><\/p>\n<p><span style=\"font-weight: 400;\"><strong>Servi\u00e7os:<\/strong> Atendimento a alunos da Educa\u00e7\u00e3o Infantil (pr\u00e9 1 e 2) Ensino Fundamental 1\u00ba ao 5\u00ba ano. total de 166 alunos em out\/2022 sendo 44 alunos da Ed. Infantil e 122 de Ensino Fundamental<\/span><\/p>\n<p>&nbsp;<\/p>\n","protected":false},"excerpt":{"rendered":"<p>Nome: E.M.E.F. Dona Maria Ant\u00f4nia Diretor(a): Cristina Domingues Costa Endere\u00e7o: Vinte E Cinco De Julho-Av , 2501 , Bairro: Santa terezinha Telefone: 053-39216185 E-mail: dona.mariaantonia@hotmail.com\u00a0 Servi\u00e7os: Atendimento a alunos da Educa\u00e7\u00e3o Infantil (pr\u00e9 1 e 2) Ensino Fundamental 1\u00ba ao&#8230; <a class=\"more-link\" href=\"https:\/\/wp.ufpel.edu.br\/bdescolaspelotas\/escolasmunicipais\/emefs\/e-m-e-f-dona-maria-antonia\/\">Continue lendo &rarr;<\/a><\/p>\n","protected":false},"author":1334,"featured_media":0,"parent":46,"menu_order":0,"comment_status":"closed","ping_status":"closed","template":"","meta":{"footnotes":""},"class_list":["post-132","page","type-page","status-publish","hentry"],"jetpack_sharing_enabled":true,"_links":{"self":[{"href":"https:\/\/wp.ufpel.edu.br\/bdescolaspelotas\/wp-json\/wp\/v2\/pages\/132","targetHints":{"allow":["GET"]}}],"collection":[{"href":"https:\/\/wp.ufpel.edu.br\/bdescolaspelotas\/wp-json\/wp\/v2\/pages"}],"about":[{"href":"https:\/\/wp.ufpel.edu.br\/bdescolaspelotas\/wp-json\/wp\/v2\/types\/page"}],"author":[{"embeddable":true,"href":"https:\/\/wp.ufpel.edu.br\/bdescolaspelotas\/wp-json\/wp\/v2\/users\/1334"}],"replies":[{"embeddable":true,"href":"https:\/\/wp.ufpel.edu.br\/bdescolaspelotas\/wp-json\/wp\/v2\/comments?post=132"}],"version-history":[{"count":1,"href":"https:\/\/wp.ufpel.edu.br\/bdescolaspelotas\/wp-json\/wp\/v2\/pages\/132\/revisions"}],"predecessor-version":[{"id":134,"href":"https:\/\/wp.ufpel.edu.br\/bdescolaspelotas\/wp-json\/wp\/v2\/pages\/132\/revisions\/134"}],"up":[{"embeddable":true,"href":"https:\/\/wp.ufpel.edu.br\/bdescolaspelotas\/wp-json\/wp\/v2\/pages\/46"}],"wp:attachment":[{"href":"https:\/\/wp.ufpel.edu.br\/bdescolaspelotas\/wp-json\/wp\/v2\/media?parent=132"}],"curies":[{"name":"wp","href":"https:\/\/api.w.org\/{rel}","templated":true}]}}