{"id":122,"date":"2023-12-05T10:48:52","date_gmt":"2023-12-05T13:48:52","guid":{"rendered":"https:\/\/wp.ufpel.edu.br\/bdescolaspelotas\/?page_id=122"},"modified":"2023-12-05T10:48:52","modified_gmt":"2023-12-05T13:48:52","slug":"e-m-e-f-cel-alberto-rosa","status":"publish","type":"page","link":"https:\/\/wp.ufpel.edu.br\/bdescolaspelotas\/escolasmunicipais\/emefs\/e-m-e-f-cel-alberto-rosa\/","title":{"rendered":"E.M.E.F. Cel. Alberto Rosa"},"content":{"rendered":"<p><b>Nome: <\/b>E.M.E.F. Cel. Alberto Rosa<\/p>\n<p><span style=\"font-weight: 400;\"><strong>Diretor(a):<\/strong> Vera Terezinha Beduhm<\/span><\/p>\n<p><span style=\"font-weight: 400;\"><strong>Endere\u00e7o:<\/strong> Corrientes &#8211; Col , s\/n? , Bairro: Sexto distrito<\/span><\/p>\n<p><span style=\"font-weight: 400;\"><strong>Telefone:<\/strong> 053-984857443<\/span><\/p>\n<p><strong>E-mail: <\/strong><a href=\"mailto:escolaalbertorosa@gmail.com\"><span style=\"font-weight: 400;\">escolaalbertorosa@gmail.com<\/span><\/a><span style=\"font-weight: 400;\">\u00a0<\/span><\/p>\n<p><span style=\"font-weight: 400;\"><strong>Servi\u00e7os:<\/strong> Atendimento a alunos de Educa\u00e7\u00e3o Infantil, Ensino Fundamental (Pr\u00e9 a 9\u00aa ano) e EJA (Educa\u00e7\u00e3o para Jovens e Adultos). Total de 116 alunos em out\/2022 sendo 12 educa\u00e7\u00e3o infantil e 84 para o Ensino Fundamental. 20 alunos do EJA<\/span><\/p>\n","protected":false},"excerpt":{"rendered":"<p>Nome: E.M.E.F. Cel. Alberto Rosa Diretor(a): Vera Terezinha Beduhm Endere\u00e7o: Corrientes &#8211; Col , s\/n? , Bairro: Sexto distrito Telefone: 053-984857443 E-mail: escolaalbertorosa@gmail.com\u00a0 Servi\u00e7os: Atendimento a alunos de Educa\u00e7\u00e3o Infantil, Ensino Fundamental (Pr\u00e9 a 9\u00aa ano) e EJA (Educa\u00e7\u00e3o para&#8230; <a class=\"more-link\" href=\"https:\/\/wp.ufpel.edu.br\/bdescolaspelotas\/escolasmunicipais\/emefs\/e-m-e-f-cel-alberto-rosa\/\">Continue lendo &rarr;<\/a><\/p>\n","protected":false},"author":1334,"featured_media":0,"parent":46,"menu_order":0,"comment_status":"closed","ping_status":"closed","template":"","meta":{"footnotes":""},"class_list":["post-122","page","type-page","status-publish","hentry"],"jetpack_sharing_enabled":true,"_links":{"self":[{"href":"https:\/\/wp.ufpel.edu.br\/bdescolaspelotas\/wp-json\/wp\/v2\/pages\/122","targetHints":{"allow":["GET"]}}],"collection":[{"href":"https:\/\/wp.ufpel.edu.br\/bdescolaspelotas\/wp-json\/wp\/v2\/pages"}],"about":[{"href":"https:\/\/wp.ufpel.edu.br\/bdescolaspelotas\/wp-json\/wp\/v2\/types\/page"}],"author":[{"embeddable":true,"href":"https:\/\/wp.ufpel.edu.br\/bdescolaspelotas\/wp-json\/wp\/v2\/users\/1334"}],"replies":[{"embeddable":true,"href":"https:\/\/wp.ufpel.edu.br\/bdescolaspelotas\/wp-json\/wp\/v2\/comments?post=122"}],"version-history":[{"count":1,"href":"https:\/\/wp.ufpel.edu.br\/bdescolaspelotas\/wp-json\/wp\/v2\/pages\/122\/revisions"}],"predecessor-version":[{"id":124,"href":"https:\/\/wp.ufpel.edu.br\/bdescolaspelotas\/wp-json\/wp\/v2\/pages\/122\/revisions\/124"}],"up":[{"embeddable":true,"href":"https:\/\/wp.ufpel.edu.br\/bdescolaspelotas\/wp-json\/wp\/v2\/pages\/46"}],"wp:attachment":[{"href":"https:\/\/wp.ufpel.edu.br\/bdescolaspelotas\/wp-json\/wp\/v2\/media?parent=122"}],"curies":[{"name":"wp","href":"https:\/\/api.w.org\/{rel}","templated":true}]}}