{"id":118,"date":"2023-12-05T10:47:57","date_gmt":"2023-12-05T13:47:57","guid":{"rendered":"https:\/\/wp.ufpel.edu.br\/bdescolaspelotas\/?page_id=118"},"modified":"2023-12-05T10:48:21","modified_gmt":"2023-12-05T13:48:21","slug":"e-m-e-f-cecilia-meireles","status":"publish","type":"page","link":"https:\/\/wp.ufpel.edu.br\/bdescolaspelotas\/escolasmunicipais\/emefs\/e-m-e-f-cecilia-meireles\/","title":{"rendered":"E.M.E.F. Cec\u00edlia Meireles"},"content":{"rendered":"<p><b>Nome: <\/b>E.M.E.F. Cec\u00edlia Meireles<\/p>\n<p><span style=\"font-weight: 400;\"><strong>Diretor(a):<\/strong> Lissandra da Fonseca Santana<\/span><\/p>\n<p><span style=\"font-weight: 400;\"><strong>Endere\u00e7o:<\/strong> Souza Lobo;Prof , 439 , Bairro: Areal<\/span><\/p>\n<p><span style=\"font-weight: 400;\"><strong>Telefone:<\/strong> 053-32284022<\/span><\/p>\n<p><span style=\"font-weight: 400;\"><strong>E-mail:<\/strong> <\/span><a href=\"mailto:escceciliameireles@gmail.com\"><span style=\"font-weight: 400;\">escceciliameireles@gmail.com<\/span><\/a><span style=\"font-weight: 400;\">\u00a0<\/span><\/p>\n<p><span style=\"font-weight: 400;\"><strong>Servi\u00e7os:<\/strong> Atendimento a alunos de Educa\u00e7\u00e3o Infantil (pr\u00e9 1 e 2), Ensino Fundamental (1\u00ba ao 4\u00ba ano e 4\u00aa a 9\u00b0 ano) e Educa\u00e7\u00e3o de Jovens e Adultos Total de 473 alunos mar\/2022 460 Ens. fundamental; 31de alunos de pr\u00e9 1 e 2; 50 alunos de EJA<\/span><\/p>\n","protected":false},"excerpt":{"rendered":"<p>Nome: E.M.E.F. Cec\u00edlia Meireles Diretor(a): Lissandra da Fonseca Santana Endere\u00e7o: Souza Lobo;Prof , 439 , Bairro: Areal Telefone: 053-32284022 E-mail: escceciliameireles@gmail.com\u00a0 Servi\u00e7os: Atendimento a alunos de Educa\u00e7\u00e3o Infantil (pr\u00e9 1 e 2), Ensino Fundamental (1\u00ba ao 4\u00ba ano e 4\u00aa&#8230; <a class=\"more-link\" href=\"https:\/\/wp.ufpel.edu.br\/bdescolaspelotas\/escolasmunicipais\/emefs\/e-m-e-f-cecilia-meireles\/\">Continue lendo &rarr;<\/a><\/p>\n","protected":false},"author":1334,"featured_media":0,"parent":46,"menu_order":0,"comment_status":"closed","ping_status":"closed","template":"","meta":{"footnotes":""},"class_list":["post-118","page","type-page","status-publish","hentry"],"jetpack_sharing_enabled":true,"_links":{"self":[{"href":"https:\/\/wp.ufpel.edu.br\/bdescolaspelotas\/wp-json\/wp\/v2\/pages\/118","targetHints":{"allow":["GET"]}}],"collection":[{"href":"https:\/\/wp.ufpel.edu.br\/bdescolaspelotas\/wp-json\/wp\/v2\/pages"}],"about":[{"href":"https:\/\/wp.ufpel.edu.br\/bdescolaspelotas\/wp-json\/wp\/v2\/types\/page"}],"author":[{"embeddable":true,"href":"https:\/\/wp.ufpel.edu.br\/bdescolaspelotas\/wp-json\/wp\/v2\/users\/1334"}],"replies":[{"embeddable":true,"href":"https:\/\/wp.ufpel.edu.br\/bdescolaspelotas\/wp-json\/wp\/v2\/comments?post=118"}],"version-history":[{"count":1,"href":"https:\/\/wp.ufpel.edu.br\/bdescolaspelotas\/wp-json\/wp\/v2\/pages\/118\/revisions"}],"predecessor-version":[{"id":120,"href":"https:\/\/wp.ufpel.edu.br\/bdescolaspelotas\/wp-json\/wp\/v2\/pages\/118\/revisions\/120"}],"up":[{"embeddable":true,"href":"https:\/\/wp.ufpel.edu.br\/bdescolaspelotas\/wp-json\/wp\/v2\/pages\/46"}],"wp:attachment":[{"href":"https:\/\/wp.ufpel.edu.br\/bdescolaspelotas\/wp-json\/wp\/v2\/media?parent=118"}],"curies":[{"name":"wp","href":"https:\/\/api.w.org\/{rel}","templated":true}]}}