{"id":114,"date":"2023-12-05T10:46:47","date_gmt":"2023-12-05T13:46:47","guid":{"rendered":"https:\/\/wp.ufpel.edu.br\/bdescolaspelotas\/?page_id=114"},"modified":"2023-12-05T10:47:00","modified_gmt":"2023-12-05T13:47:00","slug":"e-m-e-f-carlos-laquintinie","status":"publish","type":"page","link":"https:\/\/wp.ufpel.edu.br\/bdescolaspelotas\/escolasmunicipais\/emefs\/e-m-e-f-carlos-laquintinie\/","title":{"rendered":"E.M.E.F. Carlos Laquintinie"},"content":{"rendered":"<p><b>Nome: <\/b>E.M.E.F. Carlos Laquintinie<\/p>\n<p><span style=\"font-weight: 400;\"><strong>Diretor(a):<\/strong> Andr\u00e9a Silva dos Santos<\/span><\/p>\n<p><span style=\"font-weight: 400;\"><strong>Endere\u00e7o:<\/strong> Domingos Rodrigues &#8211; P\u00e7a , 04 , Bairro: Centro\/porto<\/span><\/p>\n<p><span style=\"font-weight: 400;\"><strong>Telefone:<\/strong> 053-3222-3552<\/span><\/p>\n<p><strong>E-mail: <\/strong><a href=\"mailto:carloslaquintinieemf@gmail.com\"><span style=\"font-weight: 400;\">carloslaquintinieemf@gmail.com<\/span><\/a><span style=\"font-weight: 400;\">\u00a0<\/span><\/p>\n<p><span style=\"font-weight: 400;\"><strong>Servi\u00e7os:<\/strong> Atendimento a alunos do Ensino Fundamental (1\u00ba a 9\u00aa ano). Total de 140 alunos em out\/2022<\/span><\/p>\n<p>&nbsp;<\/p>\n","protected":false},"excerpt":{"rendered":"<p>Nome: E.M.E.F. Carlos Laquintinie Diretor(a): Andr\u00e9a Silva dos Santos Endere\u00e7o: Domingos Rodrigues &#8211; P\u00e7a , 04 , Bairro: Centro\/porto Telefone: 053-3222-3552 E-mail: carloslaquintinieemf@gmail.com\u00a0 Servi\u00e7os: Atendimento a alunos do Ensino Fundamental (1\u00ba a 9\u00aa ano). Total de 140 alunos em out\/2022&#8230; <a class=\"more-link\" href=\"https:\/\/wp.ufpel.edu.br\/bdescolaspelotas\/escolasmunicipais\/emefs\/e-m-e-f-carlos-laquintinie\/\">Continue lendo &rarr;<\/a><\/p>\n","protected":false},"author":1334,"featured_media":0,"parent":46,"menu_order":0,"comment_status":"closed","ping_status":"closed","template":"","meta":{"footnotes":""},"class_list":["post-114","page","type-page","status-publish","hentry"],"jetpack_sharing_enabled":true,"_links":{"self":[{"href":"https:\/\/wp.ufpel.edu.br\/bdescolaspelotas\/wp-json\/wp\/v2\/pages\/114","targetHints":{"allow":["GET"]}}],"collection":[{"href":"https:\/\/wp.ufpel.edu.br\/bdescolaspelotas\/wp-json\/wp\/v2\/pages"}],"about":[{"href":"https:\/\/wp.ufpel.edu.br\/bdescolaspelotas\/wp-json\/wp\/v2\/types\/page"}],"author":[{"embeddable":true,"href":"https:\/\/wp.ufpel.edu.br\/bdescolaspelotas\/wp-json\/wp\/v2\/users\/1334"}],"replies":[{"embeddable":true,"href":"https:\/\/wp.ufpel.edu.br\/bdescolaspelotas\/wp-json\/wp\/v2\/comments?post=114"}],"version-history":[{"count":1,"href":"https:\/\/wp.ufpel.edu.br\/bdescolaspelotas\/wp-json\/wp\/v2\/pages\/114\/revisions"}],"predecessor-version":[{"id":116,"href":"https:\/\/wp.ufpel.edu.br\/bdescolaspelotas\/wp-json\/wp\/v2\/pages\/114\/revisions\/116"}],"up":[{"embeddable":true,"href":"https:\/\/wp.ufpel.edu.br\/bdescolaspelotas\/wp-json\/wp\/v2\/pages\/46"}],"wp:attachment":[{"href":"https:\/\/wp.ufpel.edu.br\/bdescolaspelotas\/wp-json\/wp\/v2\/media?parent=114"}],"curies":[{"name":"wp","href":"https:\/\/api.w.org\/{rel}","templated":true}]}}