{"id":110,"date":"2023-12-05T10:45:53","date_gmt":"2023-12-05T13:45:53","guid":{"rendered":"https:\/\/wp.ufpel.edu.br\/bdescolaspelotas\/?page_id=110"},"modified":"2023-12-05T10:46:07","modified_gmt":"2023-12-05T13:46:07","slug":"e-m-e-f-bruno-chaves","status":"publish","type":"page","link":"https:\/\/wp.ufpel.edu.br\/bdescolaspelotas\/escolasmunicipais\/emefs\/e-m-e-f-bruno-chaves\/","title":{"rendered":"E.M.E.F. Bruno Chaves"},"content":{"rendered":"<p><b>Nome: <\/b>E.M.E.F. Bruno Chaves<\/p>\n<p><span style=\"font-weight: 400;\"><strong>Diretor(a):<\/strong> Zelaine Brum SantAna<\/span><\/p>\n<p><span style=\"font-weight: 400;\"><strong>Endere\u00e7o:<\/strong> Estrada Da Hidra\u00falica , n? 61 , Bairro: Nono distrito<\/span><\/p>\n<p><span style=\"font-weight: 400;\"><strong>Telefone:<\/strong> 053-4141-1924<\/span><\/p>\n<p><strong>E-mail: <\/strong><a href=\"mailto:escolabrunochaves@gmail.com\"><span style=\"font-weight: 400;\">escolabrunochaves@gmail.com<\/span><\/a><span style=\"font-weight: 400;\">\u00a0<\/span><\/p>\n<p><span style=\"font-weight: 400;\"><strong>Servi\u00e7os:<\/strong> Atendimento a alunos de Educa\u00e7\u00e3o Infantil (pr\u00e9 1 e 2) e Ensino Fundamental (1\u00ba \u00e0 9\u00aa ano) Total de 66 alunos em out\/2022, sendo 10 alunos de pr\u00e9 1 e 2 e 56 alunos do ensino fundamental<\/span><\/p>\n<p>&nbsp;<\/p>\n","protected":false},"excerpt":{"rendered":"<p>Nome: E.M.E.F. Bruno Chaves Diretor(a): Zelaine Brum SantAna Endere\u00e7o: Estrada Da Hidra\u00falica , n? 61 , Bairro: Nono distrito Telefone: 053-4141-1924 E-mail: escolabrunochaves@gmail.com\u00a0 Servi\u00e7os: Atendimento a alunos de Educa\u00e7\u00e3o Infantil (pr\u00e9 1 e 2) e Ensino Fundamental (1\u00ba \u00e0 9\u00aa&#8230; <a class=\"more-link\" href=\"https:\/\/wp.ufpel.edu.br\/bdescolaspelotas\/escolasmunicipais\/emefs\/e-m-e-f-bruno-chaves\/\">Continue lendo &rarr;<\/a><\/p>\n","protected":false},"author":1334,"featured_media":0,"parent":46,"menu_order":0,"comment_status":"closed","ping_status":"closed","template":"","meta":{"footnotes":""},"class_list":["post-110","page","type-page","status-publish","hentry"],"jetpack_sharing_enabled":true,"_links":{"self":[{"href":"https:\/\/wp.ufpel.edu.br\/bdescolaspelotas\/wp-json\/wp\/v2\/pages\/110","targetHints":{"allow":["GET"]}}],"collection":[{"href":"https:\/\/wp.ufpel.edu.br\/bdescolaspelotas\/wp-json\/wp\/v2\/pages"}],"about":[{"href":"https:\/\/wp.ufpel.edu.br\/bdescolaspelotas\/wp-json\/wp\/v2\/types\/page"}],"author":[{"embeddable":true,"href":"https:\/\/wp.ufpel.edu.br\/bdescolaspelotas\/wp-json\/wp\/v2\/users\/1334"}],"replies":[{"embeddable":true,"href":"https:\/\/wp.ufpel.edu.br\/bdescolaspelotas\/wp-json\/wp\/v2\/comments?post=110"}],"version-history":[{"count":1,"href":"https:\/\/wp.ufpel.edu.br\/bdescolaspelotas\/wp-json\/wp\/v2\/pages\/110\/revisions"}],"predecessor-version":[{"id":112,"href":"https:\/\/wp.ufpel.edu.br\/bdescolaspelotas\/wp-json\/wp\/v2\/pages\/110\/revisions\/112"}],"up":[{"embeddable":true,"href":"https:\/\/wp.ufpel.edu.br\/bdescolaspelotas\/wp-json\/wp\/v2\/pages\/46"}],"wp:attachment":[{"href":"https:\/\/wp.ufpel.edu.br\/bdescolaspelotas\/wp-json\/wp\/v2\/media?parent=110"}],"curies":[{"name":"wp","href":"https:\/\/api.w.org\/{rel}","templated":true}]}}