{"id":6,"date":"2015-03-24T13:17:24","date_gmt":"2015-03-24T16:17:24","guid":{"rendered":"https:\/\/wp.ufpel.edu.br\/barros\/?page_id=6"},"modified":"2020-05-26T18:26:49","modified_gmt":"2020-05-26T21:26:49","slug":"publicacoes","status":"publish","type":"page","link":"https:\/\/wp.ufpel.edu.br\/barros\/publicacoes\/","title":{"rendered":"Produ\u00e7\u00e3o Cient\u00edfica"},"content":{"rendered":"<p><a href=\"https:\/\/inspirehep.net\/literature?sort=mostrecent&amp;size=25&amp;page=1&amp;q=a%20goncalves%2C%20v.%20p.%20\">Artigos publicados<\/a><\/p>\n","protected":false},"excerpt":{"rendered":"<p>Artigos publicados<\/p>\n","protected":false},"author":504,"featured_media":0,"parent":0,"menu_order":0,"comment_status":"closed","ping_status":"closed","template":"","meta":{"footnotes":""},"class_list":["post-6","page","type-page","status-publish","hentry"],"_links":{"self":[{"href":"https:\/\/wp.ufpel.edu.br\/barros\/wp-json\/wp\/v2\/pages\/6","targetHints":{"allow":["GET"]}}],"collection":[{"href":"https:\/\/wp.ufpel.edu.br\/barros\/wp-json\/wp\/v2\/pages"}],"about":[{"href":"https:\/\/wp.ufpel.edu.br\/barros\/wp-json\/wp\/v2\/types\/page"}],"author":[{"embeddable":true,"href":"https:\/\/wp.ufpel.edu.br\/barros\/wp-json\/wp\/v2\/users\/504"}],"replies":[{"embeddable":true,"href":"https:\/\/wp.ufpel.edu.br\/barros\/wp-json\/wp\/v2\/comments?post=6"}],"version-history":[{"count":5,"href":"https:\/\/wp.ufpel.edu.br\/barros\/wp-json\/wp\/v2\/pages\/6\/revisions"}],"predecessor-version":[{"id":43,"href":"https:\/\/wp.ufpel.edu.br\/barros\/wp-json\/wp\/v2\/pages\/6\/revisions\/43"}],"wp:attachment":[{"href":"https:\/\/wp.ufpel.edu.br\/barros\/wp-json\/wp\/v2\/media?parent=6"}],"curies":[{"name":"wp","href":"https:\/\/api.w.org\/{rel}","templated":true}]}}