{"id":19,"date":"2015-03-24T13:28:30","date_gmt":"2015-03-24T16:28:30","guid":{"rendered":"https:\/\/wp.ufpel.edu.br\/barros\/?page_id=19"},"modified":"2020-05-26T18:13:18","modified_gmt":"2020-05-26T21:13:18","slug":"pagina-inicial","status":"publish","type":"page","link":"https:\/\/wp.ufpel.edu.br\/barros\/pagina-inicial\/","title":{"rendered":"P\u00e1gina inicial"},"content":{"rendered":"<p>Prof. Dr. Victor Gon\u00e7alves<\/p>\n<p>Professor Titular<\/p>\n<p>Departamento de F\u00edsica<\/p>\n<p>Universidade Federal de Pelotas<\/p>\n<p>Grupo de Altas e M\u00e9dias Energias<\/p>\n<p>\u00c1rea de Atua\u00e7\u00e3o: F\u00edsica de Part\u00edculas<\/p>\n<p>Contato:<\/p>\n<p>barros.at.ufpel.edu.br<\/p>\n<p>Fone\/Fax: +55 53 32757343<\/p>\n<p>&nbsp;<\/p>\n","protected":false},"excerpt":{"rendered":"<p>Prof. Dr. Victor Gon\u00e7alves Professor Titular Departamento de F\u00edsica Universidade Federal de Pelotas Grupo de Altas e M\u00e9dias Energias \u00c1rea de Atua\u00e7\u00e3o: F\u00edsica de Part\u00edculas Contato: barros.at.ufpel.edu.br Fone\/Fax: +55 53 32757343 &nbsp;<\/p>\n","protected":false},"author":504,"featured_media":0,"parent":0,"menu_order":0,"comment_status":"closed","ping_status":"closed","template":"","meta":{"footnotes":""},"class_list":["post-19","page","type-page","status-publish","hentry"],"_links":{"self":[{"href":"https:\/\/wp.ufpel.edu.br\/barros\/wp-json\/wp\/v2\/pages\/19","targetHints":{"allow":["GET"]}}],"collection":[{"href":"https:\/\/wp.ufpel.edu.br\/barros\/wp-json\/wp\/v2\/pages"}],"about":[{"href":"https:\/\/wp.ufpel.edu.br\/barros\/wp-json\/wp\/v2\/types\/page"}],"author":[{"embeddable":true,"href":"https:\/\/wp.ufpel.edu.br\/barros\/wp-json\/wp\/v2\/users\/504"}],"replies":[{"embeddable":true,"href":"https:\/\/wp.ufpel.edu.br\/barros\/wp-json\/wp\/v2\/comments?post=19"}],"version-history":[{"count":3,"href":"https:\/\/wp.ufpel.edu.br\/barros\/wp-json\/wp\/v2\/pages\/19\/revisions"}],"predecessor-version":[{"id":32,"href":"https:\/\/wp.ufpel.edu.br\/barros\/wp-json\/wp\/v2\/pages\/19\/revisions\/32"}],"wp:attachment":[{"href":"https:\/\/wp.ufpel.edu.br\/barros\/wp-json\/wp\/v2\/media?parent=19"}],"curies":[{"name":"wp","href":"https:\/\/api.w.org\/{rel}","templated":true}]}}