{"id":17,"date":"2015-03-24T13:22:57","date_gmt":"2015-03-24T16:22:57","guid":{"rendered":"https:\/\/wp.ufpel.edu.br\/barros\/?page_id=17"},"modified":"2020-05-26T18:18:30","modified_gmt":"2020-05-26T21:18:30","slug":"linhas-de-pesquisa","status":"publish","type":"page","link":"https:\/\/wp.ufpel.edu.br\/barros\/linhas-de-pesquisa\/","title":{"rendered":"Linhas de Pesquisa"},"content":{"rendered":"<p>&#8211; F\u00edsica do Modelo Padr\u00e3o<\/p>\n<p>&#8211; F\u00edsica de Neutrinos<\/p>\n<p>&#8211; F\u00edsica Al\u00e9m do Modelo Padr\u00e3o<\/p>\n<p>&#8211; Estrelas de Quarks<\/p>\n<p>&#8211; Transi\u00e7\u00f5es de Fase no Universo Primordial<\/p>\n","protected":false},"excerpt":{"rendered":"<p>&#8211; F\u00edsica do Modelo Padr\u00e3o &#8211; F\u00edsica de Neutrinos &#8211; F\u00edsica Al\u00e9m do Modelo Padr\u00e3o &#8211; Estrelas de Quarks &#8211; Transi\u00e7\u00f5es de Fase no Universo Primordial<\/p>\n","protected":false},"author":504,"featured_media":0,"parent":0,"menu_order":0,"comment_status":"closed","ping_status":"closed","template":"","meta":{"footnotes":""},"class_list":["post-17","page","type-page","status-publish","hentry"],"_links":{"self":[{"href":"https:\/\/wp.ufpel.edu.br\/barros\/wp-json\/wp\/v2\/pages\/17","targetHints":{"allow":["GET"]}}],"collection":[{"href":"https:\/\/wp.ufpel.edu.br\/barros\/wp-json\/wp\/v2\/pages"}],"about":[{"href":"https:\/\/wp.ufpel.edu.br\/barros\/wp-json\/wp\/v2\/types\/page"}],"author":[{"embeddable":true,"href":"https:\/\/wp.ufpel.edu.br\/barros\/wp-json\/wp\/v2\/users\/504"}],"replies":[{"embeddable":true,"href":"https:\/\/wp.ufpel.edu.br\/barros\/wp-json\/wp\/v2\/comments?post=17"}],"version-history":[{"count":4,"href":"https:\/\/wp.ufpel.edu.br\/barros\/wp-json\/wp\/v2\/pages\/17\/revisions"}],"predecessor-version":[{"id":37,"href":"https:\/\/wp.ufpel.edu.br\/barros\/wp-json\/wp\/v2\/pages\/17\/revisions\/37"}],"wp:attachment":[{"href":"https:\/\/wp.ufpel.edu.br\/barros\/wp-json\/wp\/v2\/media?parent=17"}],"curies":[{"name":"wp","href":"https:\/\/api.w.org\/{rel}","templated":true}]}}