{"id":15,"date":"2015-03-24T13:21:27","date_gmt":"2015-03-24T16:21:27","guid":{"rendered":"https:\/\/wp.ufpel.edu.br\/barros\/?page_id=15"},"modified":"2020-05-26T18:24:13","modified_gmt":"2020-05-26T21:24:13","slug":"concluidas","status":"publish","type":"page","link":"https:\/\/wp.ufpel.edu.br\/barros\/orientacoes\/concluidas\/","title":{"rendered":"Conclu\u00eddas"},"content":{"rendered":"<p>Doutorado (co-orienta\u00e7\u00f5es):<\/p>\n<p class=\"western\" align=\"justify\"><span style=\"font-family: Calibri, sans-serif\"><span style=\"font-size: small\">&#8211; Luiz Fernando Mackedanz (UFRGS)<br \/>\n<\/span><\/span><\/p>\n<p class=\"western\" align=\"justify\"><span style=\"font-family: Calibri, sans-serif\"><span style=\"font-size: small\"> &#8211; Maria Simone Kugeratski Souza (USP)<br \/>\n<\/span><\/span><\/p>\n<p class=\"western\" align=\"justify\"><span style=\"font-family: Calibri, sans-serif\"><span style=\"font-size: small\"> &#8211; Erike Cazaroto (USP)<br \/>\n<\/span><\/span><\/p>\n<p class=\"western\" align=\"justify\"><span style=\"font-family: Calibri, sans-serif\"><span style=\"font-size: small\"> &#8211; Bruno Moreira (USP)<br \/>\n<\/span><\/span><\/p>\n<p align=\"justify\">&#8211; Diego Spiering (USP)<\/p>\n<p align=\"justify\">Mestrado:<\/p>\n<p class=\"western\" align=\"justify\"><span style=\"font-family: Calibri, sans-serif\"><span style=\"font-size: small\">&#8211; Miriam Griep<\/span><\/span><\/p>\n<p class=\"western\" align=\"justify\"><span style=\"font-family: Calibri, sans-serif\"><span style=\"font-size: small\"> &#8211; Anelise Meneses<\/span><\/span><\/p>\n<p class=\"western\" align=\"justify\"><span style=\"font-family: Calibri, sans-serif\"><span style=\"font-size: small\"> &#8211; Bruno Moreira<\/span><\/span><\/p>\n<p class=\"western\" align=\"justify\"><span style=\"font-family: Calibri, sans-serif\"><span style=\"font-size: small\"> &#8211; Diego Spiering<\/span><\/span><\/p>\n<p class=\"western\" align=\"justify\"><span style=\"font-family: Calibri, sans-serif\"><span style=\"font-size: small\"> &#8211; Luan Arbeletche<\/span><\/span><\/p>\n<p class=\"western\" align=\"justify\"><span style=\"font-family: Calibri, sans-serif\"><span style=\"font-size: small\"> &#8211; Gabriela Bailas<\/span><\/span><\/p>\n<p class=\"western\" align=\"justify\"><span style=\"font-family: Calibri, sans-serif\"><span style=\"font-size: small\"> &#8211; Mauricio Thiel<\/span><\/span><\/p>\n<p class=\"western\" align=\"justify\"><span style=\"font-family: Calibri, sans-serif\"><span style=\"font-size: small\"> &#8211; Yuri Lemos de Avila<\/span><\/span><\/p>\n<p class=\"western\" align=\"justify\"><span style=\"font-family: Calibri, sans-serif\"><span style=\"font-size: small\"> &#8211; Ros\u00e1lia Castro<\/span><\/span><\/p>\n<p class=\"western\" align=\"justify\"><span style=\"font-family: Calibri, sans-serif\"><span style=\"font-size: small\">&#8211; Edgar Paitan<\/span><\/span><\/p>\n<p class=\"western\" align=\"justify\"><span style=\"font-family: Calibri, sans-serif\"><span style=\"font-size: small\"> &#8211; Celso Sena<\/span><\/span><\/p>\n<p class=\"western\" align=\"justify\"><span style=\"font-family: Calibri, sans-serif\"><span style=\"font-size: small\"> &#8211; Luis Augusto Souza Martins (Co-orienta\u00e7\u00e3o)<br \/>\n<\/span><\/span><\/p>\n<p class=\"western\" align=\"justify\"><span style=\"font-family: Calibri, sans-serif\"><span style=\"font-size: small\"> &#8211; Glauber Sampaio dos Santos (Co-orienta\u00e7\u00e3o)<br \/>\n<\/span><\/span><\/p>\n<p class=\"western\" align=\"justify\"><span style=\"font-family: Calibri, sans-serif\"><span style=\"font-size: small\"> &#8211; Luiz Fernando Mackedanz (Co-orienta\u00e7\u00e3o)<br \/>\n<\/span><\/span><\/p>\n","protected":false},"excerpt":{"rendered":"<p>Doutorado (co-orienta\u00e7\u00f5es): &#8211; Luiz Fernando Mackedanz (UFRGS) &#8211; Maria Simone Kugeratski Souza (USP) &#8211; Erike Cazaroto (USP) &#8211; Bruno Moreira (USP) &#8211; Diego Spiering (USP) Mestrado: &#8211; Miriam Griep &#8211; Anelise Meneses &#8211; Bruno Moreira &#8211; Diego Spiering &#8211; Luan Arbeletche &#8211; Gabriela Bailas &#8211; Mauricio Thiel &#8211; Yuri Lemos de Avila &#8211; Ros\u00e1lia Castro [&hellip;]<\/p>\n","protected":false},"author":504,"featured_media":0,"parent":11,"menu_order":0,"comment_status":"closed","ping_status":"closed","template":"","meta":{"footnotes":""},"class_list":["post-15","page","type-page","status-publish","hentry"],"_links":{"self":[{"href":"https:\/\/wp.ufpel.edu.br\/barros\/wp-json\/wp\/v2\/pages\/15","targetHints":{"allow":["GET"]}}],"collection":[{"href":"https:\/\/wp.ufpel.edu.br\/barros\/wp-json\/wp\/v2\/pages"}],"about":[{"href":"https:\/\/wp.ufpel.edu.br\/barros\/wp-json\/wp\/v2\/types\/page"}],"author":[{"embeddable":true,"href":"https:\/\/wp.ufpel.edu.br\/barros\/wp-json\/wp\/v2\/users\/504"}],"replies":[{"embeddable":true,"href":"https:\/\/wp.ufpel.edu.br\/barros\/wp-json\/wp\/v2\/comments?post=15"}],"version-history":[{"count":4,"href":"https:\/\/wp.ufpel.edu.br\/barros\/wp-json\/wp\/v2\/pages\/15\/revisions"}],"predecessor-version":[{"id":40,"href":"https:\/\/wp.ufpel.edu.br\/barros\/wp-json\/wp\/v2\/pages\/15\/revisions\/40"}],"up":[{"embeddable":true,"href":"https:\/\/wp.ufpel.edu.br\/barros\/wp-json\/wp\/v2\/pages\/11"}],"wp:attachment":[{"href":"https:\/\/wp.ufpel.edu.br\/barros\/wp-json\/wp\/v2\/media?parent=15"}],"curies":[{"name":"wp","href":"https:\/\/api.w.org\/{rel}","templated":true}]}}