{"id":83,"date":"2019-09-03T17:00:54","date_gmt":"2019-09-03T20:00:54","guid":{"rendered":"https:\/\/wp.ufpel.edu.br\/barometro\/?page_id=83"},"modified":"2019-10-28T16:31:34","modified_gmt":"2019-10-28T19:31:34","slug":"nossos-produtos","status":"publish","type":"page","link":"https:\/\/wp.ufpel.edu.br\/barometro\/nossos-produtos\/","title":{"rendered":"Nossas Pesquisas"},"content":{"rendered":"<h1><em><span style=\"color: #0000ff\">Telefonia<\/span><\/em><\/h1>\n<table style=\"border-collapse: collapse;width: 100%\" border=\"1\">\n<tbody>\n<tr style=\"height: 36px\">\n<td style=\"width: 16.6667%;text-align: center;height: 118px\" rowspan=\"2\"><span style=\"font-size: 18pt\"><strong>Per\u00edodo<\/strong><\/span><\/td>\n<td style=\"width: 16.6667%;text-align: center;height: 36px\"><span style=\"font-size: 18pt\"><strong>Operadoras<\/strong><\/span><\/td>\n<td style=\"width: 17.0336%;text-align: center;height: 36px\"><span style=\"font-size: 18pt\"><strong>Claro<\/strong><\/span><\/td>\n<td style=\"width: 16.2225%;text-align: center;height: 36px\"><span style=\"font-size: 18pt\"><strong>Oi<\/strong><\/span><\/td>\n<td style=\"width: 16.6667%;text-align: center;height: 36px\"><span style=\"font-size: 18pt\"><strong>TIM<\/strong><\/span><\/td>\n<td style=\"width: 16.6667%;text-align: center;height: 36px\"><span style=\"font-size: 18pt\"><strong>Vivo<\/strong><\/span><\/td>\n<\/tr>\n<tr style=\"height: 82px\">\n<td style=\"width: 16.6667%;text-align: center;height: 82px\"><span style=\"font-size: 18pt\"><strong>Estado<\/strong><\/span><\/td>\n<td style=\"width: 17.0336%;text-align: center;height: 82px\"><img class=\" wp-image-88 aligncenter\" src=\"https:\/\/wp.ufpel.edu.br\/barometro\/files\/2019\/09\/Claro.jpg\" alt=\"\" width=\"82\" height=\"82\" \/><\/td>\n<td style=\"width: 16.2225%;text-align: center;height: 82px\"><img class=\"wp-image-90 aligncenter\" src=\"https:\/\/wp.ufpel.edu.br\/barometro\/files\/2019\/09\/oi2-400x309.png\" alt=\"\" width=\"104\" height=\"80\" srcset=\"https:\/\/wp.ufpel.edu.br\/barometro\/files\/2019\/09\/oi2-400x309.png 400w, https:\/\/wp.ufpel.edu.br\/barometro\/files\/2019\/09\/oi2-768x593.png 768w, https:\/\/wp.ufpel.edu.br\/barometro\/files\/2019\/09\/oi2-1024x791.png 1024w\" sizes=\"(max-width: 104px) 100vw, 104px\" \/><\/td>\n<td style=\"width: 16.6667%;text-align: center;height: 82px\"><img class=\"wp-image-91 aligncenter\" src=\"https:\/\/wp.ufpel.edu.br\/barometro\/files\/2019\/09\/TIM.jpg\" alt=\"\" width=\"82\" height=\"82\" \/><\/td>\n<td style=\"width: 16.6667%;text-align: center;height: 82px\"><img class=\"wp-image-92 aligncenter\" src=\"https:\/\/wp.ufpel.edu.br\/barometro\/files\/2019\/09\/vivo2.png\" alt=\"\" width=\"105\" height=\"78\" \/><\/td>\n<\/tr>\n<tr style=\"height: 72px\">\n<td style=\"width: 16.6667%;height: 72px;text-align: center\"><span style=\"font-size: 18pt\"><strong>2019\/2<\/strong><\/span><\/td>\n<td style=\"width: 16.6667%;text-align: center;height: 72px\"><span style=\"font-size: 18pt\"><strong>RS<\/strong><\/span><\/td>\n<td style=\"width: 17.0336%;text-align: center;height: 72px\"><span style=\"font-size: 18pt\">Coleta Encerrada <\/span><\/td>\n<td style=\"width: 16.2225%;text-align: center;height: 72px\"><span style=\"font-size: 18pt\">Coleta Encerrada <\/span><\/td>\n<td style=\"width: 16.6667%;text-align: center;height: 72px\"><span style=\"font-size: 18pt\">Coleta Encerrada<\/span><\/td>\n<td style=\"width: 16.6667%;text-align: center;height: 72px\"><span style=\"font-size: 18pt\">Coleta Encerrada <\/span><\/td>\n<\/tr>\n<tr style=\"height: 61px\">\n<td style=\"width: 16.6667%;height: 10px;text-align: center\" colspan=\"6\">\n<span style=\"font-size: 18pt\"><a href=\"https:\/\/wp.ufpel.edu.br\/barometro\/?page_id=121&amp;preview=true\"><strong>Confira aqui o resultado<\/strong><\/a><br \/>\n<\/span><\/td>\n<\/tr>\n<tr style=\"height: 36px\">\n<td style=\"width: 16.6667%;height: 36px\"><span style=\"font-size: 18pt\"><strong>2020\/1<br \/>\n<\/strong><\/span><\/td>\n<td style=\"width: 16.6667%;text-align: center;height: 36px\"><span style=\"font-size: 18pt\"><strong>RS<\/strong><\/span><\/td>\n<td style=\"width: 17.0336%;text-align: center;height: 36px\"><span style=\"font-size: 18pt\"><strong>&#8211;<\/strong><\/span><\/td>\n<td style=\"width: 16.2225%;text-align: center;height: 36px\"><span style=\"font-size: 18pt\"><strong>&#8211;<\/strong><\/span><\/td>\n<td style=\"width: 16.6667%;text-align: center;height: 36px\"><span style=\"font-size: 18pt\"><strong>&#8211;<\/strong><\/span><\/td>\n<td style=\"width: 16.6667%;text-align: center;height: 36px\"><span style=\"font-size: 18pt\"><strong>&#8211;<\/strong><\/span><\/td>\n<\/tr>\n<\/tbody>\n<\/table>\n<h1><span style=\"color: #0000ff\"><em>Energia El\u00e9trica<\/em><\/span><\/h1>\n<h1><em><span style=\"color: #0000ff\"><strong>Internet<\/strong><\/span><\/em><\/h1>\n<h1><em><span style=\"color: #0000ff\">Televis\u00e3o por Assinatura<\/span><\/em><\/h1>\n<h1><em><span style=\"color: #0000ff\">\u00c1gua e Esgotos<br \/>\n<\/span><\/em><\/h1>\n","protected":false},"excerpt":{"rendered":"<p>Telefonia Per\u00edodo Operadoras Claro Oi TIM Vivo Estado 2019\/2 RS Coleta Encerrada Coleta Encerrada Coleta Encerrada Coleta Encerrada Confira aqui o resultado 2020\/1 RS &#8211; &#8211; &#8211; &#8211; Energia El\u00e9trica Internet Televis\u00e3o por Assinatura \u00c1gua e Esgotos<\/p>\n","protected":false},"author":77,"featured_media":0,"parent":0,"menu_order":2,"comment_status":"closed","ping_status":"closed","template":"","meta":{"footnotes":""},"class_list":["post-83","page","type-page","status-publish","hentry"],"_links":{"self":[{"href":"https:\/\/wp.ufpel.edu.br\/barometro\/wp-json\/wp\/v2\/pages\/83","targetHints":{"allow":["GET"]}}],"collection":[{"href":"https:\/\/wp.ufpel.edu.br\/barometro\/wp-json\/wp\/v2\/pages"}],"about":[{"href":"https:\/\/wp.ufpel.edu.br\/barometro\/wp-json\/wp\/v2\/types\/page"}],"author":[{"embeddable":true,"href":"https:\/\/wp.ufpel.edu.br\/barometro\/wp-json\/wp\/v2\/users\/77"}],"replies":[{"embeddable":true,"href":"https:\/\/wp.ufpel.edu.br\/barometro\/wp-json\/wp\/v2\/comments?post=83"}],"version-history":[{"count":15,"href":"https:\/\/wp.ufpel.edu.br\/barometro\/wp-json\/wp\/v2\/pages\/83\/revisions"}],"predecessor-version":[{"id":155,"href":"https:\/\/wp.ufpel.edu.br\/barometro\/wp-json\/wp\/v2\/pages\/83\/revisions\/155"}],"wp:attachment":[{"href":"https:\/\/wp.ufpel.edu.br\/barometro\/wp-json\/wp\/v2\/media?parent=83"}],"curies":[{"name":"wp","href":"https:\/\/api.w.org\/{rel}","templated":true}]}}