{"id":34,"date":"2019-09-02T18:41:38","date_gmt":"2019-09-02T21:41:38","guid":{"rendered":"https:\/\/wp.ufpel.edu.br\/barometro\/?page_id=34"},"modified":"2019-09-17T16:23:19","modified_gmt":"2019-09-17T19:23:19","slug":"equipe","status":"publish","type":"page","link":"https:\/\/wp.ufpel.edu.br\/barometro\/equipe\/","title":{"rendered":"Equipe\/Contato"},"content":{"rendered":"<p><img class=\"alignleft wp-image-5\" src=\"https:\/\/wp.ufpel.edu.br\/barometro\/files\/2019\/05\/Logo-Bar\u00f4metro-239x400.png\" alt=\"\" width=\"193\" height=\"323\" srcset=\"https:\/\/wp.ufpel.edu.br\/barometro\/files\/2019\/05\/Logo-Bar\u00f4metro-239x400.png 239w, https:\/\/wp.ufpel.edu.br\/barometro\/files\/2019\/05\/Logo-Bar\u00f4metro-768x1288.png 768w, https:\/\/wp.ufpel.edu.br\/barometro\/files\/2019\/05\/Logo-Bar\u00f4metro-611x1024.png 611w, https:\/\/wp.ufpel.edu.br\/barometro\/files\/2019\/05\/Logo-Bar\u00f4metro.png 993w\" sizes=\"(max-width: 193px) 100vw, 193px\" \/>Coordenador: Prof. Dr. Edar da Silva A\u00f1a\u00f1a &#8211; <a href=\"mailto:edaranana@gmail.com\">edaranana@gmail.com<\/a><\/p>\n<p>Bolsista: Daniela Barbosa Sousa &#8211; <a href=\"mailto:danielabsousa96@gmail.com\">danielabsousa96@gmail.com<\/a><\/p>\n<p>Bolsista: Patr\u00edcia Krause do Amaral &#8211; <a href=\"mailto:pkrause017@gmail.com\">pkrause017@gmail.com<\/a><\/p>\n<p>Colaborador: Andrei dos Santos da Costa &#8211; <a href=\"mailto:andreisc99@gmail.com\">andreisc99@gmail.com<\/a><\/p>\n<hr \/>\n<p style=\"text-align: center\">Universidade Federal de Pelotas<\/p>\n<p style=\"text-align: center\">Faculdade de Administra\u00e7\u00e3o e de Turismo<\/p>\n<p style=\"text-align: center\">Rua Gomes Carneiro, 1 &#8211; Porto<\/p>\n<p style=\"text-align: center\">96.010-610 PELOTAS &#8211; RS<\/p>\n<p style=\"text-align: center\">Telefone: +55 (53) 3284-3850<\/p>\n","protected":false},"excerpt":{"rendered":"<p>Coordenador: Prof. Dr. Edar da Silva A\u00f1a\u00f1a &#8211; edaranana@gmail.com Bolsista: Daniela Barbosa Sousa &#8211; danielabsousa96@gmail.com Bolsista: Patr\u00edcia Krause do Amaral &#8211; pkrause017@gmail.com Colaborador: Andrei dos Santos da Costa &#8211; andreisc99@gmail.com Universidade Federal de Pelotas Faculdade de Administra\u00e7\u00e3o e de Turismo Rua Gomes Carneiro, 1 &#8211; Porto 96.010-610 PELOTAS &#8211; RS Telefone: +55 (53) 3284-3850<\/p>\n","protected":false},"author":77,"featured_media":0,"parent":0,"menu_order":3,"comment_status":"closed","ping_status":"closed","template":"","meta":{"footnotes":""},"class_list":["post-34","page","type-page","status-publish","hentry"],"_links":{"self":[{"href":"https:\/\/wp.ufpel.edu.br\/barometro\/wp-json\/wp\/v2\/pages\/34","targetHints":{"allow":["GET"]}}],"collection":[{"href":"https:\/\/wp.ufpel.edu.br\/barometro\/wp-json\/wp\/v2\/pages"}],"about":[{"href":"https:\/\/wp.ufpel.edu.br\/barometro\/wp-json\/wp\/v2\/types\/page"}],"author":[{"embeddable":true,"href":"https:\/\/wp.ufpel.edu.br\/barometro\/wp-json\/wp\/v2\/users\/77"}],"replies":[{"embeddable":true,"href":"https:\/\/wp.ufpel.edu.br\/barometro\/wp-json\/wp\/v2\/comments?post=34"}],"version-history":[{"count":17,"href":"https:\/\/wp.ufpel.edu.br\/barometro\/wp-json\/wp\/v2\/pages\/34\/revisions"}],"predecessor-version":[{"id":114,"href":"https:\/\/wp.ufpel.edu.br\/barometro\/wp-json\/wp\/v2\/pages\/34\/revisions\/114"}],"wp:attachment":[{"href":"https:\/\/wp.ufpel.edu.br\/barometro\/wp-json\/wp\/v2\/media?parent=34"}],"curies":[{"name":"wp","href":"https:\/\/api.w.org\/{rel}","templated":true}]}}