{"id":31,"date":"2018-12-18T11:50:55","date_gmt":"2018-12-18T13:50:55","guid":{"rendered":"https:\/\/wp.ufpel.edu.br\/bailar\/?page_id=31"},"modified":"2018-12-18T11:50:55","modified_gmt":"2018-12-18T13:50:55","slug":"grupos","status":"publish","type":"page","link":"https:\/\/wp.ufpel.edu.br\/bailar\/grupos\/","title":{"rendered":"GRUPOS"},"content":{"rendered":"<p>BAILAR: N\u00facleo de Dan\u00e7a na Maturidade \u00e9 formado por grupos que exercem atividades junto a comunidade, alguns destes grupos s\u00e3o:<\/p>\n<p><strong>Baila Cassino Grupo de Dan\u00e7a<br \/>\n<\/strong>O Baila Cassino \u00e9 um grupo de Dan\u00e7a Livre formado por mulheres que decidiram dedicar-se \u00e0 dan\u00e7a como forma de supera\u00e7\u00e3o, motiva\u00e7\u00e3o, autoestima e tamb\u00e9m almejando sensibilizar pessoas de diferentes classes sociais. O grupo trabalha com a dan\u00e7a, desbloqueando medos e vergonhas que v\u00e3o se instaurando ao longo da vida, aliando os interesses das alunas com atividades que proporcionem seu desenvolvimento art\u00edstico, sempre com um olhar voltado para um trabalho onde todas se sintam produtoras de cultura.<strong><br \/>\n<\/strong><\/p>\n<p><strong>UNATI\u00a0\u2013 Universidade Aberta \u00e0 Terceira Idade &#8211; Universidade Federal de Pelotas<br \/>\n<\/strong>A Universidade Aberta \u00e0 Terceira Idade (UNATI) da UFPel, \u00e9 um programa que oferece cursos n\u00e3o regulares para pessoas com mais de 60 anos, visando a integra\u00e7\u00e3o social, educacional, art\u00edstica e a qualidade de vida.<\/p>\n<p><strong>Cooperativa de Trabalho dos Agentes Ambientais FRAGET-COOAFRA<br \/>\n<\/strong>Cooperativa habilitada pela Comiss\u00e3o Gestora do Programa de Coleta Seletiva Solid\u00e1ria da UFPel. Exerce trabalhos art\u00edsticos e culturais junto a comunidade do Fragata em Pelotas.<strong><br \/>\n<\/strong><\/p>\n","protected":false},"excerpt":{"rendered":"<p>BAILAR: N\u00facleo de Dan\u00e7a na Maturidade \u00e9 formado por grupos que exercem atividades junto a comunidade, alguns destes grupos s\u00e3o: Baila Cassino Grupo de Dan\u00e7a O Baila Cassino \u00e9 um grupo de Dan\u00e7a Livre formado por mulheres que decidiram dedicar-se \u00e0 dan\u00e7a como forma de supera\u00e7\u00e3o, motiva\u00e7\u00e3o, autoestima e tamb\u00e9m almejando sensibilizar pessoas de diferentes [&hellip;]<\/p>\n","protected":false},"author":816,"featured_media":0,"parent":0,"menu_order":0,"comment_status":"closed","ping_status":"closed","template":"","meta":{"footnotes":""},"class_list":["post-31","page","type-page","status-publish","hentry"],"_links":{"self":[{"href":"https:\/\/wp.ufpel.edu.br\/bailar\/wp-json\/wp\/v2\/pages\/31","targetHints":{"allow":["GET"]}}],"collection":[{"href":"https:\/\/wp.ufpel.edu.br\/bailar\/wp-json\/wp\/v2\/pages"}],"about":[{"href":"https:\/\/wp.ufpel.edu.br\/bailar\/wp-json\/wp\/v2\/types\/page"}],"author":[{"embeddable":true,"href":"https:\/\/wp.ufpel.edu.br\/bailar\/wp-json\/wp\/v2\/users\/816"}],"replies":[{"embeddable":true,"href":"https:\/\/wp.ufpel.edu.br\/bailar\/wp-json\/wp\/v2\/comments?post=31"}],"version-history":[{"count":1,"href":"https:\/\/wp.ufpel.edu.br\/bailar\/wp-json\/wp\/v2\/pages\/31\/revisions"}],"predecessor-version":[{"id":34,"href":"https:\/\/wp.ufpel.edu.br\/bailar\/wp-json\/wp\/v2\/pages\/31\/revisions\/34"}],"wp:attachment":[{"href":"https:\/\/wp.ufpel.edu.br\/bailar\/wp-json\/wp\/v2\/media?parent=31"}],"curies":[{"name":"wp","href":"https:\/\/api.w.org\/{rel}","templated":true}]}}