{"id":27,"date":"2018-12-18T11:19:30","date_gmt":"2018-12-18T13:19:30","guid":{"rendered":"https:\/\/wp.ufpel.edu.br\/bailar\/?page_id=27"},"modified":"2018-12-18T11:19:30","modified_gmt":"2018-12-18T13:19:30","slug":"equipe","status":"publish","type":"page","link":"https:\/\/wp.ufpel.edu.br\/bailar\/equipe\/","title":{"rendered":"EQUIPE"},"content":{"rendered":"<p><strong>BAILAR: N\u00facleo de Dan\u00e7a na Maturidade<\/strong> \u00e9 um projeto de extens\u00e3o da Universidade Federal de Pelotas coordenado pela professora Carmen Anita Hoffmann, docente do curso de Dan\u00e7a \u2013 Centro de Artes, na Universidade Federal de Pelotas.<\/p>\n<p><strong>Coordenadora Geral<\/strong><br \/>\nCarmen Anita Hoffmann<br \/>\nContato:\u00a0carminhalese@yahoo.com.br<\/p>\n<p><strong>Coordenadora Adjunta<\/strong><br \/>\nEleonora Campos da Motta Santos<br \/>\nContato:\u00a0eleonora.santos@ufpel.edu.br<\/p>\n<p><strong>Bolsistas Vinculados<\/strong><\/p>\n<p>Extens\u00e3o &#8211; BAILAR: N\u00facleo de Dan\u00e7a na Maturidade<br \/>\nRaquel Romeiro Alves<br \/>\nContato: rowanromeiro@gmail.com<\/p>\n","protected":false},"excerpt":{"rendered":"<p>BAILAR: N\u00facleo de Dan\u00e7a na Maturidade \u00e9 um projeto de extens\u00e3o da Universidade Federal de Pelotas coordenado pela professora Carmen Anita Hoffmann, docente do curso de Dan\u00e7a \u2013 Centro de Artes, na Universidade Federal de Pelotas. Coordenadora Geral Carmen Anita Hoffmann Contato:\u00a0carminhalese@yahoo.com.br Coordenadora Adjunta Eleonora Campos da Motta Santos Contato:\u00a0eleonora.santos@ufpel.edu.br Bolsistas Vinculados Extens\u00e3o &#8211; BAILAR: [&hellip;]<\/p>\n","protected":false},"author":816,"featured_media":0,"parent":0,"menu_order":0,"comment_status":"closed","ping_status":"closed","template":"","meta":{"footnotes":""},"class_list":["post-27","page","type-page","status-publish","hentry"],"_links":{"self":[{"href":"https:\/\/wp.ufpel.edu.br\/bailar\/wp-json\/wp\/v2\/pages\/27","targetHints":{"allow":["GET"]}}],"collection":[{"href":"https:\/\/wp.ufpel.edu.br\/bailar\/wp-json\/wp\/v2\/pages"}],"about":[{"href":"https:\/\/wp.ufpel.edu.br\/bailar\/wp-json\/wp\/v2\/types\/page"}],"author":[{"embeddable":true,"href":"https:\/\/wp.ufpel.edu.br\/bailar\/wp-json\/wp\/v2\/users\/816"}],"replies":[{"embeddable":true,"href":"https:\/\/wp.ufpel.edu.br\/bailar\/wp-json\/wp\/v2\/comments?post=27"}],"version-history":[{"count":1,"href":"https:\/\/wp.ufpel.edu.br\/bailar\/wp-json\/wp\/v2\/pages\/27\/revisions"}],"predecessor-version":[{"id":30,"href":"https:\/\/wp.ufpel.edu.br\/bailar\/wp-json\/wp\/v2\/pages\/27\/revisions\/30"}],"wp:attachment":[{"href":"https:\/\/wp.ufpel.edu.br\/bailar\/wp-json\/wp\/v2\/media?parent=27"}],"curies":[{"name":"wp","href":"https:\/\/api.w.org\/{rel}","templated":true}]}}