{"id":608,"date":"2020-07-24T16:33:06","date_gmt":"2020-07-24T19:33:06","guid":{"rendered":"https:\/\/wp.ufpel.edu.br\/bachpopmus\/?page_id=608"},"modified":"2020-08-10T22:23:06","modified_gmt":"2020-08-11T01:23:06","slug":"eventos","status":"publish","type":"page","link":"https:\/\/wp.ufpel.edu.br\/bachpopmus\/nump\/eventos\/","title":{"rendered":"Eventos"},"content":{"rendered":"<p><img data-recalc-dims=\"1\" loading=\"lazy\" decoding=\"async\" data-attachment-id=\"627\" data-permalink=\"https:\/\/wp.ufpel.edu.br\/bachpopmus\/nump\/eventos\/1-2\/\" data-orig-file=\"https:\/\/i0.wp.com\/wp.ufpel.edu.br\/bachpopmus\/files\/2020\/08\/1.png?fit=1414%2C2000&amp;ssl=1\" data-orig-size=\"1414,2000\" data-comments-opened=\"0\" data-image-meta=\"{&quot;aperture&quot;:&quot;0&quot;,&quot;credit&quot;:&quot;&quot;,&quot;camera&quot;:&quot;&quot;,&quot;caption&quot;:&quot;&quot;,&quot;created_timestamp&quot;:&quot;0&quot;,&quot;copyright&quot;:&quot;&quot;,&quot;focal_length&quot;:&quot;0&quot;,&quot;iso&quot;:&quot;0&quot;,&quot;shutter_speed&quot;:&quot;0&quot;,&quot;title&quot;:&quot;&quot;,&quot;orientation&quot;:&quot;0&quot;}\" data-image-title=\"1\" data-image-description=\"\" data-image-caption=\"\" data-medium-file=\"https:\/\/i0.wp.com\/wp.ufpel.edu.br\/bachpopmus\/files\/2020\/08\/1.png?fit=283%2C400&amp;ssl=1\" data-large-file=\"https:\/\/i0.wp.com\/wp.ufpel.edu.br\/bachpopmus\/files\/2020\/08\/1.png?fit=724%2C1024&amp;ssl=1\" class=\"alignnone wp-image-627 size-full\" src=\"https:\/\/i0.wp.com\/wp.ufpel.edu.br\/bachpopmus\/files\/2020\/08\/1.png?resize=750%2C1061&#038;ssl=1\" alt=\"\" width=\"750\" height=\"1061\" srcset=\"https:\/\/i0.wp.com\/wp.ufpel.edu.br\/bachpopmus\/files\/2020\/08\/1.png?w=1414&amp;ssl=1 1414w, https:\/\/i0.wp.com\/wp.ufpel.edu.br\/bachpopmus\/files\/2020\/08\/1.png?resize=283%2C400&amp;ssl=1 283w, https:\/\/i0.wp.com\/wp.ufpel.edu.br\/bachpopmus\/files\/2020\/08\/1.png?resize=724%2C1024&amp;ssl=1 724w, https:\/\/i0.wp.com\/wp.ufpel.edu.br\/bachpopmus\/files\/2020\/08\/1.png?resize=768%2C1086&amp;ssl=1 768w, https:\/\/i0.wp.com\/wp.ufpel.edu.br\/bachpopmus\/files\/2020\/08\/1.png?resize=1086%2C1536&amp;ssl=1 1086w\" sizes=\"auto, (max-width: 750px) 100vw, 750px\" \/> <img data-recalc-dims=\"1\" loading=\"lazy\" decoding=\"async\" data-attachment-id=\"628\" data-permalink=\"https:\/\/wp.ufpel.edu.br\/bachpopmus\/nump\/eventos\/2-2\/\" data-orig-file=\"https:\/\/i0.wp.com\/wp.ufpel.edu.br\/bachpopmus\/files\/2020\/08\/2.png?fit=1414%2C2000&amp;ssl=1\" data-orig-size=\"1414,2000\" data-comments-opened=\"0\" data-image-meta=\"{&quot;aperture&quot;:&quot;0&quot;,&quot;credit&quot;:&quot;&quot;,&quot;camera&quot;:&quot;&quot;,&quot;caption&quot;:&quot;&quot;,&quot;created_timestamp&quot;:&quot;0&quot;,&quot;copyright&quot;:&quot;&quot;,&quot;focal_length&quot;:&quot;0&quot;,&quot;iso&quot;:&quot;0&quot;,&quot;shutter_speed&quot;:&quot;0&quot;,&quot;title&quot;:&quot;&quot;,&quot;orientation&quot;:&quot;0&quot;}\" data-image-title=\"2\" data-image-description=\"\" data-image-caption=\"\" data-medium-file=\"https:\/\/i0.wp.com\/wp.ufpel.edu.br\/bachpopmus\/files\/2020\/08\/2.png?fit=283%2C400&amp;ssl=1\" data-large-file=\"https:\/\/i0.wp.com\/wp.ufpel.edu.br\/bachpopmus\/files\/2020\/08\/2.png?fit=724%2C1024&amp;ssl=1\" class=\"alignnone wp-image-628 size-full\" src=\"https:\/\/i0.wp.com\/wp.ufpel.edu.br\/bachpopmus\/files\/2020\/08\/2.png?resize=750%2C1061&#038;ssl=1\" alt=\"\" width=\"750\" height=\"1061\" srcset=\"https:\/\/i0.wp.com\/wp.ufpel.edu.br\/bachpopmus\/files\/2020\/08\/2.png?w=1414&amp;ssl=1 1414w, https:\/\/i0.wp.com\/wp.ufpel.edu.br\/bachpopmus\/files\/2020\/08\/2.png?resize=283%2C400&amp;ssl=1 283w, https:\/\/i0.wp.com\/wp.ufpel.edu.br\/bachpopmus\/files\/2020\/08\/2.png?resize=724%2C1024&amp;ssl=1 724w, https:\/\/i0.wp.com\/wp.ufpel.edu.br\/bachpopmus\/files\/2020\/08\/2.png?resize=768%2C1086&amp;ssl=1 768w, https:\/\/i0.wp.com\/wp.ufpel.edu.br\/bachpopmus\/files\/2020\/08\/2.png?resize=1086%2C1536&amp;ssl=1 1086w\" sizes=\"auto, (max-width: 750px) 100vw, 750px\" \/><\/p>\n<p>&nbsp;<\/p>\n<p class=\"_04xlpA direction-ltr align-start para-style-title\"><span class=\"JsGRdQ\">A t\u00e9cnica do saxofone em diferentes contextos;<\/span><\/p>\n<p class=\"_04xlpA direction-ltr align-start para-style-title\"><span class=\"JsGRdQ\">Jazz e m\u00fasica de Concerto<\/span><\/p>\n<p>Com Rodrigo Capistrano<\/p>\n<p>Live no Canal do NuMP<\/p>\n<p>O objetivo do evento \u00e9 oferecer aos participantes a possibilidade de discutir pela internet quest\u00f5es t\u00e9cnicas, est\u00e9ticas e hist\u00f3ricas dos instrumentos de palhetas simples.<\/p>\n<p><a href=\"https:\/\/www.facebook.com\/profile.php?id=100017729565847\">https:\/\/www.facebook.com\/profile.php?id=100017729565847<\/a><\/p>\n","protected":false},"excerpt":{"rendered":"<p>&nbsp; A t\u00e9cnica do saxofone em diferentes contextos; Jazz e m\u00fasica de Concerto Com Rodrigo Capistrano Live no Canal do NuMP O objetivo do evento \u00e9 oferecer aos participantes a possibilidade de discutir pela internet quest\u00f5es t\u00e9cnicas, est\u00e9ticas e hist\u00f3ricas dos instrumentos de palhetas simples. https:\/\/www.facebook.com\/profile.php?id=100017729565847<\/p>\n","protected":false},"author":1046,"featured_media":0,"parent":148,"menu_order":0,"comment_status":"closed","ping_status":"closed","template":"","meta":{"jetpack_post_was_ever_published":false,"footnotes":""},"class_list":["post-608","page","type-page","status-publish","hentry","nodate","item-wrap"],"jetpack_sharing_enabled":true,"jetpack_shortlink":"https:\/\/wp.me\/P9oCR6-9O","jetpack_likes_enabled":true,"jetpack-related-posts":[],"_links":{"self":[{"href":"https:\/\/wp.ufpel.edu.br\/bachpopmus\/wp-json\/wp\/v2\/pages\/608","targetHints":{"allow":["GET"]}}],"collection":[{"href":"https:\/\/wp.ufpel.edu.br\/bachpopmus\/wp-json\/wp\/v2\/pages"}],"about":[{"href":"https:\/\/wp.ufpel.edu.br\/bachpopmus\/wp-json\/wp\/v2\/types\/page"}],"author":[{"embeddable":true,"href":"https:\/\/wp.ufpel.edu.br\/bachpopmus\/wp-json\/wp\/v2\/users\/1046"}],"replies":[{"embeddable":true,"href":"https:\/\/wp.ufpel.edu.br\/bachpopmus\/wp-json\/wp\/v2\/comments?post=608"}],"version-history":[{"count":6,"href":"https:\/\/wp.ufpel.edu.br\/bachpopmus\/wp-json\/wp\/v2\/pages\/608\/revisions"}],"predecessor-version":[{"id":629,"href":"https:\/\/wp.ufpel.edu.br\/bachpopmus\/wp-json\/wp\/v2\/pages\/608\/revisions\/629"}],"up":[{"embeddable":true,"href":"https:\/\/wp.ufpel.edu.br\/bachpopmus\/wp-json\/wp\/v2\/pages\/148"}],"wp:attachment":[{"href":"https:\/\/wp.ufpel.edu.br\/bachpopmus\/wp-json\/wp\/v2\/media?parent=608"}],"curies":[{"name":"wp","href":"https:\/\/api.w.org\/{rel}","templated":true}]}}