{"id":582,"date":"2020-07-17T22:38:54","date_gmt":"2020-07-18T01:38:54","guid":{"rendered":"https:\/\/wp.ufpel.edu.br\/bachpopmus\/?page_id=582"},"modified":"2020-07-27T21:53:27","modified_gmt":"2020-07-28T00:53:27","slug":"artigos-academicos","status":"publish","type":"page","link":"https:\/\/wp.ufpel.edu.br\/bachpopmus\/publicacoes\/artigos-academicos\/","title":{"rendered":"Artigos acad\u00eamicos"},"content":{"rendered":"<div><strong>N\u00facleo da can\u00e7\u00e3o UFPel: \u201ccancionando a academia\u201d<\/strong><\/div>\n<div>Guilherme Sperb<\/div>\n<div><b><a href=\"https:\/\/anppom.com.br\/congressos\/index.php\/29anppom\/29CongrAnppom\/paper\/viewFile\/5989\/2371\" target=\"_blank\" rel=\"noopener noreferrer\" data-saferedirecturl=\"https:\/\/www.google.com\/url?q=https:\/\/anppom.com.br\/congressos\/index.php\/29anppom\/29CongrAnppom\/paper\/viewFile\/5989\/2371&amp;source=gmail&amp;ust=1595115736169000&amp;usg=AFQjCNFBCIbgtfp1e2HxzTZvJzPiF08CGA\">https:\/\/anppom.com.br\/congressos\/index.php\/29anppom\/29CongrAnppom\/paper\/viewFile\/5989\/2371<\/a><\/b><\/div>\n<div>.<\/div>\n<div><\/div>\n<div>\n<div><strong>Entendendo K-pop : Padr\u00f5es Musicais a partir do modelo Bennett<\/strong><\/div>\n<div>Helena Spiassi Silva<\/div>\n<div><a href=\"http:\/\/cti.ufpel.edu.br\/siepe\/arquivos\/2019\/LA_03508.pdf\" target=\"_blank\" rel=\"noopener noreferrer\" data-saferedirecturl=\"https:\/\/www.google.com\/url?q=http:\/\/cti.ufpel.edu.br\/siepe\/arquivos\/2019\/LA_03508.pdf&amp;source=gmail&amp;ust=1595115736170000&amp;usg=AFQjCNHHvJYz-KrIVN8FRLFTkOm4veHEtQ\">http:\/\/cti.ufpel.edu.br\/siepe\/arquivos\/2019\/LA_03508.pdf<\/a><\/div>\n<div><span style=\"font-family: arial, sans-serif\">.\u00a0<\/span><\/div>\n<div><\/div>\n<div><strong>N\u00facleo da Can\u00e7\u00e3o: Todos na Mesma Roda<\/strong><span style=\"font-family: arial, sans-serif\"><br \/>\n<\/span><\/div>\n<div>Murilo \u00c1vila<\/div>\n<div>Pedro Silveira Kowalski<\/div>\n<div><a href=\"https:\/\/wp.ufpel.edu.br\/congressoextensao\/files\/2019\/11\/Cultura.pdf\" target=\"_blank\" rel=\"noopener noreferrer\" data-saferedirecturl=\"https:\/\/www.google.com\/url?q=https:\/\/wp.ufpel.edu.br\/congressoextensao\/files\/2019\/11\/Cultura.pdf&amp;source=gmail&amp;ust=1595115736170000&amp;usg=AFQjCNFmErWnUxcvbicjBEpv2H-AIC9S7g\">https:\/\/wp.ufpel.edu.br\/congressoextensao\/files\/2019\/11\/Cultura.pdf<\/a><\/div>\n<\/div>\n<div>.<\/div>\n<div><\/div>\n<div><strong>Quereres de Caetano: A Can\u00e7\u00e3o como literatura expandida<\/strong><\/div>\n<div>Leandro Maia<\/div>\n<div><a href=\"https:\/\/seer.ufrgs.br\/organon\/article\/view\/96639\">https:\/\/seer.ufrgs.br\/organon\/article\/view\/96639<\/a><\/div>\n<div>.<\/div>\n<div><\/div>\n<div><strong>Os Campos Neutrais de Vitor Ramil: uma Po\u00e9tica do Frio entre Nuvens, Borges e Bourdieu<\/strong><\/div>\n<div>Leandro Maia<\/div>\n<div><a href=\"https:\/\/anppom.com.br\/congressos\/index.php\/28anppom\/29CongrAnppom\/paper\/view\/5718\/2372\">https:\/\/anppom.com.br\/congressos\/index.php\/28anppom\/29CongrAnppom\/paper\/view\/5718\/2372<\/a><\/div>\n<div>.<\/div>\n<div><\/div>\n<div><strong>Abordagens metodol\u00f3gicas e aspectos interdisciplinares dos processos criativos em m\u00fasica popular<\/strong><\/div>\n<div>Leandro Maia<\/div>\n<div>Rafael Velloso<\/div>\n<div><a href=\"https:\/\/anppom.com.br\/congressos\/index.php\/28anppom\/29CongrAnppom\/paper\/view\/5841\/2368\">https:\/\/anppom.com.br\/congressos\/index.php\/28anppom\/29CongrAnppom\/paper\/view\/5841\/2368<\/a><\/div>\n<div>.<\/div>\n<div><\/div>\n<div><strong>&#8220;Sabe, borboleta&#8221; e &#8220;Diz Voc\u00ea&#8221;: parceria como m\u00e9todo de pesquisa art\u00edstica em can\u00e7\u00e3o popular<\/strong><\/div>\n<div>Leandro Maia<\/div>\n<div><a href=\"https:\/\/anppom.com.br\/wp-content\/uploads\/2019\/08\/ANPPOM-Caderno-2019.pdf\">https:\/\/anppom.com.br\/wp-content\/uploads\/2019\/08\/ANPPOM-Caderno-2019.pdf<\/a><\/div>\n<div>.<\/div>\n<div><\/div>\n","protected":false},"excerpt":{"rendered":"<p>N\u00facleo da can\u00e7\u00e3o UFPel: \u201ccancionando a academia\u201d Guilherme Sperb https:\/\/anppom.com.br\/congressos\/index.php\/29anppom\/29CongrAnppom\/paper\/viewFile\/5989\/2371 . Entendendo K-pop : Padr\u00f5es Musicais a partir do modelo Bennett Helena Spiassi Silva http:\/\/cti.ufpel.edu.br\/siepe\/arquivos\/2019\/LA_03508.pdf .\u00a0 N\u00facleo da Can\u00e7\u00e3o: Todos na Mesma Roda Murilo \u00c1vila Pedro Silveira Kowalski https:\/\/wp.ufpel.edu.br\/congressoextensao\/files\/2019\/11\/Cultura.pdf . Quereres de Caetano: A Can\u00e7\u00e3o como literatura expandida Leandro Maia https:\/\/seer.ufrgs.br\/organon\/article\/view\/96639 . Os Campos Neutrais &hellip; <\/p>\n<p><a class=\"more-link btn\" href=\"https:\/\/wp.ufpel.edu.br\/bachpopmus\/publicacoes\/artigos-academicos\/\">Continue lendo<\/a><\/p>\n","protected":false},"author":1046,"featured_media":0,"parent":560,"menu_order":0,"comment_status":"closed","ping_status":"closed","template":"","meta":{"jetpack_post_was_ever_published":false,"footnotes":""},"class_list":["post-582","page","type-page","status-publish","hentry","nodate","item-wrap"],"jetpack_sharing_enabled":true,"jetpack_shortlink":"https:\/\/wp.me\/P9oCR6-9o","jetpack_likes_enabled":true,"jetpack-related-posts":[],"_links":{"self":[{"href":"https:\/\/wp.ufpel.edu.br\/bachpopmus\/wp-json\/wp\/v2\/pages\/582","targetHints":{"allow":["GET"]}}],"collection":[{"href":"https:\/\/wp.ufpel.edu.br\/bachpopmus\/wp-json\/wp\/v2\/pages"}],"about":[{"href":"https:\/\/wp.ufpel.edu.br\/bachpopmus\/wp-json\/wp\/v2\/types\/page"}],"author":[{"embeddable":true,"href":"https:\/\/wp.ufpel.edu.br\/bachpopmus\/wp-json\/wp\/v2\/users\/1046"}],"replies":[{"embeddable":true,"href":"https:\/\/wp.ufpel.edu.br\/bachpopmus\/wp-json\/wp\/v2\/comments?post=582"}],"version-history":[{"count":7,"href":"https:\/\/wp.ufpel.edu.br\/bachpopmus\/wp-json\/wp\/v2\/pages\/582\/revisions"}],"predecessor-version":[{"id":619,"href":"https:\/\/wp.ufpel.edu.br\/bachpopmus\/wp-json\/wp\/v2\/pages\/582\/revisions\/619"}],"up":[{"embeddable":true,"href":"https:\/\/wp.ufpel.edu.br\/bachpopmus\/wp-json\/wp\/v2\/pages\/560"}],"wp:attachment":[{"href":"https:\/\/wp.ufpel.edu.br\/bachpopmus\/wp-json\/wp\/v2\/media?parent=582"}],"curies":[{"name":"wp","href":"https:\/\/api.w.org\/{rel}","templated":true}]}}