{"id":579,"date":"2020-07-17T22:13:55","date_gmt":"2020-07-18T01:13:55","guid":{"rendered":"https:\/\/wp.ufpel.edu.br\/bachpopmus\/?page_id=579"},"modified":"2020-07-27T22:14:09","modified_gmt":"2020-07-28T01:14:09","slug":"livros","status":"publish","type":"page","link":"https:\/\/wp.ufpel.edu.br\/bachpopmus\/publicacoes\/livros\/","title":{"rendered":"Livros"},"content":{"rendered":"<div>\n<div>Livros<\/div>\n<div><\/div>\n<div><\/div>\n<div><strong>Dona Concei\u00e7\u00e3o dos Mil Sambas<\/strong><\/div>\n<div>Leandro Maia<\/div>\n<div><a href=\"http:\/\/donaconceicaodosmilsambas.wordpress.com.br\/baixe-o-cd\" target=\"_blank\" rel=\"noopener noreferrer\" data-saferedirecturl=\"https:\/\/www.google.com\/url?q=http:\/\/donaconceicaodosmilsambas.wordpress.com.br\/baixe-o-cd&amp;source=gmail&amp;ust=1595115736170000&amp;usg=AFQjCNFS6GDXj72xU57RLnd0F0nyIzci3g\">donaconceicaodosmilsambas.wordpress.com.br\/baixe-o-cd<\/a> senha: rosa<\/div>\n<div><\/div>\n<div><\/div>\n<div><strong>Cadernos do Choro de Pelotas<\/strong><\/div>\n<div>https:\/\/wp.ufpel.edu.br\/choropelotas\/cadernos-do-choro-de-pelotas\/<\/div>\n<div><\/div>\n<div><\/div>\n<div><strong>NuMP &#8211; A extens\u00e3o universit\u00e1ria nos 50 anos da Universidade Federal de Pelotas<\/strong><\/div>\n<div><a href=\"https:\/\/wp.ufpel.edu.br\/bachpopmus\/files\/2020\/07\/NUMP-Livro-50-Anos.pdf\">https:\/\/wp.ufpel.edu.br\/bachpopmus\/files\/2020\/07\/NUMP-Livro-50-Anos.pdf<\/a><\/div>\n<\/div>\n<div><\/div>\n<div><\/div>\n<div>\n<div>Cap\u00edtulos<\/div>\n<\/div>\n<div><\/div>\n<div><\/div>\n<div><strong>A TVE e a FM Cultura na forma\u00e7\u00e3o do habitus musical: quest\u00f5es pessoais, implica\u00e7\u00f5es coletivas<\/strong><\/div>\n<div><a href=\"https:\/\/www.editorafi.org\/681tvebrasil\">https:\/\/www.editorafi.org\/681tvebrasil<\/a><\/div>\n<div><\/div>\n<div><\/div>\n","protected":false},"excerpt":{"rendered":"<p>Livros Dona Concei\u00e7\u00e3o dos Mil Sambas Leandro Maia donaconceicaodosmilsambas.wordpress.com.br\/baixe-o-cd senha: rosa Cadernos do Choro de Pelotas https:\/\/wp.ufpel.edu.br\/choropelotas\/cadernos-do-choro-de-pelotas\/ NuMP &#8211; A extens\u00e3o universit\u00e1ria nos 50 anos da Universidade Federal de Pelotas https:\/\/wp.ufpel.edu.br\/bachpopmus\/files\/2020\/07\/NUMP-Livro-50-Anos.pdf Cap\u00edtulos A TVE e a FM Cultura na forma\u00e7\u00e3o do habitus musical: quest\u00f5es pessoais, implica\u00e7\u00f5es coletivas https:\/\/www.editorafi.org\/681tvebrasil<\/p>\n","protected":false},"author":1046,"featured_media":0,"parent":560,"menu_order":0,"comment_status":"closed","ping_status":"closed","template":"","meta":{"jetpack_post_was_ever_published":false,"footnotes":""},"class_list":["post-579","page","type-page","status-publish","hentry","nodate","item-wrap"],"jetpack_sharing_enabled":true,"jetpack_shortlink":"https:\/\/wp.me\/P9oCR6-9l","jetpack_likes_enabled":true,"jetpack-related-posts":[],"_links":{"self":[{"href":"https:\/\/wp.ufpel.edu.br\/bachpopmus\/wp-json\/wp\/v2\/pages\/579","targetHints":{"allow":["GET"]}}],"collection":[{"href":"https:\/\/wp.ufpel.edu.br\/bachpopmus\/wp-json\/wp\/v2\/pages"}],"about":[{"href":"https:\/\/wp.ufpel.edu.br\/bachpopmus\/wp-json\/wp\/v2\/types\/page"}],"author":[{"embeddable":true,"href":"https:\/\/wp.ufpel.edu.br\/bachpopmus\/wp-json\/wp\/v2\/users\/1046"}],"replies":[{"embeddable":true,"href":"https:\/\/wp.ufpel.edu.br\/bachpopmus\/wp-json\/wp\/v2\/comments?post=579"}],"version-history":[{"count":5,"href":"https:\/\/wp.ufpel.edu.br\/bachpopmus\/wp-json\/wp\/v2\/pages\/579\/revisions"}],"predecessor-version":[{"id":623,"href":"https:\/\/wp.ufpel.edu.br\/bachpopmus\/wp-json\/wp\/v2\/pages\/579\/revisions\/623"}],"up":[{"embeddable":true,"href":"https:\/\/wp.ufpel.edu.br\/bachpopmus\/wp-json\/wp\/v2\/pages\/560"}],"wp:attachment":[{"href":"https:\/\/wp.ufpel.edu.br\/bachpopmus\/wp-json\/wp\/v2\/media?parent=579"}],"curies":[{"name":"wp","href":"https:\/\/api.w.org\/{rel}","templated":true}]}}