{"id":563,"date":"2020-07-17T22:04:28","date_gmt":"2020-07-18T01:04:28","guid":{"rendered":"https:\/\/wp.ufpel.edu.br\/bachpopmus\/?page_id=563"},"modified":"2020-07-27T21:57:50","modified_gmt":"2020-07-28T00:57:50","slug":"coordenacao-orquestra-forca-jovem","status":"publish","type":"page","link":"https:\/\/wp.ufpel.edu.br\/bachpopmus\/coordenacao-orquestra-forca-jovem\/","title":{"rendered":"Orquestra For\u00e7a Jovem"},"content":{"rendered":"<p><span style=\"font-weight: 400\">A Orquestra For\u00e7a Jovem \u00e9 uma iniciativa da Expresso Embaixador em parceria com o SEST SENAT Pelotas. Inicialmente um projeto de vizinhan\u00e7a cultural na regi\u00e3o da V\u00e1rzea, concebida pelo maestro Astor Dalferth, da Orquestra de Teut\u00f4nia, a a\u00e7\u00e3o cresceu e hoje atende crian\u00e7as e adolescentes de todas as regi\u00f5es de Pelotas, transportadas pela Expresso Embaixador\u00a0 at\u00e9 o SEST SENAT, onde bolsistas da Universidade Federal de Pelotas ensinam trombone, trompete, saxofone, flauta transversal, flauta doce, viol\u00e3o, teclado e contrabaixo, al\u00e9m de teoria musical e pr\u00e1tica musical coletiva.<\/span><\/p>\n<p><span style=\"font-weight: 400\">Desde 2019, sob coordena\u00e7\u00e3o pedag\u00f3gica do prof. Dr. Leandro Maia\/UFPEL, e em 2019 a Orquestra contou com a participa\u00e7\u00e3o e reg\u00eancia dos bolsistas acad\u00eamicos da UFPEL Daniel Carnales, Igor Amaral, Bernard Rehermmann, Ricardo Ferreira da Silva, Gustavo Baldi, Bernado Colares, Laura Silva e Jo\u00e3o Marcos Negrinho Martins.<\/span><\/p>\n<p><b>O Repert\u00f3rio<\/b><span style=\"font-weight: 400\"> da Orquestra \u00e9 selecionado colaborativamente entre bolsistas e participantes, mesclando repert\u00f3rio nacional e internacional, com \u00eanfase em m\u00fasica popular.\u00a0 Atualmente o repert\u00f3rio \u00e9:<\/span><\/p>\n<ul>\n<li style=\"font-weight: 400\"><span style=\"font-weight: 400\">Rolling in The deep &#8211; Adele e Paul Epworth<\/span><\/li>\n<li style=\"font-weight: 400\"><span style=\"font-weight: 400\">Cheia de Manias &#8211; Z\u00e9 Carlos Ra\u00e7a negra\u00a0<\/span><\/li>\n<li style=\"font-weight: 400\"><span style=\"font-weight: 400\">Stand by me &#8211; Ben E. King, Mike Stoler, Jerry Leiber e Michael Marino<\/span><\/li>\n<li style=\"font-weight: 400\"><span style=\"font-weight: 400\">Asa branca &#8211; Luiz Gonzaga e Humberto Teixeira<\/span><\/li>\n<li style=\"font-weight: 400\"><span style=\"font-weight: 400\">Que beleza &#8211; Tim Maia<\/span><\/li>\n<li style=\"font-weight: 400\"><span style=\"font-weight: 400\">Quero ser feliz tamb\u00e9m &#8211; Alexandre Carlo Cruz Pereira<\/span><\/li>\n<li style=\"font-weight: 400\"><span style=\"font-weight: 400\">Believer &#8211; Dan Reynolds, Lil Wayne, Ben Mckee, Daniel Wayne Sermon, Dan Platzman, Justin Tranter, Robin Frederickson e Mattias Larsson<\/span><\/li>\n<\/ul>\n<p>&nbsp;<\/p>\n<p><span style=\"font-weight: 400\">Al\u00e9m dos repert\u00f3rios coletivos, outras forma\u00e7\u00f5es integram o repert\u00f3rio:<\/span><\/p>\n<ul>\n<li style=\"font-weight: 400\"><span style=\"font-weight: 400\">Tico Tico no Fub\u00e1 (Zequinha de Abreu\/Duo de Saxofones)<\/span><\/li>\n<li style=\"font-weight: 400\"><span style=\"font-weight: 400\">Carinhoso (Pixinguinha\/Quarteto de Flautas)<\/span><\/li>\n<\/ul>\n<p><span style=\"font-weight: 400\">Contanto atualmente com 46 integrantes, a Orquestra For\u00e7a Jovem\u00a0 as diversas apresenta\u00e7\u00f5es da Orquestra, realizadas em 2019, encontram-se:\u00a0<\/span><\/p>\n<ul>\n<li style=\"font-weight: 400\"><span style=\"font-weight: 400\">II Encontro de Sopros do Conservat\u00f3rio de M\u00fasica da UFPEL<\/span><\/li>\n<li style=\"font-weight: 400\"><span style=\"font-weight: 400\">Escola Sylvia Mello<\/span><\/li>\n<li style=\"font-weight: 400\"><span style=\"font-weight: 400\">Escola Francisco Sim\u00f5es Lopes<\/span><\/li>\n<li style=\"font-weight: 400\"><span style=\"font-weight: 400\">Escola Monteiro Lobato<\/span><\/li>\n<li style=\"font-weight: 400\"><span style=\"font-weight: 400\">Pra\u00e7a Cel Pedro Os\u00f3rio<\/span><\/li>\n<li style=\"font-weight: 400\"><span style=\"font-weight: 400\">Sest Senat Pelotas &#8211; Dia da Fam\u00edlia<\/span><\/li>\n<li style=\"font-weight: 400\"><span style=\"font-weight: 400\">14\/12 &#8211; Mercado P\u00fablico &#8211; Museu do Piano<\/span><\/li>\n<li style=\"font-weight: 400\"><span style=\"font-weight: 400\">07\/01\/2020 &#8211; Theatro Guarany &#8211; 60 Anos Expresso Embaixador, abrindo o espet\u00e1culo &#8220;Orquestra de Teut\u00f4nia e Renato Borghetti&#8221;.<\/span><\/li>\n<\/ul>\n<p>&nbsp;<\/p>\n<p>Redes Sociais<\/p>\n<p><a href=\"https:\/\/www.facebook.com\/OrquestraForcaJovem.OFJ\">https:\/\/www.facebook.com\/OrquestraForcaJovem.OFJ<\/a><\/p>\n<p><img data-recalc-dims=\"1\" loading=\"lazy\" decoding=\"async\" data-attachment-id=\"588\" data-permalink=\"https:\/\/wp.ufpel.edu.br\/bachpopmus\/coordenacao-orquestra-forca-jovem\/photo-2019-10-28-15-32-13\/\" data-orig-file=\"https:\/\/i0.wp.com\/wp.ufpel.edu.br\/bachpopmus\/files\/2020\/07\/PHOTO-2019-10-28-15-32-13.jpg?fit=1160%2C872&amp;ssl=1\" data-orig-size=\"1160,872\" data-comments-opened=\"0\" data-image-meta=\"{&quot;aperture&quot;:&quot;0&quot;,&quot;credit&quot;:&quot;&quot;,&quot;camera&quot;:&quot;&quot;,&quot;caption&quot;:&quot;&quot;,&quot;created_timestamp&quot;:&quot;0&quot;,&quot;copyright&quot;:&quot;&quot;,&quot;focal_length&quot;:&quot;0&quot;,&quot;iso&quot;:&quot;0&quot;,&quot;shutter_speed&quot;:&quot;0&quot;,&quot;title&quot;:&quot;&quot;,&quot;orientation&quot;:&quot;0&quot;}\" data-image-title=\"PHOTO-2019-10-28-15-32-13\" data-image-description=\"\" data-image-caption=\"\" data-medium-file=\"https:\/\/i0.wp.com\/wp.ufpel.edu.br\/bachpopmus\/files\/2020\/07\/PHOTO-2019-10-28-15-32-13.jpg?fit=400%2C301&amp;ssl=1\" data-large-file=\"https:\/\/i0.wp.com\/wp.ufpel.edu.br\/bachpopmus\/files\/2020\/07\/PHOTO-2019-10-28-15-32-13.jpg?fit=750%2C564&amp;ssl=1\" class=\"alignnone size-medium wp-image-588\" src=\"https:\/\/i0.wp.com\/wp.ufpel.edu.br\/bachpopmus\/files\/2020\/07\/PHOTO-2019-10-28-15-32-13.jpg?resize=400%2C301&#038;ssl=1\" alt=\"\" width=\"400\" height=\"301\" srcset=\"https:\/\/i0.wp.com\/wp.ufpel.edu.br\/bachpopmus\/files\/2020\/07\/PHOTO-2019-10-28-15-32-13.jpg?resize=400%2C301&amp;ssl=1 400w, https:\/\/i0.wp.com\/wp.ufpel.edu.br\/bachpopmus\/files\/2020\/07\/PHOTO-2019-10-28-15-32-13.jpg?resize=1024%2C770&amp;ssl=1 1024w, https:\/\/i0.wp.com\/wp.ufpel.edu.br\/bachpopmus\/files\/2020\/07\/PHOTO-2019-10-28-15-32-13.jpg?resize=768%2C577&amp;ssl=1 768w, https:\/\/i0.wp.com\/wp.ufpel.edu.br\/bachpopmus\/files\/2020\/07\/PHOTO-2019-10-28-15-32-13.jpg?w=1160&amp;ssl=1 1160w\" sizes=\"auto, (max-width: 400px) 100vw, 400px\" \/> <img data-recalc-dims=\"1\" loading=\"lazy\" decoding=\"async\" data-attachment-id=\"587\" data-permalink=\"https:\/\/wp.ufpel.edu.br\/bachpopmus\/coordenacao-orquestra-forca-jovem\/photo-2019-10-28-15-32-12\/\" data-orig-file=\"https:\/\/i0.wp.com\/wp.ufpel.edu.br\/bachpopmus\/files\/2020\/07\/PHOTO-2019-10-28-15-32-12.jpg?fit=1032%2C774&amp;ssl=1\" data-orig-size=\"1032,774\" data-comments-opened=\"0\" data-image-meta=\"{&quot;aperture&quot;:&quot;0&quot;,&quot;credit&quot;:&quot;&quot;,&quot;camera&quot;:&quot;&quot;,&quot;caption&quot;:&quot;&quot;,&quot;created_timestamp&quot;:&quot;0&quot;,&quot;copyright&quot;:&quot;&quot;,&quot;focal_length&quot;:&quot;0&quot;,&quot;iso&quot;:&quot;0&quot;,&quot;shutter_speed&quot;:&quot;0&quot;,&quot;title&quot;:&quot;&quot;,&quot;orientation&quot;:&quot;0&quot;}\" data-image-title=\"PHOTO-2019-10-28-15-32-12\" data-image-description=\"\" data-image-caption=\"\" data-medium-file=\"https:\/\/i0.wp.com\/wp.ufpel.edu.br\/bachpopmus\/files\/2020\/07\/PHOTO-2019-10-28-15-32-12.jpg?fit=400%2C300&amp;ssl=1\" data-large-file=\"https:\/\/i0.wp.com\/wp.ufpel.edu.br\/bachpopmus\/files\/2020\/07\/PHOTO-2019-10-28-15-32-12.jpg?fit=750%2C563&amp;ssl=1\" class=\"alignnone size-medium wp-image-587\" src=\"https:\/\/i0.wp.com\/wp.ufpel.edu.br\/bachpopmus\/files\/2020\/07\/PHOTO-2019-10-28-15-32-12.jpg?resize=400%2C300&#038;ssl=1\" alt=\"\" width=\"400\" height=\"300\" srcset=\"https:\/\/i0.wp.com\/wp.ufpel.edu.br\/bachpopmus\/files\/2020\/07\/PHOTO-2019-10-28-15-32-12.jpg?resize=400%2C300&amp;ssl=1 400w, https:\/\/i0.wp.com\/wp.ufpel.edu.br\/bachpopmus\/files\/2020\/07\/PHOTO-2019-10-28-15-32-12.jpg?resize=1024%2C768&amp;ssl=1 1024w, https:\/\/i0.wp.com\/wp.ufpel.edu.br\/bachpopmus\/files\/2020\/07\/PHOTO-2019-10-28-15-32-12.jpg?resize=768%2C576&amp;ssl=1 768w, https:\/\/i0.wp.com\/wp.ufpel.edu.br\/bachpopmus\/files\/2020\/07\/PHOTO-2019-10-28-15-32-12.jpg?w=1032&amp;ssl=1 1032w\" sizes=\"auto, (max-width: 400px) 100vw, 400px\" \/> <img data-recalc-dims=\"1\" loading=\"lazy\" decoding=\"async\" data-attachment-id=\"586\" data-permalink=\"https:\/\/wp.ufpel.edu.br\/bachpopmus\/coordenacao-orquestra-forca-jovem\/ofj-na-semana-de-sopros\/\" data-orig-file=\"https:\/\/i0.wp.com\/wp.ufpel.edu.br\/bachpopmus\/files\/2020\/07\/OFJ-na-Semana-de-Sopros.jpg?fit=960%2C720&amp;ssl=1\" data-orig-size=\"960,720\" data-comments-opened=\"0\" data-image-meta=\"{&quot;aperture&quot;:&quot;0&quot;,&quot;credit&quot;:&quot;&quot;,&quot;camera&quot;:&quot;&quot;,&quot;caption&quot;:&quot;&quot;,&quot;created_timestamp&quot;:&quot;0&quot;,&quot;copyright&quot;:&quot;&quot;,&quot;focal_length&quot;:&quot;0&quot;,&quot;iso&quot;:&quot;0&quot;,&quot;shutter_speed&quot;:&quot;0&quot;,&quot;title&quot;:&quot;&quot;,&quot;orientation&quot;:&quot;0&quot;}\" data-image-title=\"OFJ na Semana de Sopros\" data-image-description=\"\" data-image-caption=\"\" data-medium-file=\"https:\/\/i0.wp.com\/wp.ufpel.edu.br\/bachpopmus\/files\/2020\/07\/OFJ-na-Semana-de-Sopros.jpg?fit=400%2C300&amp;ssl=1\" data-large-file=\"https:\/\/i0.wp.com\/wp.ufpel.edu.br\/bachpopmus\/files\/2020\/07\/OFJ-na-Semana-de-Sopros.jpg?fit=750%2C563&amp;ssl=1\" class=\"alignnone size-medium wp-image-586\" src=\"https:\/\/i0.wp.com\/wp.ufpel.edu.br\/bachpopmus\/files\/2020\/07\/OFJ-na-Semana-de-Sopros.jpg?resize=400%2C300&#038;ssl=1\" alt=\"\" width=\"400\" height=\"300\" srcset=\"https:\/\/i0.wp.com\/wp.ufpel.edu.br\/bachpopmus\/files\/2020\/07\/OFJ-na-Semana-de-Sopros.jpg?resize=400%2C300&amp;ssl=1 400w, https:\/\/i0.wp.com\/wp.ufpel.edu.br\/bachpopmus\/files\/2020\/07\/OFJ-na-Semana-de-Sopros.jpg?resize=768%2C576&amp;ssl=1 768w, https:\/\/i0.wp.com\/wp.ufpel.edu.br\/bachpopmus\/files\/2020\/07\/OFJ-na-Semana-de-Sopros.jpg?w=960&amp;ssl=1 960w\" sizes=\"auto, (max-width: 400px) 100vw, 400px\" \/> <img data-recalc-dims=\"1\" loading=\"lazy\" decoding=\"async\" data-attachment-id=\"585\" data-permalink=\"https:\/\/wp.ufpel.edu.br\/bachpopmus\/coordenacao-orquestra-forca-jovem\/81013773_104766407700722_3669091493257150464_o\/\" data-orig-file=\"https:\/\/i0.wp.com\/wp.ufpel.edu.br\/bachpopmus\/files\/2020\/07\/81013773_104766407700722_3669091493257150464_o.jpg?fit=2048%2C1368&amp;ssl=1\" data-orig-size=\"2048,1368\" data-comments-opened=\"0\" data-image-meta=\"{&quot;aperture&quot;:&quot;0&quot;,&quot;credit&quot;:&quot;&quot;,&quot;camera&quot;:&quot;&quot;,&quot;caption&quot;:&quot;&quot;,&quot;created_timestamp&quot;:&quot;0&quot;,&quot;copyright&quot;:&quot;&quot;,&quot;focal_length&quot;:&quot;0&quot;,&quot;iso&quot;:&quot;0&quot;,&quot;shutter_speed&quot;:&quot;0&quot;,&quot;title&quot;:&quot;&quot;,&quot;orientation&quot;:&quot;0&quot;}\" data-image-title=\"81013773_104766407700722_3669091493257150464_o\" data-image-description=\"\" data-image-caption=\"\" data-medium-file=\"https:\/\/i0.wp.com\/wp.ufpel.edu.br\/bachpopmus\/files\/2020\/07\/81013773_104766407700722_3669091493257150464_o.jpg?fit=400%2C267&amp;ssl=1\" data-large-file=\"https:\/\/i0.wp.com\/wp.ufpel.edu.br\/bachpopmus\/files\/2020\/07\/81013773_104766407700722_3669091493257150464_o.jpg?fit=750%2C501&amp;ssl=1\" class=\"alignnone size-medium wp-image-585\" src=\"https:\/\/i0.wp.com\/wp.ufpel.edu.br\/bachpopmus\/files\/2020\/07\/81013773_104766407700722_3669091493257150464_o.jpg?resize=400%2C267&#038;ssl=1\" alt=\"\" width=\"400\" height=\"267\" srcset=\"https:\/\/i0.wp.com\/wp.ufpel.edu.br\/bachpopmus\/files\/2020\/07\/81013773_104766407700722_3669091493257150464_o.jpg?resize=400%2C267&amp;ssl=1 400w, https:\/\/i0.wp.com\/wp.ufpel.edu.br\/bachpopmus\/files\/2020\/07\/81013773_104766407700722_3669091493257150464_o.jpg?resize=1024%2C684&amp;ssl=1 1024w, https:\/\/i0.wp.com\/wp.ufpel.edu.br\/bachpopmus\/files\/2020\/07\/81013773_104766407700722_3669091493257150464_o.jpg?resize=768%2C513&amp;ssl=1 768w, https:\/\/i0.wp.com\/wp.ufpel.edu.br\/bachpopmus\/files\/2020\/07\/81013773_104766407700722_3669091493257150464_o.jpg?resize=1536%2C1026&amp;ssl=1 1536w, https:\/\/i0.wp.com\/wp.ufpel.edu.br\/bachpopmus\/files\/2020\/07\/81013773_104766407700722_3669091493257150464_o.jpg?w=2048&amp;ssl=1 2048w\" sizes=\"auto, (max-width: 400px) 100vw, 400px\" \/><\/p>\n","protected":false},"excerpt":{"rendered":"<p>A Orquestra For\u00e7a Jovem \u00e9 uma iniciativa da Expresso Embaixador em parceria com o SEST SENAT Pelotas. Inicialmente um projeto de vizinhan\u00e7a cultural na regi\u00e3o da V\u00e1rzea, concebida pelo maestro Astor Dalferth, da Orquestra de Teut\u00f4nia, a a\u00e7\u00e3o cresceu e hoje atende crian\u00e7as e adolescentes de todas as regi\u00f5es de Pelotas, transportadas pela Expresso Embaixador\u00a0 &hellip; <\/p>\n<p><a class=\"more-link btn\" href=\"https:\/\/wp.ufpel.edu.br\/bachpopmus\/coordenacao-orquestra-forca-jovem\/\">Continue lendo<\/a><\/p>\n","protected":false},"author":1046,"featured_media":0,"parent":0,"menu_order":0,"comment_status":"closed","ping_status":"closed","template":"","meta":{"jetpack_post_was_ever_published":false,"footnotes":""},"class_list":["post-563","page","type-page","status-publish","hentry","nodate","item-wrap"],"jetpack_sharing_enabled":true,"jetpack_shortlink":"https:\/\/wp.me\/P9oCR6-95","jetpack_likes_enabled":true,"jetpack-related-posts":[],"_links":{"self":[{"href":"https:\/\/wp.ufpel.edu.br\/bachpopmus\/wp-json\/wp\/v2\/pages\/563","targetHints":{"allow":["GET"]}}],"collection":[{"href":"https:\/\/wp.ufpel.edu.br\/bachpopmus\/wp-json\/wp\/v2\/pages"}],"about":[{"href":"https:\/\/wp.ufpel.edu.br\/bachpopmus\/wp-json\/wp\/v2\/types\/page"}],"author":[{"embeddable":true,"href":"https:\/\/wp.ufpel.edu.br\/bachpopmus\/wp-json\/wp\/v2\/users\/1046"}],"replies":[{"embeddable":true,"href":"https:\/\/wp.ufpel.edu.br\/bachpopmus\/wp-json\/wp\/v2\/comments?post=563"}],"version-history":[{"count":3,"href":"https:\/\/wp.ufpel.edu.br\/bachpopmus\/wp-json\/wp\/v2\/pages\/563\/revisions"}],"predecessor-version":[{"id":621,"href":"https:\/\/wp.ufpel.edu.br\/bachpopmus\/wp-json\/wp\/v2\/pages\/563\/revisions\/621"}],"wp:attachment":[{"href":"https:\/\/wp.ufpel.edu.br\/bachpopmus\/wp-json\/wp\/v2\/media?parent=563"}],"curies":[{"name":"wp","href":"https:\/\/api.w.org\/{rel}","templated":true}]}}