{"id":179,"date":"2017-09-04T16:54:35","date_gmt":"2017-09-04T19:54:35","guid":{"rendered":"https:\/\/wp.ufpel.edu.br\/bachpopmus\/?page_id=179"},"modified":"2017-12-14T10:10:36","modified_gmt":"2017-12-14T12:10:36","slug":"mostra-de-musica-popular","status":"publish","type":"page","link":"https:\/\/wp.ufpel.edu.br\/bachpopmus\/acoes\/mostra-de-musica-popular\/","title":{"rendered":"Mostra de M\u00fasica Popular"},"content":{"rendered":"<p style=\"text-align: justify\">As Mostras de M\u00fasica Popular buscam promover o engajamento e a performance dos estudantes do curso de m\u00fasica popular, o reconhecimento da import\u00e2ncia de suas pr\u00e1ticas\u00a0estimulando as capacidades necess\u00e1rias para a atua\u00e7\u00e3o profissional e o desenvolvimento art\u00edstico, t\u00e9cnico e cient\u00edfico, promover o acesso a cultura e a trabalhos de relev\u00e2ncia sociocultural.<\/p>\n<p><img data-recalc-dims=\"1\" loading=\"lazy\" decoding=\"async\" data-attachment-id=\"198\" data-permalink=\"https:\/\/wp.ufpel.edu.br\/bachpopmus\/acoes\/mostra-de-musica-popular\/dsc_0921\/\" data-orig-file=\"https:\/\/i0.wp.com\/wp.ufpel.edu.br\/bachpopmus\/files\/2017\/09\/DSC_0921.jpg?fit=4288%2C2848&amp;ssl=1\" data-orig-size=\"4288,2848\" data-comments-opened=\"0\" data-image-meta=\"{&quot;aperture&quot;:&quot;5.6&quot;,&quot;credit&quot;:&quot;&quot;,&quot;camera&quot;:&quot;NIKON D90&quot;,&quot;caption&quot;:&quot;&quot;,&quot;created_timestamp&quot;:&quot;1458767025&quot;,&quot;copyright&quot;:&quot;&quot;,&quot;focal_length&quot;:&quot;52&quot;,&quot;iso&quot;:&quot;3200&quot;,&quot;shutter_speed&quot;:&quot;0.066666666666667&quot;,&quot;title&quot;:&quot;&quot;,&quot;orientation&quot;:&quot;1&quot;}\" data-image-title=\"Mostra\" data-image-description=\"\" data-image-caption=\"\" data-medium-file=\"https:\/\/i0.wp.com\/wp.ufpel.edu.br\/bachpopmus\/files\/2017\/09\/DSC_0921.jpg?fit=400%2C266&amp;ssl=1\" data-large-file=\"https:\/\/i0.wp.com\/wp.ufpel.edu.br\/bachpopmus\/files\/2017\/09\/DSC_0921.jpg?fit=750%2C498&amp;ssl=1\" class=\"alignnone size-medium wp-image-198 aligncenter\" src=\"https:\/\/i0.wp.com\/wp.ufpel.edu.br\/bachpopmus\/files\/2017\/09\/DSC_0921.jpg?resize=400%2C266&#038;ssl=1\" alt=\"\" width=\"400\" height=\"266\" srcset=\"https:\/\/i0.wp.com\/wp.ufpel.edu.br\/bachpopmus\/files\/2017\/09\/DSC_0921.jpg?resize=400%2C266&amp;ssl=1 400w, https:\/\/i0.wp.com\/wp.ufpel.edu.br\/bachpopmus\/files\/2017\/09\/DSC_0921.jpg?resize=768%2C510&amp;ssl=1 768w, https:\/\/i0.wp.com\/wp.ufpel.edu.br\/bachpopmus\/files\/2017\/09\/DSC_0921.jpg?resize=1024%2C680&amp;ssl=1 1024w, https:\/\/i0.wp.com\/wp.ufpel.edu.br\/bachpopmus\/files\/2017\/09\/DSC_0921.jpg?resize=452%2C300&amp;ssl=1 452w, https:\/\/i0.wp.com\/wp.ufpel.edu.br\/bachpopmus\/files\/2017\/09\/DSC_0921.jpg?w=1500&amp;ssl=1 1500w, https:\/\/i0.wp.com\/wp.ufpel.edu.br\/bachpopmus\/files\/2017\/09\/DSC_0921.jpg?w=2250&amp;ssl=1 2250w\" sizes=\"auto, (max-width: 400px) 100vw, 400px\" \/><\/p>\n","protected":false},"excerpt":{"rendered":"<p>As Mostras de M\u00fasica Popular buscam promover o engajamento e a performance dos estudantes do curso de m\u00fasica popular, o reconhecimento da import\u00e2ncia de suas pr\u00e1ticas\u00a0estimulando as capacidades necess\u00e1rias para a atua\u00e7\u00e3o profissional e o desenvolvimento art\u00edstico, t\u00e9cnico e cient\u00edfico, promover o acesso a cultura e a trabalhos de relev\u00e2ncia sociocultural.<\/p>\n","protected":false},"author":651,"featured_media":244,"parent":154,"menu_order":0,"comment_status":"closed","ping_status":"closed","template":"","meta":{"jetpack_post_was_ever_published":false,"footnotes":""},"class_list":["post-179","page","type-page","status-publish","has-post-thumbnail","hentry","nodate","item-wrap"],"jetpack_sharing_enabled":true,"jetpack_shortlink":"https:\/\/wp.me\/P9oCR6-2T","jetpack_likes_enabled":true,"jetpack-related-posts":[],"_links":{"self":[{"href":"https:\/\/wp.ufpel.edu.br\/bachpopmus\/wp-json\/wp\/v2\/pages\/179","targetHints":{"allow":["GET"]}}],"collection":[{"href":"https:\/\/wp.ufpel.edu.br\/bachpopmus\/wp-json\/wp\/v2\/pages"}],"about":[{"href":"https:\/\/wp.ufpel.edu.br\/bachpopmus\/wp-json\/wp\/v2\/types\/page"}],"author":[{"embeddable":true,"href":"https:\/\/wp.ufpel.edu.br\/bachpopmus\/wp-json\/wp\/v2\/users\/651"}],"replies":[{"embeddable":true,"href":"https:\/\/wp.ufpel.edu.br\/bachpopmus\/wp-json\/wp\/v2\/comments?post=179"}],"version-history":[{"count":3,"href":"https:\/\/wp.ufpel.edu.br\/bachpopmus\/wp-json\/wp\/v2\/pages\/179\/revisions"}],"predecessor-version":[{"id":199,"href":"https:\/\/wp.ufpel.edu.br\/bachpopmus\/wp-json\/wp\/v2\/pages\/179\/revisions\/199"}],"up":[{"embeddable":true,"href":"https:\/\/wp.ufpel.edu.br\/bachpopmus\/wp-json\/wp\/v2\/pages\/154"}],"wp:featuredmedia":[{"embeddable":true,"href":"https:\/\/wp.ufpel.edu.br\/bachpopmus\/wp-json\/wp\/v2\/media\/244"}],"wp:attachment":[{"href":"https:\/\/wp.ufpel.edu.br\/bachpopmus\/wp-json\/wp\/v2\/media?parent=179"}],"curies":[{"name":"wp","href":"https:\/\/api.w.org\/{rel}","templated":true}]}}