{"id":174,"date":"2017-09-04T16:53:48","date_gmt":"2017-09-04T19:53:48","guid":{"rendered":"https:\/\/wp.ufpel.edu.br\/bachpopmus\/?page_id=174"},"modified":"2018-12-20T11:31:41","modified_gmt":"2018-12-20T13:31:41","slug":"orquestra-de-sopros-da-ufpel","status":"publish","type":"page","link":"https:\/\/wp.ufpel.edu.br\/bachpopmus\/acoes\/orquestra-de-sopros-da-ufpel\/","title":{"rendered":"Orquestra de Sopros da UFPel"},"content":{"rendered":"<p><img data-recalc-dims=\"1\" loading=\"lazy\" decoding=\"async\" data-attachment-id=\"203\" data-permalink=\"https:\/\/wp.ufpel.edu.br\/bachpopmus\/acoes\/orquestra-de-sopros-da-ufpel\/logo-opcao-osufpel\/\" data-orig-file=\"https:\/\/i0.wp.com\/wp.ufpel.edu.br\/bachpopmus\/files\/2017\/09\/logo-op%C3%A7%C3%A3o-osufpel.png?fit=595%2C401&amp;ssl=1\" data-orig-size=\"595,401\" data-comments-opened=\"0\" data-image-meta=\"{&quot;aperture&quot;:&quot;0&quot;,&quot;credit&quot;:&quot;&quot;,&quot;camera&quot;:&quot;&quot;,&quot;caption&quot;:&quot;&quot;,&quot;created_timestamp&quot;:&quot;0&quot;,&quot;copyright&quot;:&quot;&quot;,&quot;focal_length&quot;:&quot;0&quot;,&quot;iso&quot;:&quot;0&quot;,&quot;shutter_speed&quot;:&quot;0&quot;,&quot;title&quot;:&quot;&quot;,&quot;orientation&quot;:&quot;0&quot;}\" data-image-title=\"OSUFPEL\" data-image-description=\"\" data-image-caption=\"&lt;p&gt;OSUFPEL&lt;\/p&gt;\n\" data-medium-file=\"https:\/\/i0.wp.com\/wp.ufpel.edu.br\/bachpopmus\/files\/2017\/09\/logo-op%C3%A7%C3%A3o-osufpel.png?fit=400%2C270&amp;ssl=1\" data-large-file=\"https:\/\/i0.wp.com\/wp.ufpel.edu.br\/bachpopmus\/files\/2017\/09\/logo-op%C3%A7%C3%A3o-osufpel.png?fit=595%2C401&amp;ssl=1\" class=\"size-medium wp-image-203\" src=\"https:\/\/i0.wp.com\/wp.ufpel.edu.br\/bachpopmus\/files\/2017\/09\/logo-op%C3%A7%C3%A3o-osufpel.png?resize=400%2C270&#038;ssl=1\" alt=\"\" width=\"400\" height=\"270\" srcset=\"https:\/\/i0.wp.com\/wp.ufpel.edu.br\/bachpopmus\/files\/2017\/09\/logo-op%C3%A7%C3%A3o-osufpel.png?resize=400%2C270&amp;ssl=1 400w, https:\/\/i0.wp.com\/wp.ufpel.edu.br\/bachpopmus\/files\/2017\/09\/logo-op%C3%A7%C3%A3o-osufpel.png?resize=445%2C300&amp;ssl=1 445w, https:\/\/i0.wp.com\/wp.ufpel.edu.br\/bachpopmus\/files\/2017\/09\/logo-op%C3%A7%C3%A3o-osufpel.png?w=595&amp;ssl=1 595w\" sizes=\"auto, (max-width: 400px) 100vw, 400px\" \/><\/p>\n<p><strong>Introdu\u00e7\u00e3o<\/strong><\/p>\n<p style=\"text-align: justify\">A Orquestra de Sopros da Universidade Federal de Pelotas a OSUFPEL conta atualmente com cerca de 14 m\u00fasicos divididos entre instrumentos de sopro de metais e madeiras, al\u00e9m de uma sec\u00e7\u00e3o ritmo-harm\u00f4nica composta por baixo, guitarra e bateria. Fundada em julho de 2017, a OSUFPEL possui uma forma\u00e7\u00e3o n\u00e3o tradicional, o que impossibilita a utiliza\u00e7\u00e3o de arranjos para orquestra de sopro ou <em>Big Band<\/em>, al\u00e9m de um repert\u00f3rio ecl\u00e9tico que inclui cl\u00e1ssicos do jazz e da MPB, rearranjados pelo grupo. A OSUFPel j\u00e1 se apresentou por diversas vezes desde sua funda\u00e7\u00e3o destacando, contudo, as apresenta\u00e7\u00f5es realizadas em fevereiro de 2018 na Biblioteca P\u00fablica de Pelotas em comemora\u00e7\u00e3o aos 100 anos do Conservat\u00f3rio de M\u00fasica e em junho do mesmo ano, no evento Noite no Museu, Museu do Doce de Pelotas, obtendo uma grande assist\u00eancia do p\u00fablico local.<\/p>\n<p><strong>Forma\u00e7\u00e3o<\/strong><\/p>\n<p><strong>\u00a0<img data-recalc-dims=\"1\" loading=\"lazy\" decoding=\"async\" data-attachment-id=\"414\" data-permalink=\"https:\/\/wp.ufpel.edu.br\/bachpopmus\/acoes\/orquestra-de-sopros-da-ufpel\/osufpel\/\" data-orig-file=\"https:\/\/i0.wp.com\/wp.ufpel.edu.br\/bachpopmus\/files\/2018\/12\/OSUFPEL.png?fit=382%2C82&amp;ssl=1\" data-orig-size=\"382,82\" data-comments-opened=\"0\" data-image-meta=\"{&quot;aperture&quot;:&quot;0&quot;,&quot;credit&quot;:&quot;&quot;,&quot;camera&quot;:&quot;&quot;,&quot;caption&quot;:&quot;&quot;,&quot;created_timestamp&quot;:&quot;0&quot;,&quot;copyright&quot;:&quot;&quot;,&quot;focal_length&quot;:&quot;0&quot;,&quot;iso&quot;:&quot;0&quot;,&quot;shutter_speed&quot;:&quot;0&quot;,&quot;title&quot;:&quot;&quot;,&quot;orientation&quot;:&quot;0&quot;}\" data-image-title=\"OSUFPEL\" data-image-description=\"\" data-image-caption=\"\" data-medium-file=\"https:\/\/i0.wp.com\/wp.ufpel.edu.br\/bachpopmus\/files\/2018\/12\/OSUFPEL.png?fit=382%2C82&amp;ssl=1\" data-large-file=\"https:\/\/i0.wp.com\/wp.ufpel.edu.br\/bachpopmus\/files\/2018\/12\/OSUFPEL.png?fit=382%2C82&amp;ssl=1\" class=\"alignnone  wp-image-414\" src=\"https:\/\/i0.wp.com\/wp.ufpel.edu.br\/bachpopmus\/files\/2018\/12\/OSUFPEL.png?resize=722%2C155&#038;ssl=1\" alt=\"\" width=\"722\" height=\"155\" \/><\/strong><\/p>\n<p style=\"text-align: justify\">A Orquestra \u00e9 atualmente formada por: Gabriel Faro (Guitarra), Paulo Lima (Baixo), Gabriel Faro (Bateria), Gustavo Baldi (Clarinete), Lu\u00eds Fernando (Trompete), Bira (Trombone), Marcela Santos (Sax Alto), Flavio (Trompete), Bernard Rehermann (Sax Alto), Eduardo Santos (Reg\u00eancia), Julinho (Trompete), Daniel Carnales (Sax Tenor), Matheus Luz (Sax Tenor) e Rafael Velloso (Sax Bar\u00edtono).<\/p>\n<p style=\"text-align: justify\"><strong>O Projeto<\/strong><\/p>\n<p style=\"text-align: justify\">O projeto nasceu do desejo de seus integrantes de formar uma Orquestra de Sopros que reunisse alunos e professores dos cursos de m\u00fasica da Universidade Federal de Pelotas. O grupo teve como proposta de funda\u00e7\u00e3o o estudo e a execu\u00e7\u00e3o de obras instrumentais e vocais do repertorio popular, que nortearam os componentes deste grupo para o seu aprimoramento musical. Al\u00e9m disso a cria\u00e7\u00e3o da OSUFPEL possibilitou o surgimento de um espa\u00e7o de ensino e pesquisa onde m\u00fasicos de instrumentos que s\u00e3o pouco ou n\u00e3o s\u00e3o inclu\u00eddos nos cursos de m\u00fasica da Universidade Federal de Pelotas pudessem exercitar compet\u00eancias musicais. Al\u00e9m disso, a cria\u00e7\u00e3o deste projeto possibilitou uma experi\u00eancia \u00fanica de pr\u00e1tica musical em conjunto.<\/p>\n<p style=\"text-align: justify\">Tendo em vista a necessidade de cria\u00e7\u00e3o e aperfei\u00e7oamento do grupo, identidade e repert\u00f3rio al\u00e9m de divulga\u00e7\u00e3o e consolida\u00e7\u00e3o do projeto, a implementa\u00e7\u00e3o do sistema de oficinas, prevista no projeto inicial, foi adiada para quando fosse completado um ano de funcionamento do projeto. Desta forma a segunda fase do projeto prev\u00ea uma contribui\u00e7\u00e3o mais direta e abrangente para a comunidade, tendo como foco dois eixos fundamentais:<\/p>\n<ul style=\"text-align: justify\">\n<li>A realiza\u00e7\u00e3o de recitais e concertos em escolas e centros culturais de comunidades pr\u00f3ximas;<\/li>\n<li>A manuten\u00e7\u00e3o de oficinas para o ensino dos instrumentos que comp\u00f5e a OSUFPEL. As oficinas ser\u00e3o ofertadas para a comunidade, de maneira gratuita, visando possibilitar o ensino de instrumentos, que normalmente s\u00e3o de dif\u00edcil acesso devido a seu custo financeiro.<\/li>\n<\/ul>\n<p style=\"text-align: justify\">\n<div class=\"embed-container\"><iframe loading=\"lazy\" title=\"OSUFPEL - Como os nossos pais (Belchior)\" width=\"750\" height=\"422\" src=\"https:\/\/www.youtube.com\/embed\/YhPFGcALk6U?feature=oembed\" frameborder=\"0\" allow=\"accelerometer; autoplay; clipboard-write; encrypted-media; gyroscope; picture-in-picture; web-share\" referrerpolicy=\"strict-origin-when-cross-origin\" allowfullscreen><\/iframe><\/div>\n<p>&nbsp;<\/p>\n","protected":false},"excerpt":{"rendered":"<p>Introdu\u00e7\u00e3o A Orquestra de Sopros da Universidade Federal de Pelotas a OSUFPEL conta atualmente com cerca de 14 m\u00fasicos divididos entre instrumentos de sopro de metais e madeiras, al\u00e9m de uma sec\u00e7\u00e3o ritmo-harm\u00f4nica composta por baixo, guitarra e bateria. Fundada em julho de 2017, a OSUFPEL possui uma forma\u00e7\u00e3o n\u00e3o tradicional, o que impossibilita a &hellip; <\/p>\n<p><a class=\"more-link btn\" href=\"https:\/\/wp.ufpel.edu.br\/bachpopmus\/acoes\/orquestra-de-sopros-da-ufpel\/\">Continue lendo<\/a><\/p>\n","protected":false},"author":651,"featured_media":203,"parent":154,"menu_order":0,"comment_status":"closed","ping_status":"closed","template":"","meta":{"jetpack_post_was_ever_published":false,"footnotes":""},"class_list":["post-174","page","type-page","status-publish","has-post-thumbnail","hentry","nodate","item-wrap"],"jetpack_sharing_enabled":true,"jetpack_shortlink":"https:\/\/wp.me\/P9oCR6-2O","jetpack_likes_enabled":true,"jetpack-related-posts":[],"_links":{"self":[{"href":"https:\/\/wp.ufpel.edu.br\/bachpopmus\/wp-json\/wp\/v2\/pages\/174","targetHints":{"allow":["GET"]}}],"collection":[{"href":"https:\/\/wp.ufpel.edu.br\/bachpopmus\/wp-json\/wp\/v2\/pages"}],"about":[{"href":"https:\/\/wp.ufpel.edu.br\/bachpopmus\/wp-json\/wp\/v2\/types\/page"}],"author":[{"embeddable":true,"href":"https:\/\/wp.ufpel.edu.br\/bachpopmus\/wp-json\/wp\/v2\/users\/651"}],"replies":[{"embeddable":true,"href":"https:\/\/wp.ufpel.edu.br\/bachpopmus\/wp-json\/wp\/v2\/comments?post=174"}],"version-history":[{"count":7,"href":"https:\/\/wp.ufpel.edu.br\/bachpopmus\/wp-json\/wp\/v2\/pages\/174\/revisions"}],"predecessor-version":[{"id":415,"href":"https:\/\/wp.ufpel.edu.br\/bachpopmus\/wp-json\/wp\/v2\/pages\/174\/revisions\/415"}],"up":[{"embeddable":true,"href":"https:\/\/wp.ufpel.edu.br\/bachpopmus\/wp-json\/wp\/v2\/pages\/154"}],"wp:featuredmedia":[{"embeddable":true,"href":"https:\/\/wp.ufpel.edu.br\/bachpopmus\/wp-json\/wp\/v2\/media\/203"}],"wp:attachment":[{"href":"https:\/\/wp.ufpel.edu.br\/bachpopmus\/wp-json\/wp\/v2\/media?parent=174"}],"curies":[{"name":"wp","href":"https:\/\/api.w.org\/{rel}","templated":true}]}}