{"id":171,"date":"2017-09-04T16:53:23","date_gmt":"2017-09-04T19:53:23","guid":{"rendered":"https:\/\/wp.ufpel.edu.br\/bachpopmus\/?page_id=171"},"modified":"2020-02-18T15:55:27","modified_gmt":"2020-02-18T18:55:27","slug":"encontros-do-clube-do-choro","status":"publish","type":"page","link":"https:\/\/wp.ufpel.edu.br\/bachpopmus\/acoes\/encontros-do-clube-do-choro\/","title":{"rendered":"Encontros do Clube do Choro"},"content":{"rendered":"<p style=\"text-align: justify\">Os Encontros do Clube do Choro objetivam valorizar a pr\u00e1tica de m\u00fasicos locais, a produ\u00e7\u00e3o de conhecimento t\u00e9cnico, art\u00edstico e cient\u00edfico sobre o choro como g\u00eanero e identidade regional, valorizar o fazer musical e a intera\u00e7\u00e3o social.<\/p>\n<p><a href=\"https:\/\/wp.ufpel.edu.br\/choropelotas\/\">https:\/\/wp.ufpel.edu.br\/choropelotas\/<\/a><\/p>\n<p><img data-recalc-dims=\"1\" loading=\"lazy\" decoding=\"async\" data-attachment-id=\"131\" data-permalink=\"https:\/\/wp.ufpel.edu.br\/bachpopmus\/acoes\/encontros-do-clube-do-choro\/dsc_0306\/\" data-orig-file=\"https:\/\/i0.wp.com\/wp.ufpel.edu.br\/bachpopmus\/files\/2017\/08\/DSC_0306.jpg?fit=4288%2C2848&amp;ssl=1\" data-orig-size=\"4288,2848\" data-comments-opened=\"0\" data-image-meta=\"{&quot;aperture&quot;:&quot;5.6&quot;,&quot;credit&quot;:&quot;&quot;,&quot;camera&quot;:&quot;NIKON D90&quot;,&quot;caption&quot;:&quot;&quot;,&quot;created_timestamp&quot;:&quot;1496693591&quot;,&quot;copyright&quot;:&quot;&quot;,&quot;focal_length&quot;:&quot;18&quot;,&quot;iso&quot;:&quot;3200&quot;,&quot;shutter_speed&quot;:&quot;0.025&quot;,&quot;title&quot;:&quot;&quot;,&quot;orientation&quot;:&quot;1&quot;}\" data-image-title=\"Clube do Choro\" data-image-description=\"\" data-image-caption=\"\" data-medium-file=\"https:\/\/i0.wp.com\/wp.ufpel.edu.br\/bachpopmus\/files\/2017\/08\/DSC_0306.jpg?fit=400%2C266&amp;ssl=1\" data-large-file=\"https:\/\/i0.wp.com\/wp.ufpel.edu.br\/bachpopmus\/files\/2017\/08\/DSC_0306.jpg?fit=750%2C498&amp;ssl=1\" class=\"alignnone size-medium wp-image-131\" src=\"https:\/\/i0.wp.com\/wp.ufpel.edu.br\/bachpopmus\/files\/2017\/08\/DSC_0306.jpg?resize=400%2C266&#038;ssl=1\" alt=\"\" width=\"400\" height=\"266\" srcset=\"https:\/\/i0.wp.com\/wp.ufpel.edu.br\/bachpopmus\/files\/2017\/08\/DSC_0306.jpg?resize=400%2C266&amp;ssl=1 400w, https:\/\/i0.wp.com\/wp.ufpel.edu.br\/bachpopmus\/files\/2017\/08\/DSC_0306.jpg?resize=768%2C510&amp;ssl=1 768w, https:\/\/i0.wp.com\/wp.ufpel.edu.br\/bachpopmus\/files\/2017\/08\/DSC_0306.jpg?resize=1024%2C680&amp;ssl=1 1024w, https:\/\/i0.wp.com\/wp.ufpel.edu.br\/bachpopmus\/files\/2017\/08\/DSC_0306.jpg?w=1500&amp;ssl=1 1500w, https:\/\/i0.wp.com\/wp.ufpel.edu.br\/bachpopmus\/files\/2017\/08\/DSC_0306.jpg?w=2250&amp;ssl=1 2250w\" sizes=\"auto, (max-width: 400px) 100vw, 400px\" \/><img data-recalc-dims=\"1\" loading=\"lazy\" decoding=\"async\" data-attachment-id=\"90\" data-permalink=\"https:\/\/wp.ufpel.edu.br\/bachpopmus\/acoes\/foto-1-roda\/\" data-orig-file=\"https:\/\/i0.wp.com\/wp.ufpel.edu.br\/bachpopmus\/files\/2016\/10\/Foto-1-Roda.jpg?fit=2048%2C1365&amp;ssl=1\" data-orig-size=\"2048,1365\" data-comments-opened=\"0\" data-image-meta=\"{&quot;aperture&quot;:&quot;0&quot;,&quot;credit&quot;:&quot;&quot;,&quot;camera&quot;:&quot;&quot;,&quot;caption&quot;:&quot;&quot;,&quot;created_timestamp&quot;:&quot;0&quot;,&quot;copyright&quot;:&quot;&quot;,&quot;focal_length&quot;:&quot;0&quot;,&quot;iso&quot;:&quot;0&quot;,&quot;shutter_speed&quot;:&quot;0&quot;,&quot;title&quot;:&quot;&quot;,&quot;orientation&quot;:&quot;0&quot;}\" data-image-title=\"foto-1-roda\" data-image-description=\"\" data-image-caption=\"\" data-medium-file=\"https:\/\/i0.wp.com\/wp.ufpel.edu.br\/bachpopmus\/files\/2016\/10\/Foto-1-Roda.jpg?fit=400%2C267&amp;ssl=1\" data-large-file=\"https:\/\/i0.wp.com\/wp.ufpel.edu.br\/bachpopmus\/files\/2016\/10\/Foto-1-Roda.jpg?fit=750%2C168&amp;ssl=1\" class=\"alignnone size-medium wp-image-90\" src=\"https:\/\/i0.wp.com\/wp.ufpel.edu.br\/bachpopmus\/files\/2016\/10\/Foto-1-Roda.jpg?resize=400%2C267&#038;ssl=1\" alt=\"\" width=\"400\" height=\"267\" srcset=\"https:\/\/i0.wp.com\/wp.ufpel.edu.br\/bachpopmus\/files\/2016\/10\/Foto-1-Roda.jpg?resize=424%2C283&amp;ssl=1 424w, https:\/\/i0.wp.com\/wp.ufpel.edu.br\/bachpopmus\/files\/2016\/10\/Foto-1-Roda.jpg?resize=212%2C141&amp;ssl=1 212w, https:\/\/i0.wp.com\/wp.ufpel.edu.br\/bachpopmus\/files\/2016\/10\/Foto-1-Roda.jpg?resize=768%2C512&amp;ssl=1 768w, https:\/\/i0.wp.com\/wp.ufpel.edu.br\/bachpopmus\/files\/2016\/10\/Foto-1-Roda.jpg?w=2048&amp;ssl=1 2048w, https:\/\/i0.wp.com\/wp.ufpel.edu.br\/bachpopmus\/files\/2016\/10\/Foto-1-Roda.jpg?w=1500&amp;ssl=1 1500w\" sizes=\"auto, (max-width: 400px) 100vw, 400px\" \/><img data-recalc-dims=\"1\" loading=\"lazy\" decoding=\"async\" data-attachment-id=\"82\" data-permalink=\"https:\/\/wp.ufpel.edu.br\/bachpopmus\/acoes\/11329802_894429620614108_2486232935510025911_n\/\" data-orig-file=\"https:\/\/i0.wp.com\/wp.ufpel.edu.br\/bachpopmus\/files\/2016\/10\/11329802_894429620614108_2486232935510025911_n.jpg?fit=634%2C340&amp;ssl=1\" data-orig-size=\"634,340\" data-comments-opened=\"0\" data-image-meta=\"{&quot;aperture&quot;:&quot;0&quot;,&quot;credit&quot;:&quot;&quot;,&quot;camera&quot;:&quot;&quot;,&quot;caption&quot;:&quot;&quot;,&quot;created_timestamp&quot;:&quot;0&quot;,&quot;copyright&quot;:&quot;&quot;,&quot;focal_length&quot;:&quot;0&quot;,&quot;iso&quot;:&quot;0&quot;,&quot;shutter_speed&quot;:&quot;0&quot;,&quot;title&quot;:&quot;&quot;,&quot;orientation&quot;:&quot;0&quot;}\" data-image-title=\"11329802_894429620614108_2486232935510025911_n\" data-image-description=\"\" data-image-caption=\"\" data-medium-file=\"https:\/\/i0.wp.com\/wp.ufpel.edu.br\/bachpopmus\/files\/2016\/10\/11329802_894429620614108_2486232935510025911_n.jpg?fit=400%2C214&amp;ssl=1\" data-large-file=\"https:\/\/i0.wp.com\/wp.ufpel.edu.br\/bachpopmus\/files\/2016\/10\/11329802_894429620614108_2486232935510025911_n.jpg?fit=634%2C220&amp;ssl=1\" class=\"alignnone size-medium wp-image-82\" src=\"https:\/\/i0.wp.com\/wp.ufpel.edu.br\/bachpopmus\/files\/2016\/10\/11329802_894429620614108_2486232935510025911_n.jpg?resize=400%2C214&#038;ssl=1\" alt=\"\" width=\"400\" height=\"214\" srcset=\"https:\/\/i0.wp.com\/wp.ufpel.edu.br\/bachpopmus\/files\/2016\/10\/11329802_894429620614108_2486232935510025911_n.jpg?resize=424%2C227&amp;ssl=1 424w, https:\/\/i0.wp.com\/wp.ufpel.edu.br\/bachpopmus\/files\/2016\/10\/11329802_894429620614108_2486232935510025911_n.jpg?resize=212%2C114&amp;ssl=1 212w, https:\/\/i0.wp.com\/wp.ufpel.edu.br\/bachpopmus\/files\/2016\/10\/11329802_894429620614108_2486232935510025911_n.jpg?w=634&amp;ssl=1 634w\" sizes=\"auto, (max-width: 400px) 100vw, 400px\" \/><img data-recalc-dims=\"1\" loading=\"lazy\" decoding=\"async\" data-attachment-id=\"190\" data-permalink=\"https:\/\/wp.ufpel.edu.br\/bachpopmus\/acoes\/encontros-do-clube-do-choro\/choro-fb\/\" data-orig-file=\"https:\/\/i0.wp.com\/wp.ufpel.edu.br\/bachpopmus\/files\/2017\/09\/choro-fb.png?fit=2848%2C2808&amp;ssl=1\" data-orig-size=\"2848,2808\" data-comments-opened=\"0\" data-image-meta=\"{&quot;aperture&quot;:&quot;0&quot;,&quot;credit&quot;:&quot;&quot;,&quot;camera&quot;:&quot;&quot;,&quot;caption&quot;:&quot;&quot;,&quot;created_timestamp&quot;:&quot;0&quot;,&quot;copyright&quot;:&quot;&quot;,&quot;focal_length&quot;:&quot;0&quot;,&quot;iso&quot;:&quot;0&quot;,&quot;shutter_speed&quot;:&quot;0&quot;,&quot;title&quot;:&quot;&quot;,&quot;orientation&quot;:&quot;0&quot;}\" data-image-title=\"Clube do Choro\" data-image-description=\"\" data-image-caption=\"&lt;p&gt;Clube do Choro de Pelotas&lt;\/p&gt;\n\" data-medium-file=\"https:\/\/i0.wp.com\/wp.ufpel.edu.br\/bachpopmus\/files\/2017\/09\/choro-fb.png?fit=400%2C394&amp;ssl=1\" data-large-file=\"https:\/\/i0.wp.com\/wp.ufpel.edu.br\/bachpopmus\/files\/2017\/09\/choro-fb.png?fit=750%2C740&amp;ssl=1\" class=\"alignnone size-medium wp-image-190\" src=\"https:\/\/i0.wp.com\/wp.ufpel.edu.br\/bachpopmus\/files\/2017\/09\/choro-fb.png?resize=400%2C394&#038;ssl=1\" alt=\"\" width=\"400\" height=\"394\" srcset=\"https:\/\/i0.wp.com\/wp.ufpel.edu.br\/bachpopmus\/files\/2017\/09\/choro-fb.png?resize=400%2C394&amp;ssl=1 400w, https:\/\/i0.wp.com\/wp.ufpel.edu.br\/bachpopmus\/files\/2017\/09\/choro-fb.png?resize=768%2C757&amp;ssl=1 768w, https:\/\/i0.wp.com\/wp.ufpel.edu.br\/bachpopmus\/files\/2017\/09\/choro-fb.png?resize=1024%2C1010&amp;ssl=1 1024w, https:\/\/i0.wp.com\/wp.ufpel.edu.br\/bachpopmus\/files\/2017\/09\/choro-fb.png?resize=304%2C300&amp;ssl=1 304w, https:\/\/i0.wp.com\/wp.ufpel.edu.br\/bachpopmus\/files\/2017\/09\/choro-fb.png?w=1500&amp;ssl=1 1500w, https:\/\/i0.wp.com\/wp.ufpel.edu.br\/bachpopmus\/files\/2017\/09\/choro-fb.png?w=2250&amp;ssl=1 2250w\" sizes=\"auto, (max-width: 400px) 100vw, 400px\" \/><\/p>\n","protected":false},"excerpt":{"rendered":"<p>Os Encontros do Clube do Choro objetivam valorizar a pr\u00e1tica de m\u00fasicos locais, a produ\u00e7\u00e3o de conhecimento t\u00e9cnico, art\u00edstico e cient\u00edfico sobre o choro como g\u00eanero e identidade regional, valorizar o fazer musical e a intera\u00e7\u00e3o social. https:\/\/wp.ufpel.edu.br\/choropelotas\/<\/p>\n","protected":false},"author":651,"featured_media":190,"parent":154,"menu_order":0,"comment_status":"closed","ping_status":"closed","template":"","meta":{"jetpack_post_was_ever_published":false,"footnotes":""},"class_list":["post-171","page","type-page","status-publish","has-post-thumbnail","hentry","nodate","item-wrap"],"jetpack_sharing_enabled":true,"jetpack_shortlink":"https:\/\/wp.me\/P9oCR6-2L","jetpack_likes_enabled":true,"jetpack-related-posts":[],"_links":{"self":[{"href":"https:\/\/wp.ufpel.edu.br\/bachpopmus\/wp-json\/wp\/v2\/pages\/171","targetHints":{"allow":["GET"]}}],"collection":[{"href":"https:\/\/wp.ufpel.edu.br\/bachpopmus\/wp-json\/wp\/v2\/pages"}],"about":[{"href":"https:\/\/wp.ufpel.edu.br\/bachpopmus\/wp-json\/wp\/v2\/types\/page"}],"author":[{"embeddable":true,"href":"https:\/\/wp.ufpel.edu.br\/bachpopmus\/wp-json\/wp\/v2\/users\/651"}],"replies":[{"embeddable":true,"href":"https:\/\/wp.ufpel.edu.br\/bachpopmus\/wp-json\/wp\/v2\/comments?post=171"}],"version-history":[{"count":4,"href":"https:\/\/wp.ufpel.edu.br\/bachpopmus\/wp-json\/wp\/v2\/pages\/171\/revisions"}],"predecessor-version":[{"id":504,"href":"https:\/\/wp.ufpel.edu.br\/bachpopmus\/wp-json\/wp\/v2\/pages\/171\/revisions\/504"}],"up":[{"embeddable":true,"href":"https:\/\/wp.ufpel.edu.br\/bachpopmus\/wp-json\/wp\/v2\/pages\/154"}],"wp:featuredmedia":[{"embeddable":true,"href":"https:\/\/wp.ufpel.edu.br\/bachpopmus\/wp-json\/wp\/v2\/media\/190"}],"wp:attachment":[{"href":"https:\/\/wp.ufpel.edu.br\/bachpopmus\/wp-json\/wp\/v2\/media?parent=171"}],"curies":[{"name":"wp","href":"https:\/\/api.w.org\/{rel}","templated":true}]}}