{"id":163,"date":"2017-09-04T16:27:26","date_gmt":"2017-09-04T19:27:26","guid":{"rendered":"https:\/\/wp.ufpel.edu.br\/bachpopmus\/?page_id=163"},"modified":"2020-02-14T16:19:52","modified_gmt":"2020-02-14T19:19:52","slug":"registros","status":"publish","type":"page","link":"https:\/\/wp.ufpel.edu.br\/bachpopmus\/registros\/","title":{"rendered":"Monografias"},"content":{"rendered":"<p><strong><a href=\"https:\/\/wp.ufpel.edu.br\/bachpopmus\/files\/2019\/04\/TCC-Rafael-Martins.pdf\">TCC &#8211; Rafael Martins<\/a><\/strong><\/p>\n<p><strong><em>A Improvisa\u00e7\u00e3o Musical na Bossa Nova: Estrat\u00e9gias de prepara\u00e7\u00e3o para a performance na Jam Session do Centro de Artes da UFPEL<\/em>\u00a0\u00a0<\/strong><\/p>\n<p><a href=\"https:\/\/wp.ufpel.edu.br\/bachpopmus\/files\/2019\/04\/tcc_joao_anotado_luis-1.pdf\"><strong>TCC Jo\u00e3o Pinheiro<\/strong><\/a><\/p>\n<p><strong><em>O Viol\u00e3o de Sete Cordas de Aloyn Soares: Um estudo de trajet\u00f3ria<\/em><\/strong><\/p>\n<p><strong><a href=\"https:\/\/wp.ufpel.edu.br\/bachpopmus\/files\/2019\/04\/TCC-Arranjo-Direcionado-final.pdf\">TCC Eduardo Costa<\/a><\/strong><\/p>\n<p><em><strong>Arranjo direcionado: Uma an\u00e1lise sobre o processo de reconhecimento e adapta\u00e7\u00e3o dos recursos musicais na constru\u00e7\u00e3o de um modelo de arranjo socialmente proposto<\/strong><\/em><\/p>\n<p><a href=\"https:\/\/wp.ufpel.edu.br\/bachpopmus\/files\/2020\/02\/TCC-VASCO-JEAN-A-an\u00e1lise-dos-componentes-criativos-nos-_solos-de-baixaria_-de-Luizinho-Sete-Cordas.docx-2.pdf\"><strong>TCC VASCO-JEAN<\/strong><\/a><\/p>\n<p><em><b>A an\u00e1lise dos componentes criativos nos \u201csolos de baixaria\u201d\u00a0<\/b><b>de Luizinho Sete Cordas<\/b><\/em><\/p>\n","protected":false},"excerpt":{"rendered":"<p>TCC &#8211; Rafael Martins A Improvisa\u00e7\u00e3o Musical na Bossa Nova: Estrat\u00e9gias de prepara\u00e7\u00e3o para a performance na Jam Session do Centro de Artes da UFPEL\u00a0\u00a0 TCC Jo\u00e3o Pinheiro O Viol\u00e3o de Sete Cordas de Aloyn Soares: Um estudo de trajet\u00f3ria TCC Eduardo Costa Arranjo direcionado: Uma an\u00e1lise sobre o processo de reconhecimento e adapta\u00e7\u00e3o dos &hellip; <\/p>\n<p><a class=\"more-link btn\" href=\"https:\/\/wp.ufpel.edu.br\/bachpopmus\/registros\/\">Continue lendo<\/a><\/p>\n","protected":false},"author":651,"featured_media":0,"parent":0,"menu_order":5,"comment_status":"closed","ping_status":"closed","template":"","meta":{"jetpack_post_was_ever_published":false,"footnotes":""},"class_list":["post-163","page","type-page","status-publish","hentry","nodate","item-wrap"],"jetpack_sharing_enabled":true,"jetpack_shortlink":"https:\/\/wp.me\/P9oCR6-2D","jetpack_likes_enabled":true,"jetpack-related-posts":[],"_links":{"self":[{"href":"https:\/\/wp.ufpel.edu.br\/bachpopmus\/wp-json\/wp\/v2\/pages\/163","targetHints":{"allow":["GET"]}}],"collection":[{"href":"https:\/\/wp.ufpel.edu.br\/bachpopmus\/wp-json\/wp\/v2\/pages"}],"about":[{"href":"https:\/\/wp.ufpel.edu.br\/bachpopmus\/wp-json\/wp\/v2\/types\/page"}],"author":[{"embeddable":true,"href":"https:\/\/wp.ufpel.edu.br\/bachpopmus\/wp-json\/wp\/v2\/users\/651"}],"replies":[{"embeddable":true,"href":"https:\/\/wp.ufpel.edu.br\/bachpopmus\/wp-json\/wp\/v2\/comments?post=163"}],"version-history":[{"count":6,"href":"https:\/\/wp.ufpel.edu.br\/bachpopmus\/wp-json\/wp\/v2\/pages\/163\/revisions"}],"predecessor-version":[{"id":494,"href":"https:\/\/wp.ufpel.edu.br\/bachpopmus\/wp-json\/wp\/v2\/pages\/163\/revisions\/494"}],"wp:attachment":[{"href":"https:\/\/wp.ufpel.edu.br\/bachpopmus\/wp-json\/wp\/v2\/media?parent=163"}],"curies":[{"name":"wp","href":"https:\/\/api.w.org\/{rel}","templated":true}]}}