{"id":951,"date":"2020-05-30T13:51:56","date_gmt":"2020-05-30T16:51:56","guid":{"rendered":"https:\/\/wp.ufpel.edu.br\/bachareladoemquimica\/?page_id=951"},"modified":"2025-06-30T10:56:11","modified_gmt":"2025-06-30T13:56:11","slug":"calendario","status":"publish","type":"page","link":"https:\/\/wp.ufpel.edu.br\/bachareladoemquimica\/calendario\/","title":{"rendered":"CALEND\u00c1RIO"},"content":{"rendered":"<blockquote class=\"wp-embedded-content\" data-secret=\"hAdm9MuKVa\"><p><a href=\"https:\/\/wp.ufpel.edu.br\/cra\/calendarios-academicos\/calendario-academico-2025\/\">Calend\u00e1rio Acad\u00eamico 2025<\/a><\/p><\/blockquote>\n<p><iframe class=\"wp-embedded-content\" sandbox=\"allow-scripts\" security=\"restricted\" style=\"position: absolute; visibility: hidden;\" title=\"&#8220;Calend\u00e1rio Acad\u00eamico 2025&#8221; &#8212; Coordena\u00e7\u00e3o de Registros Acad\u00eamicos\" src=\"https:\/\/wp.ufpel.edu.br\/cra\/calendarios-academicos\/calendario-academico-2025\/embed\/#?secret=GVngWHkDXf#?secret=hAdm9MuKVa\" data-secret=\"hAdm9MuKVa\" width=\"500\" height=\"282\" frameborder=\"0\" marginwidth=\"0\" marginheight=\"0\" scrolling=\"no\"><\/iframe><\/p>\n","protected":false},"excerpt":{"rendered":"<p>Calend\u00e1rio Acad\u00eamico 2025<\/p>\n","protected":false},"author":688,"featured_media":0,"parent":0,"menu_order":2,"comment_status":"closed","ping_status":"closed","template":"","meta":{"footnotes":""},"class_list":["post-951","page","type-page","status-publish","hentry"],"_links":{"self":[{"href":"https:\/\/wp.ufpel.edu.br\/bachareladoemquimica\/wp-json\/wp\/v2\/pages\/951","targetHints":{"allow":["GET"]}}],"collection":[{"href":"https:\/\/wp.ufpel.edu.br\/bachareladoemquimica\/wp-json\/wp\/v2\/pages"}],"about":[{"href":"https:\/\/wp.ufpel.edu.br\/bachareladoemquimica\/wp-json\/wp\/v2\/types\/page"}],"author":[{"embeddable":true,"href":"https:\/\/wp.ufpel.edu.br\/bachareladoemquimica\/wp-json\/wp\/v2\/users\/688"}],"replies":[{"embeddable":true,"href":"https:\/\/wp.ufpel.edu.br\/bachareladoemquimica\/wp-json\/wp\/v2\/comments?post=951"}],"version-history":[{"count":4,"href":"https:\/\/wp.ufpel.edu.br\/bachareladoemquimica\/wp-json\/wp\/v2\/pages\/951\/revisions"}],"predecessor-version":[{"id":1654,"href":"https:\/\/wp.ufpel.edu.br\/bachareladoemquimica\/wp-json\/wp\/v2\/pages\/951\/revisions\/1654"}],"wp:attachment":[{"href":"https:\/\/wp.ufpel.edu.br\/bachareladoemquimica\/wp-json\/wp\/v2\/media?parent=951"}],"curies":[{"name":"wp","href":"https:\/\/api.w.org\/{rel}","templated":true}]}}