{"id":89,"date":"2016-08-29T15:11:14","date_gmt":"2016-08-29T18:11:14","guid":{"rendered":"https:\/\/wp.ufpel.edu.br\/bachareladoemquimica\/?page_id=89"},"modified":"2016-09-02T14:31:23","modified_gmt":"2016-09-02T17:31:23","slug":"objetivo","status":"publish","type":"page","link":"https:\/\/wp.ufpel.edu.br\/bachareladoemquimica\/objetivo\/","title":{"rendered":"OBJETIVO"},"content":{"rendered":"<p><strong>Objetivos Gerais <\/strong><\/p>\n<p>O Curso Bacharelado em Qu\u00edmica da Universidade Federal de Pelotas tem por objetivo formar profissionais com capacidade de investigar, empreender e de propor solu\u00e7\u00f5es criativas aos problemas encontrados no seu meio, sendo capazes de desenvolver novos produtos e tecnologias e contribuir, atrav\u00e9s do exerc\u00edcio \u00e9tico da profiss\u00e3o, para o desenvolvimento pessoal, da comunidade e do pa\u00eds. Essa forma\u00e7\u00e3o ser\u00e1 atrav\u00e9s de um curr\u00edculo moderno, generalista, com carga hor\u00e1ria m\u00ednima e flex\u00edvel, com uma forma\u00e7\u00e3o baseada nos princ\u00edpios da Qu\u00edmica Sustent\u00e1vel bem como para a pesquisa e o desenvolvimento nestas \u00e1reas e nas diversas \u00e1reas da Qu\u00edmica.<\/p>\n<p><strong>Objetivos Espec\u00edficos<\/strong><\/p>\n<p>Implantar um curr\u00edculo flex\u00edvel e com carga hor\u00e1ria m\u00ednima que possibilite aos alunos direcionarem a sua forma\u00e7\u00e3o de acordo com seus interesses e prefer\u00eancias, bem como ter tempo dispon\u00edvel na sua grade curricular para realizar atividades como Inicia\u00e7\u00e3o Cient\u00edfica, extens\u00e3o, monitorias e est\u00e1gios;\u00a0<del><\/del><\/p>\n<p>Proporcionar aos estudantes forma\u00e7\u00e3o multi e interdisciplinar, humanista e o desenvolvimento do senso cr\u00edtico.<\/p>\n","protected":false},"excerpt":{"rendered":"<p>Objetivos Gerais O Curso Bacharelado em Qu\u00edmica da Universidade Federal de Pelotas tem por objetivo formar profissionais com capacidade de investigar, empreender e de propor solu\u00e7\u00f5es criativas aos problemas encontrados no seu meio, sendo capazes de desenvolver novos produtos e tecnologias e contribuir, atrav\u00e9s do exerc\u00edcio \u00e9tico da profiss\u00e3o, para o desenvolvimento pessoal, da comunidade [&hellip;]<\/p>\n","protected":false},"author":688,"featured_media":0,"parent":0,"menu_order":0,"comment_status":"closed","ping_status":"closed","template":"","meta":{"footnotes":""},"class_list":["post-89","page","type-page","status-publish","hentry"],"_links":{"self":[{"href":"https:\/\/wp.ufpel.edu.br\/bachareladoemquimica\/wp-json\/wp\/v2\/pages\/89","targetHints":{"allow":["GET"]}}],"collection":[{"href":"https:\/\/wp.ufpel.edu.br\/bachareladoemquimica\/wp-json\/wp\/v2\/pages"}],"about":[{"href":"https:\/\/wp.ufpel.edu.br\/bachareladoemquimica\/wp-json\/wp\/v2\/types\/page"}],"author":[{"embeddable":true,"href":"https:\/\/wp.ufpel.edu.br\/bachareladoemquimica\/wp-json\/wp\/v2\/users\/688"}],"replies":[{"embeddable":true,"href":"https:\/\/wp.ufpel.edu.br\/bachareladoemquimica\/wp-json\/wp\/v2\/comments?post=89"}],"version-history":[{"count":4,"href":"https:\/\/wp.ufpel.edu.br\/bachareladoemquimica\/wp-json\/wp\/v2\/pages\/89\/revisions"}],"predecessor-version":[{"id":140,"href":"https:\/\/wp.ufpel.edu.br\/bachareladoemquimica\/wp-json\/wp\/v2\/pages\/89\/revisions\/140"}],"wp:attachment":[{"href":"https:\/\/wp.ufpel.edu.br\/bachareladoemquimica\/wp-json\/wp\/v2\/media?parent=89"}],"curies":[{"name":"wp","href":"https:\/\/api.w.org\/{rel}","templated":true}]}}