{"id":80,"date":"2016-08-29T15:05:59","date_gmt":"2016-08-29T18:05:59","guid":{"rendered":"https:\/\/wp.ufpel.edu.br\/bachareladoemquimica\/?page_id=80"},"modified":"2019-03-26T18:41:24","modified_gmt":"2019-03-26T21:41:24","slug":"regimento-do-colegiado","status":"publish","type":"page","link":"https:\/\/wp.ufpel.edu.br\/bachareladoemquimica\/regimento-do-colegiado\/","title":{"rendered":"DISCIPLINAS"},"content":{"rendered":"<p>Vers\u00e3o 3<\/p>\n<p><a href=\"https:\/\/wp.ufpel.edu.br\/bachareladoemquimica\/files\/2019\/02\/ALGA-0100045-1.pdf\">ALGA &#8211; 0100045<\/a><\/p>\n<p><a href=\"https:\/\/wp.ufpel.edu.br\/bachareladoemquimica\/files\/2019\/02\/An\u00e1lise-Org\u00e2nica-0170044-1.pdf\">An\u00e1lise Org\u00e2nica &#8211; 0170044<\/a><\/p>\n<p><a href=\"https:\/\/wp.ufpel.edu.br\/bachareladoemquimica\/files\/2019\/02\/Bioqu\u00edmica-I-0160025-1.pdf\">Bioqu\u00edmica I &#8211; 0160025<\/a><\/p>\n<p><a href=\"https:\/\/wp.ufpel.edu.br\/bachareladoemquimica\/files\/2019\/02\/Bioqu\u00edmica-II-0160026-1.pdf\">Bioqu\u00edmica II &#8211; 0160026<\/a><\/p>\n<p><a href=\"https:\/\/wp.ufpel.edu.br\/bachareladoemquimica\/files\/2019\/02\/C\u00e1lculo-A-0100202-1.pdf\">C\u00e1lculo A &#8211; 0100202<\/a><\/p>\n<p><a href=\"https:\/\/wp.ufpel.edu.br\/bachareladoemquimica\/files\/2019\/02\/C\u00e1lculo-C-0100285-1.pdf\">C\u00e1lculo C &#8211; 0100285<\/a><\/p>\n<p><a href=\"https:\/\/wp.ufpel.edu.br\/bachareladoemquimica\/files\/2019\/02\/C\u00e1lculo-II-0100298-1.pdf\">C\u00e1lculo II &#8211; 0100298<\/a><\/p>\n<p><a href=\"https:\/\/wp.ufpel.edu.br\/bachareladoemquimica\/files\/2019\/02\/Cromatografia-0170029-1.pdf\">Cromatografia &#8211; 0170029<\/a><\/p>\n<p><a href=\"https:\/\/wp.ufpel.edu.br\/bachareladoemquimica\/files\/2019\/02\/Equa\u00e7\u00f5es-Diferenciais-Ordin\u00e1rias-0100257-1.pdf\">Equa\u00e7\u00f5es Diferenciais Ordin\u00e1rias &#8211; 0100257<\/a><\/p>\n<p><a href=\"https:\/\/wp.ufpel.edu.br\/bachareladoemquimica\/files\/2019\/02\/Estagio-supervisionado-0690001-1.pdf\">Estagio supervisionado &#8211; 0690001<\/a><\/p>\n<p><a href=\"https:\/\/wp.ufpel.edu.br\/bachareladoemquimica\/files\/2019\/02\/Estat\u00edstica-B\u00e1sica-0100226-1.pdf\">Estat\u00edstica B\u00e1sica &#8211; 0100226<\/a><\/p>\n<p><a href=\"https:\/\/wp.ufpel.edu.br\/bachareladoemquimica\/files\/2019\/02\/F\u00eds-Qu\u00ed-III-B-0150076-1.pdf\">F\u00eds Qu\u00ed III B &#8211; 0150076<\/a><\/p>\n<p><a href=\"https:\/\/wp.ufpel.edu.br\/bachareladoemquimica\/files\/2019\/02\/F\u00eds-Qu\u00ed-V-0150079-1.pdf\">F\u00eds Qu\u00ed V &#8211; 0150079<\/a><\/p>\n<p><a href=\"https:\/\/wp.ufpel.edu.br\/bachareladoemquimica\/files\/2019\/02\/F\u00edsica-B\u00e1sica-I-0090113-1.pdf\">F\u00edsica B\u00e1sica I &#8211; 0090113<\/a><\/p>\n<p><a href=\"https:\/\/wp.ufpel.edu.br\/bachareladoemquimica\/files\/2019\/02\/F\u00edsica-B\u00e1sica-II-0090114-1.pdf\">F\u00edsica B\u00e1sica II &#8211; 0090114<\/a><\/p>\n<p><a href=\"https:\/\/wp.ufpel.edu.br\/bachareladoemquimica\/files\/2019\/02\/F\u00edsica-B\u00e1sica-IV-0090116-1.pdf\">F\u00edsica B\u00e1sica IV &#8211; 0090116<\/a><\/p>\n<p><a href=\"https:\/\/wp.ufpel.edu.br\/bachareladoemquimica\/files\/2019\/02\/F\u00edsicaB\u00e1sica-III-0090115-1.pdf\">F\u00edsicaB\u00e1sica III &#8211; 0090115<\/a><\/p>\n<p><a href=\"https:\/\/wp.ufpel.edu.br\/bachareladoemquimica\/files\/2019\/02\/F\u00eds-Qu\u00ed-I-B-0150073-1.pdf\">F\u00eds-Qu\u00ed I B &#8211; 0150073<\/a><\/p>\n<p><a href=\"https:\/\/wp.ufpel.edu.br\/bachareladoemquimica\/files\/2019\/02\/F\u00eds-Qu\u00ed-II-B-0150071-1.pdf\">F\u00eds-Qu\u00ed II B &#8211; 0150071<\/a><\/p>\n<p><a href=\"https:\/\/wp.ufpel.edu.br\/bachareladoemquimica\/files\/2019\/02\/Fundamentos-da-Computa\u00e7\u00e3o-0100097-1.pdf\">Fundamentos da Computa\u00e7\u00e3o &#8211; 0100097<\/a><\/p>\n<p><a href=\"https:\/\/wp.ufpel.edu.br\/bachareladoemquimica\/files\/2019\/02\/Mat-Polim-0150072-1.pdf\">Mat Polim &#8211; 0150072<\/a><\/p>\n<p><a href=\"https:\/\/wp.ufpel.edu.br\/bachareladoemquimica\/files\/2019\/02\/M\u00e9t-F\u00eds-An\u00e1lise-I-B-0170043-1.pdf\">M\u00e9t F\u00eds An\u00e1lise I B &#8211; 0170043<\/a><\/p>\n<p><a href=\"https:\/\/wp.ufpel.edu.br\/bachareladoemquimica\/files\/2019\/02\/M\u00e9t-F\u00eds-An\u00e1lise-II-0170045-1.pdf\">M\u00e9t F\u00eds An\u00e1lise II &#8211; 0170045<\/a><\/p>\n<p><a href=\"https:\/\/wp.ufpel.edu.br\/bachareladoemquimica\/files\/2019\/02\/Metod-Pesq-em-Quim-0170026-1.pdf\">Metod Pesq em Quim &#8211; 0170026<\/a><\/p>\n<p><a href=\"https:\/\/wp.ufpel.edu.br\/bachareladoemquimica\/files\/2019\/02\/Microbiologia-0030053-1.pdf\">Microbiologia &#8211; 0030053<\/a><\/p>\n<p><a href=\"https:\/\/wp.ufpel.edu.br\/bachareladoemquimica\/files\/2019\/02\/Mineralogia-I-0060274-1.pdf\">Mineralogia I &#8211; 0060274<\/a><\/p>\n<p><a href=\"https:\/\/wp.ufpel.edu.br\/bachareladoemquimica\/files\/2019\/02\/Monografia-CC-0690002-1.pdf\">Monografia CC &#8211; 0690002<\/a><\/p>\n<p><a href=\"https:\/\/wp.ufpel.edu.br\/bachareladoemquimica\/files\/2019\/02\/Qu\u00ed-Industrial-II-0170048-1.pdf\">Qu\u00ed Industrial II &#8211; 0170048<\/a><\/p>\n<p><a href=\"https:\/\/wp.ufpel.edu.br\/bachareladoemquimica\/files\/2019\/02\/Qu\u00ed-Ambiental-I-0170047-1.pdf\">Qu\u00ed Ambiental I &#8211; 0170047<\/a><\/p>\n<p><a href=\"https:\/\/wp.ufpel.edu.br\/bachareladoemquimica\/files\/2019\/02\/Qu\u00ed-Ambiental-II-0150080-1.pdf\">Qu\u00ed Ambiental II &#8211; 0150080<\/a><\/p>\n<p><a href=\"https:\/\/wp.ufpel.edu.br\/bachareladoemquimica\/files\/2019\/02\/Qu\u00ed-Anal\u00edt-II-0150075-1.pdf\">Qu\u00ed Anal\u00edt II &#8211; 0150075<\/a><\/p>\n<p><a href=\"https:\/\/wp.ufpel.edu.br\/bachareladoemquimica\/files\/2019\/02\/Qu\u00ed-Anal\u00edt-Instr-0150078-1.pdf\">Qu\u00ed Anal\u00edt Instr &#8211; 0150078<\/a><\/p>\n<p><a href=\"https:\/\/wp.ufpel.edu.br\/bachareladoemquimica\/files\/2019\/02\/Qu\u00ed-Industrial-I-0150036-1.pdf\">Qu\u00ed Industrial I &#8211; 0150036<\/a><\/p>\n<p><a href=\"https:\/\/wp.ufpel.edu.br\/bachareladoemquimica\/files\/2019\/02\/Quim-Anal\u00edt-I-B-0150074-1.pdf\">Quim Anal\u00edt I B &#8211; 0150074<\/a><\/p>\n<p><a href=\"https:\/\/wp.ufpel.edu.br\/bachareladoemquimica\/files\/2019\/02\/Quim-Inorg-II-B-0150064-1.pdf\">Quim Inorg II B &#8211; 0150064<\/a><\/p>\n<p><a href=\"https:\/\/wp.ufpel.edu.br\/bachareladoemquimica\/files\/2019\/02\/Quim-Org-Exp-I-B-0170042-1.pdf\">Quim Org Exp I B &#8211; 0170042<\/a><\/p>\n<p><a href=\"https:\/\/wp.ufpel.edu.br\/bachareladoemquimica\/files\/2019\/02\/Quim-Org-Experimental-II-B-0170035-1.pdf\">Quim Org Experimental II B &#8211; 0170035<\/a><\/p>\n<p><a href=\"https:\/\/wp.ufpel.edu.br\/bachareladoemquimica\/files\/2019\/02\/Quim-Org-II-B-0170041-1.pdf\">Quim Org II B &#8211; 0170041<\/a><\/p>\n<p><a href=\"https:\/\/wp.ufpel.edu.br\/bachareladoemquimica\/files\/2019\/02\/Quim.-Geral-e-Experim.-B-0150069-1.pdf\">Quim. Geral e Experim. B &#8211; 0150069<\/a><\/p>\n<p><a href=\"https:\/\/wp.ufpel.edu.br\/bachareladoemquimica\/files\/2019\/02\/Qu\u00edmica-Inorg\u00e2nica-I-0150070-1.pdf\">Qu\u00edmica Inorg\u00e2nica I &#8211; 0150070<\/a><\/p>\n<p><a href=\"https:\/\/wp.ufpel.edu.br\/bachareladoemquimica\/files\/2019\/02\/Qu\u00edmica-Org\u00e2nica-I-B-0170040-1.pdf\">Qu\u00edmica Org\u00e2nica I B &#8211; 0170040<\/a><\/p>\n<p><a href=\"https:\/\/wp.ufpel.edu.br\/bachareladoemquimica\/files\/2019\/02\/Quimica-Organica-III-0170036-1.pdf\">Quimica Organica III &#8211; 0170036<\/a><\/p>\n<p><a href=\"https:\/\/wp.ufpel.edu.br\/bachareladoemquimica\/files\/2019\/02\/S\u00edntese-Org\u00e2nica-0170046-1.pdf\">S\u00edntese Org\u00e2nica &#8211; 0170046<\/a><\/p>\n<p><a href=\"https:\/\/wp.ufpel.edu.br\/bachareladoemquimica\/files\/2019\/02\/Tec-Proc-Qu\u00ed-I-0170049-1.pdf\">Tec Proc Qu\u00ed I &#8211; 0170049<\/a><\/p>\n<p><a href=\"https:\/\/wp.ufpel.edu.br\/bachareladoemquimica\/files\/2019\/02\/Tec-ProcQu\u00edm-II-0170050-1.pdf\">Tec ProcQu\u00edm II &#8211; 0170050<\/a><\/p>\n<p>Vers\u00e3o 4<\/p>\n<p><a href=\"https:\/\/wp.ufpel.edu.br\/bachareladoemquimica\/files\/2019\/02\/ALGA-0100045-2.pdf\">ALGA &#8211; 0100045<\/a><\/p>\n<p><a href=\"https:\/\/wp.ufpel.edu.br\/bachareladoemquimica\/files\/2019\/02\/An\u00e1lise-Org\u00e2nica-0170044-2.pdf\">An\u00e1lise Org\u00e2nica &#8211; 0170044<\/a><\/p>\n<p><a href=\"https:\/\/wp.ufpel.edu.br\/bachareladoemquimica\/files\/2019\/02\/Bioqu\u00edmica-I-0160025-2.pdf\">Bioqu\u00edmica I &#8211; 0160025<\/a><\/p>\n<p><a href=\"https:\/\/wp.ufpel.edu.br\/bachareladoemquimica\/files\/2019\/02\/Bioqu\u00edmica-II-0160026-2.pdf\">Bioqu\u00edmica II &#8211; 0160026<\/a><\/p>\n<p><a href=\"https:\/\/wp.ufpel.edu.br\/bachareladoemquimica\/files\/2019\/02\/C\u00e1lculo-I-0100289.pdf\">C\u00e1lculo I &#8211; 0100289<\/a><\/p>\n<p><a href=\"https:\/\/wp.ufpel.edu.br\/bachareladoemquimica\/files\/2019\/02\/C\u00e1lculo-II-0100298-2.pdf\">C\u00e1lculo II &#8211; 0100298<\/a><\/p>\n<p><a href=\"https:\/\/wp.ufpel.edu.br\/bachareladoemquimica\/files\/2019\/02\/Empreendedorismo-0710018.pdf\">Empreendedorismo &#8211; 0710018<\/a><\/p>\n<p><a href=\"https:\/\/wp.ufpel.edu.br\/bachareladoemquimica\/files\/2019\/02\/Equa\u00e7\u00f5es-Diferenciais-Ordin\u00e1rias-0100257-2.pdf\">Equa\u00e7\u00f5es Diferenciais Ordin\u00e1rias &#8211; 0100257<\/a><\/p>\n<p><a href=\"https:\/\/wp.ufpel.edu.br\/bachareladoemquimica\/files\/2019\/02\/Estagio-supervisionado-0690001-2.pdf\">Estagio supervisionado &#8211; 0690001<\/a><\/p>\n<p><a href=\"https:\/\/wp.ufpel.edu.br\/bachareladoemquimica\/files\/2019\/02\/Estat\u00edstica-B\u00e1sica-0100226-2.pdf\">Estat\u00edstica B\u00e1sica &#8211; 0100226<\/a><\/p>\n<p><a href=\"https:\/\/wp.ufpel.edu.br\/bachareladoemquimica\/files\/2019\/02\/F\u00eds-Qu\u00ed-III-B-0150076-2.pdf\">F\u00eds Qu\u00ed III B &#8211; 0150076<\/a><\/p>\n<p><a href=\"https:\/\/wp.ufpel.edu.br\/bachareladoemquimica\/files\/2019\/02\/F\u00eds-Qu\u00ed-V-0150079-2.pdf\">F\u00eds Qu\u00ed V &#8211; 0150079<\/a><\/p>\n<p><a href=\"https:\/\/wp.ufpel.edu.br\/bachareladoemquimica\/files\/2019\/02\/F\u00edsica-B\u00e1sica-I-0090113-2.pdf\">F\u00edsica B\u00e1sica I &#8211; 0090113<\/a><\/p>\n<p><a href=\"https:\/\/wp.ufpel.edu.br\/bachareladoemquimica\/files\/2019\/02\/F\u00edsica-B\u00e1sica-II-0090114-2.pdf\">F\u00edsica B\u00e1sica II &#8211; 0090114<\/a><\/p>\n<p><a href=\"https:\/\/wp.ufpel.edu.br\/bachareladoemquimica\/files\/2019\/02\/F\u00edsica-B\u00e1sica-IV-0090116-2.pdf\">F\u00edsica B\u00e1sica IV &#8211; 0090116<\/a><\/p>\n<p><a href=\"https:\/\/wp.ufpel.edu.br\/bachareladoemquimica\/files\/2019\/02\/F\u00edsicaB\u00e1sica-III-0090115-2.pdf\">F\u00edsicaB\u00e1sica III &#8211; 0090115<\/a><\/p>\n<p><a href=\"https:\/\/wp.ufpel.edu.br\/bachareladoemquimica\/files\/2019\/02\/F\u00eds-Qu\u00ed-I-B-0150073-2.pdf\">F\u00eds-Qu\u00ed I B &#8211; 0150073<\/a><\/p>\n<p><a href=\"https:\/\/wp.ufpel.edu.br\/bachareladoemquimica\/files\/2019\/02\/F\u00eds-Qu\u00ed-II-B-0150071-2.pdf\">F\u00eds-Qu\u00ed II B &#8211; 0150071<\/a><\/p>\n<p><a href=\"https:\/\/wp.ufpel.edu.br\/bachareladoemquimica\/files\/2019\/02\/F\u00eds-Qu\u00ed-IV-0150077.pdf\">F\u00eds-Qu\u00ed IV &#8211; 0150077<\/a><\/p>\n<p><a href=\"https:\/\/wp.ufpel.edu.br\/bachareladoemquimica\/files\/2019\/02\/Intr-\u00e0-Computa\u00e7\u00e3o-0750060.pdf\">Intr \u00e0 Computa\u00e7\u00e3o -0750060<\/a><\/p>\n<p><a href=\"https:\/\/wp.ufpel.edu.br\/bachareladoemquimica\/files\/2019\/02\/Mat-Polim-0150072-2.pdf\">Mat Polim &#8211; 0150072<\/a><\/p>\n<p><a href=\"https:\/\/wp.ufpel.edu.br\/bachareladoemquimica\/files\/2019\/02\/M\u00e9t-F\u00eds-An\u00e1lise-I-B-0170043-2.pdf\">M\u00e9t F\u00eds An\u00e1lise I B &#8211; 0170043<\/a><\/p>\n<p><a href=\"https:\/\/wp.ufpel.edu.br\/bachareladoemquimica\/files\/2019\/02\/M\u00e9t-F\u00eds-An\u00e1lise-II-0170045-2.pdf\">M\u00e9t F\u00eds An\u00e1lise II &#8211; 0170045<\/a><\/p>\n<p><a href=\"https:\/\/wp.ufpel.edu.br\/bachareladoemquimica\/files\/2019\/02\/Metodos-Fis-Anal-III-0170075.pdf\">Metodos Fis Anal III &#8211; 0170075<\/a><\/p>\n<p><a href=\"https:\/\/wp.ufpel.edu.br\/bachareladoemquimica\/files\/2019\/02\/Mineralogia-0060274.pdf\">Mineralogia &#8211; 0060274<\/a><\/p>\n<p><a href=\"https:\/\/wp.ufpel.edu.br\/bachareladoemquimica\/files\/2019\/02\/Monografia-CC-0690002-2.pdf\">Monografia CC &#8211; 0690002<\/a><\/p>\n<p><a href=\"https:\/\/wp.ufpel.edu.br\/bachareladoemquimica\/files\/2019\/02\/Qu\u00ed-Ambiental-I-0170047-2.pdf\">Qu\u00ed Ambiental I &#8211; 0170047<\/a><\/p>\n<p><a href=\"https:\/\/wp.ufpel.edu.br\/bachareladoemquimica\/files\/2019\/02\/Qu\u00ed-Ambiental-II-0150080-2.pdf\">Qu\u00ed Ambiental II &#8211; 0150080<\/a><\/p>\n<p><a href=\"https:\/\/wp.ufpel.edu.br\/bachareladoemquimica\/files\/2019\/02\/Qu\u00ed-Anal\u00edt-II-0150075-2.pdf\">Qu\u00ed Anal\u00edt II &#8211; 0150075<\/a><\/p>\n<p><a href=\"https:\/\/wp.ufpel.edu.br\/bachareladoemquimica\/files\/2019\/02\/Qu\u00ed-Anal\u00edt-Instr-0150078-2.pdf\">Qu\u00ed Anal\u00edt Instr &#8211; 0150078<\/a><\/p>\n<p><a href=\"https:\/\/wp.ufpel.edu.br\/bachareladoemquimica\/files\/2019\/02\/Qu\u00ed-Geral-e-Exp-B-0150069.pdf\">Qu\u00ed Geral e Exp B &#8211; 0150069<\/a><\/p>\n<p><a href=\"https:\/\/wp.ufpel.edu.br\/bachareladoemquimica\/files\/2019\/02\/Quim-Anal\u00edt-I-B-0150074-2.pdf\">Quim Anal\u00edt I B &#8211; 0150074<\/a><\/p>\n<p><a href=\"https:\/\/wp.ufpel.edu.br\/bachareladoemquimica\/files\/2019\/02\/Quim-Inorg-II-B-0150064-2.pdf\">Quim Inorg II B &#8211; 0150064<\/a><\/p>\n<p><a href=\"https:\/\/wp.ufpel.edu.br\/bachareladoemquimica\/files\/2019\/02\/Quim-Org-Exp-I-B-0170042-2.pdf\">Quim Org Exp I B &#8211; 0170042<\/a><\/p>\n<p><a href=\"https:\/\/wp.ufpel.edu.br\/bachareladoemquimica\/files\/2019\/02\/Quim-Org-Experimental-II-B-0170035-2.pdf\">Quim Org Experimental II B &#8211; 0170035<\/a><\/p>\n<p><a href=\"https:\/\/wp.ufpel.edu.br\/bachareladoemquimica\/files\/2019\/02\/Quim-Org-II-B-0170041-2.pdf\">Quim Org II B &#8211; 0170041<\/a><\/p>\n<p><a href=\"https:\/\/wp.ufpel.edu.br\/bachareladoemquimica\/files\/2019\/02\/Qu\u00edmica-Inorg\u00e2nica-I-0150070-2.pdf\">Qu\u00edmica Inorg\u00e2nica I &#8211; 0150070<\/a><\/p>\n<p><a href=\"https:\/\/wp.ufpel.edu.br\/bachareladoemquimica\/files\/2019\/02\/Qu\u00edmica-Org\u00e2nica-I-B-0170040-2.pdf\">Qu\u00edmica Org\u00e2nica I B &#8211; 0170040<\/a><\/p>\n<p><a href=\"https:\/\/wp.ufpel.edu.br\/bachareladoemquimica\/files\/2019\/02\/Quimica-Organica-III-0170036-2.pdf\">Quimica Organica III &#8211; 0170036<\/a><\/p>\n<p><a href=\"https:\/\/wp.ufpel.edu.br\/bachareladoemquimica\/files\/2019\/02\/S\u00edntese-Org\u00e2nica-0170046-2.pdf\">S\u00edntese Org\u00e2nica &#8211; 0170046<\/a><\/p>\n<p>Vers\u00e3o 5<\/p>\n<p><a href=\"https:\/\/wp.ufpel.edu.br\/bachareladoemquimica\/files\/2019\/02\/ALGA-0100045-3.pdf\">ALGA &#8211; 0100045<\/a><\/p>\n<p><a href=\"https:\/\/wp.ufpel.edu.br\/bachareladoemquimica\/files\/2019\/02\/An\u00e1lise-Org\u00e2nica-0170044-3.pdf\">An\u00e1lise Org\u00e2nica &#8211; 0170044<\/a><\/p>\n<p><a href=\"https:\/\/wp.ufpel.edu.br\/bachareladoemquimica\/files\/2019\/02\/Bioqu\u00edmica-I-0160025-3.pdf\">Bioqu\u00edmica I &#8211; 0160025<\/a><\/p>\n<p><a href=\"https:\/\/wp.ufpel.edu.br\/bachareladoemquimica\/files\/2019\/02\/Bioqu\u00edmica-II-0160026-3.pdf\">Bioqu\u00edmica II &#8211; 0160026<\/a><\/p>\n<p><a href=\"https:\/\/wp.ufpel.edu.br\/bachareladoemquimica\/files\/2019\/02\/C\u00e1lculo-1-0100301.pdf\">C\u00e1lculo 1 &#8211; 0100301<\/a><\/p>\n<p><a href=\"https:\/\/wp.ufpel.edu.br\/bachareladoemquimica\/files\/2019\/02\/C\u00e1lculo-2-0100302.pdf\">C\u00e1lculo 2 &#8211; 0100302<\/a><\/p>\n<p><a href=\"https:\/\/wp.ufpel.edu.br\/bachareladoemquimica\/files\/2019\/02\/C\u00e1lculo-3-0100303.pdf\">C\u00e1lculo 3 &#8211; 0100303<\/a><\/p>\n<p><a href=\"https:\/\/wp.ufpel.edu.br\/bachareladoemquimica\/files\/2019\/02\/Corros\u00e3o-1650095.pdf\">Corros\u00e3o &#8211; 1650095<\/a><\/p>\n<p><a href=\"https:\/\/wp.ufpel.edu.br\/bachareladoemquimica\/files\/2019\/02\/Empreendedorismo-Criatividade-e-Inova\u00e7\u00e3o-1700047.pdf\">Empreendedorismo, Criatividade e Inova\u00e7\u00e3o &#8211; 1700047<\/a><\/p>\n<p><a href=\"https:\/\/wp.ufpel.edu.br\/bachareladoemquimica\/files\/2019\/02\/Equa\u00e7\u00f5es-Diferenciais-0100269.pdf\">Equa\u00e7\u00f5es Diferenciais &#8211; 0100269<\/a><\/p>\n<p><a href=\"https:\/\/wp.ufpel.edu.br\/bachareladoemquimica\/files\/2019\/02\/Estat\u00edstica-B\u00e1sica-0100226-3.pdf\">Estat\u00edstica B\u00e1sica &#8211; 0100226<\/a><\/p>\n<p><a href=\"https:\/\/wp.ufpel.edu.br\/bachareladoemquimica\/files\/2019\/02\/F\u00eds-Qu\u00ed-1-1650101.pdf\">F\u00eds Qu\u00ed 1 &#8211; 1650101<\/a><\/p>\n<p><a href=\"https:\/\/wp.ufpel.edu.br\/bachareladoemquimica\/files\/2019\/02\/F\u00edsica-B\u00e1sica-I-0090113-3.pdf\">F\u00edsica B\u00e1sica I &#8211; 0090113<\/a><\/p>\n<p><a href=\"https:\/\/wp.ufpel.edu.br\/bachareladoemquimica\/files\/2019\/02\/F\u00edsica-B\u00e1sica-II-0090114-3.pdf\">F\u00edsica B\u00e1sica II &#8211; 0090114<\/a><\/p>\n<p><a href=\"https:\/\/wp.ufpel.edu.br\/bachareladoemquimica\/files\/2019\/02\/F\u00edsicaB\u00e1sica-III-0090115-3.pdf\">F\u00edsicaB\u00e1sica III &#8211; 0090115<\/a><\/p>\n<p><a href=\"https:\/\/wp.ufpel.edu.br\/bachareladoemquimica\/files\/2019\/02\/F\u00eds-Qu\u00ed-2-1650091.pdf\">F\u00eds-Qu\u00ed 2 &#8211; 1650091<\/a><\/p>\n<p><a href=\"https:\/\/wp.ufpel.edu.br\/bachareladoemquimica\/files\/2019\/02\/F\u00eds-Qu\u00ed-3-D000509.pdf\">F\u00eds-Qu\u00ed 3 &#8211; D000509<\/a><\/p>\n<p><a href=\"https:\/\/wp.ufpel.edu.br\/bachareladoemquimica\/files\/2019\/02\/F\u00eds-Qu\u00ed-Exp-1-1650028.pdf\">F\u00eds-Qu\u00ed Exp 1 &#8211; 1650028<\/a><\/p>\n<p><a href=\"https:\/\/wp.ufpel.edu.br\/bachareladoemquimica\/files\/2019\/02\/F\u00eds-Qu\u00ed-Exp-2-1650029.pdf\">F\u00eds-Qu\u00ed Exp 2 &#8211; 1650029<\/a><\/p>\n<p><a href=\"https:\/\/wp.ufpel.edu.br\/bachareladoemquimica\/files\/2019\/02\/F\u00eds-Qu\u00ed-IV-0150077-1.pdf\">F\u00eds-Qu\u00ed IV &#8211; 0150077<\/a><\/p>\n<p><a href=\"https:\/\/wp.ufpel.edu.br\/bachareladoemquimica\/files\/2019\/02\/Materiais-Polim\u00e9ricos-D000634.pdf\">Materiais Polim\u00e9ricos &#8211; D000634<\/a><\/p>\n<p><a href=\"https:\/\/wp.ufpel.edu.br\/bachareladoemquimica\/files\/2019\/02\/Mecanismos-de-Rea\u00e7\u00f5es-Org\u00e2nicas-1650094.pdf\">Mecanismos de Rea\u00e7\u00f5es Org\u00e2nicas &#8211; 1650094<\/a><\/p>\n<p><a href=\"https:\/\/wp.ufpel.edu.br\/bachareladoemquimica\/files\/2019\/02\/Met-F\u00eds-de-An\u00e1lise-I-B-0170043.pdf\">Met F\u00eds de An\u00e1lise I B &#8211; 0170043<\/a><\/p>\n<p><a href=\"https:\/\/wp.ufpel.edu.br\/bachareladoemquimica\/files\/2019\/02\/Metodologia-da-Pesquisa-1650087.pdf\">Metodologia da Pesquisa &#8211; 1650087<\/a><\/p>\n<p><a href=\"https:\/\/wp.ufpel.edu.br\/bachareladoemquimica\/files\/2019\/02\/Mineralogia-D000827.pdf\">Mineralogia &#8211; D000827<\/a><\/p>\n<p><a href=\"https:\/\/wp.ufpel.edu.br\/bachareladoemquimica\/files\/2019\/02\/Projetos-em-S\u00edntese-Org\u00e2nica-1650097.pdf\">Projetos em S\u00edntese Org\u00e2nica &#8211; 1650097<\/a><\/p>\n<p><a href=\"https:\/\/wp.ufpel.edu.br\/bachareladoemquimica\/files\/2019\/02\/Qu\u00ed-Anal\u00edtica-Cl\u00e1ssica-1650098.pdf\">Qu\u00ed Anal\u00edtica Cl\u00e1ssica &#8211; 1650098<\/a><\/p>\n<p><a href=\"https:\/\/wp.ufpel.edu.br\/bachareladoemquimica\/files\/2019\/02\/Qu\u00ed-Anal\u00edtica-Instr-2-D000632.pdf\">Qu\u00ed Anal\u00edtica Instr 2 &#8211; D000632<\/a><\/p>\n<p><a href=\"https:\/\/wp.ufpel.edu.br\/bachareladoemquimica\/files\/2019\/02\/Qu\u00ed-Anal\u00edtica-Instr-I-1650090.pdf\">Qu\u00ed Anal\u00edtica Instr I &#8211; 1650090<\/a><\/p>\n<p><a href=\"https:\/\/wp.ufpel.edu.br\/bachareladoemquimica\/files\/2019\/02\/Qu\u00ed-G-Exp-1650086.pdf\">Qu\u00ed G Exp &#8211; 1650086<\/a><\/p>\n<p><a href=\"https:\/\/wp.ufpel.edu.br\/bachareladoemquimica\/files\/2019\/02\/Qu\u00ed-Geral-1650085.pdf\">Qu\u00ed Geral &#8211; 1650085<\/a><\/p>\n<p><a href=\"https:\/\/wp.ufpel.edu.br\/bachareladoemquimica\/files\/2019\/02\/Qu\u00ed-Inorg\u00e2nica-1-1650103.pdf\">Qu\u00ed Inorg\u00e2nica 1 &#8211; 1650103<\/a><\/p>\n<p><a href=\"https:\/\/wp.ufpel.edu.br\/bachareladoemquimica\/files\/2019\/02\/Qu\u00ed-Inorg\u00e2nica-2-1650088.pdf\">Qu\u00ed Inorg\u00e2nica 2 &#8211; 1650088<\/a><\/p>\n<p><a href=\"https:\/\/wp.ufpel.edu.br\/bachareladoemquimica\/files\/2019\/02\/Qu\u00ed-Inorg\u00e2nica-Exp-1-1650102.pdf\">Qu\u00ed Inorg\u00e2nica Exp 1 &#8211; 1650102<\/a><\/p>\n<p><a href=\"https:\/\/wp.ufpel.edu.br\/bachareladoemquimica\/files\/2019\/02\/Qu\u00ed-Inorg\u00e2nica-Exp-2-1650089.pdf\">Qu\u00ed Inorg\u00e2nica Exp 2 &#8211; 1650089<\/a><\/p>\n<p><a href=\"https:\/\/wp.ufpel.edu.br\/bachareladoemquimica\/files\/2019\/02\/Qu\u00ed-Org\u00e2nica-I-B-0170040.pdf\">Qu\u00ed Org\u00e2nica I B &#8211; 0170040<\/a><\/p>\n<p><a href=\"https:\/\/wp.ufpel.edu.br\/bachareladoemquimica\/files\/2019\/02\/Qu\u00ed-Org\u00e2nica-II-B-0170041.pdf\">Qu\u00ed Org\u00e2nica II B &#8211; 0170041<\/a><\/p>\n<p><a href=\"https:\/\/wp.ufpel.edu.br\/bachareladoemquimica\/files\/2019\/02\/Qu\u00ed-Recursos-Renov\u00e1veis-D000819.pdf\">Qu\u00ed Recursos Renov\u00e1veis &#8211; D000819<\/a><\/p>\n<p><a href=\"https:\/\/wp.ufpel.edu.br\/bachareladoemquimica\/files\/2019\/02\/Qu\u00edmica-Ambiental-1650100.pdf\">Qu\u00edmica Ambiental &#8211; 1650100<\/a><\/p>\n<p><a href=\"https:\/\/wp.ufpel.edu.br\/bachareladoemquimica\/files\/2019\/02\/Qu\u00edmica-Verde-1650093.pdf\">Qu\u00edmica Verde &#8211; 1650093<\/a><\/p>\n<p><a href=\"https:\/\/wp.ufpel.edu.br\/bachareladoemquimica\/files\/2019\/02\/S\u00edntese-Inorg\u00e2nica-1650096.pdf\">S\u00edntese Inorg\u00e2nica &#8211; 1650096<\/a><\/p>\n<p><a href=\"https:\/\/wp.ufpel.edu.br\/bachareladoemquimica\/files\/2019\/02\/S\u00edntese-Org\u00e2nica-Te\u00f3rica-D000820.pdf\">S\u00edntese Org\u00e2nica Te\u00f3rica &#8211; D000820<\/a><\/p>\n<p><a href=\"https:\/\/wp.ufpel.edu.br\/bachareladoemquimica\/files\/2019\/03\/Curr\u00edculo-2003.pdf\">Curr\u00edculo 2003<\/a><\/p>\n","protected":false},"excerpt":{"rendered":"<p>Vers\u00e3o 3 ALGA &#8211; 0100045 An\u00e1lise Org\u00e2nica &#8211; 0170044 Bioqu\u00edmica I &#8211; 0160025 Bioqu\u00edmica II &#8211; 0160026 C\u00e1lculo A &#8211; 0100202 C\u00e1lculo C &#8211; 0100285 C\u00e1lculo II &#8211; 0100298 Cromatografia &#8211; 0170029 Equa\u00e7\u00f5es Diferenciais Ordin\u00e1rias &#8211; 0100257 Estagio supervisionado &#8211; 0690001 Estat\u00edstica B\u00e1sica &#8211; 0100226 F\u00eds Qu\u00ed III B &#8211; 0150076 F\u00eds Qu\u00ed V &#8211; [&hellip;]<\/p>\n","protected":false},"author":688,"featured_media":0,"parent":0,"menu_order":0,"comment_status":"closed","ping_status":"closed","template":"","meta":{"footnotes":""},"class_list":["post-80","page","type-page","status-publish","hentry"],"_links":{"self":[{"href":"https:\/\/wp.ufpel.edu.br\/bachareladoemquimica\/wp-json\/wp\/v2\/pages\/80","targetHints":{"allow":["GET"]}}],"collection":[{"href":"https:\/\/wp.ufpel.edu.br\/bachareladoemquimica\/wp-json\/wp\/v2\/pages"}],"about":[{"href":"https:\/\/wp.ufpel.edu.br\/bachareladoemquimica\/wp-json\/wp\/v2\/types\/page"}],"author":[{"embeddable":true,"href":"https:\/\/wp.ufpel.edu.br\/bachareladoemquimica\/wp-json\/wp\/v2\/users\/688"}],"replies":[{"embeddable":true,"href":"https:\/\/wp.ufpel.edu.br\/bachareladoemquimica\/wp-json\/wp\/v2\/comments?post=80"}],"version-history":[{"count":8,"href":"https:\/\/wp.ufpel.edu.br\/bachareladoemquimica\/wp-json\/wp\/v2\/pages\/80\/revisions"}],"predecessor-version":[{"id":821,"href":"https:\/\/wp.ufpel.edu.br\/bachareladoemquimica\/wp-json\/wp\/v2\/pages\/80\/revisions\/821"}],"wp:attachment":[{"href":"https:\/\/wp.ufpel.edu.br\/bachareladoemquimica\/wp-json\/wp\/v2\/media?parent=80"}],"curies":[{"name":"wp","href":"https:\/\/api.w.org\/{rel}","templated":true}]}}