{"id":67,"date":"2016-08-23T17:16:36","date_gmt":"2016-08-23T20:16:36","guid":{"rendered":"https:\/\/wp.ufpel.edu.br\/bachareladoemquimica\/?page_id=67"},"modified":"2025-07-01T10:19:32","modified_gmt":"2025-07-01T13:19:32","slug":"estagioemonografia","status":"publish","type":"page","link":"https:\/\/wp.ufpel.edu.br\/bachareladoemquimica\/estagioemonografia\/","title":{"rendered":"EST\u00c1GIO E MONOGRAFIA"},"content":{"rendered":"<p><strong>Comiss\u00e3o de Est\u00e1gio e Monografia (CEM)<\/strong><\/p>\n<p><a href=\"https:\/\/wp.ufpel.edu.br\/bachareladoemquimica\/files\/2024\/10\/SEI_UFPel-2120055-Portaria-Interna-CEM.pdf\">SEI_UFPel &#8211; 2120055 &#8211; Portaria Interna CEM<\/a><\/p>\n<p>Grac\u00e9lie Aparecida Serpa Schulz<\/p>\n<p>Adriane Medeiros Nunes<br \/>\nAline Joana Rolina Wohlmuth Alves dos Santos<br \/>\nGeonir Machado Siqueira<\/p>\n<p><strong>Documentos para Est\u00e1gio<\/strong><\/p>\n<p><a href=\"https:\/\/wp.ufpel.edu.br\/bachareladoemquimica\/files\/2021\/09\/Normas_Estagio-Bacharelado-em-Quimica_2020.pdf\">Normas_Est\u00e1gio Bacharelado em Qu\u00edmica_2020<\/a><\/p>\n<p><a href=\"https:\/\/wp.ufpel.edu.br\/bachareladoemquimica\/files\/2021\/09\/Formulario-E1_Plano-de-Atividades-Estagio-Nao-Obrigatorio.pdf\">Formul\u00e1rio E1_Plano de Atividades Est\u00e1gio N\u00e3o Obrigat\u00f3rio<\/a><\/p>\n<p><a href=\"https:\/\/wp.ufpel.edu.br\/bachareladoemquimica\/files\/2021\/09\/Formulario-E2_Ficha-Avaliacao-de-Desempenho.pdf\">Formul\u00e1rio E2_Ficha Avalia\u00e7\u00e3o de Desempenho<\/a><\/p>\n<p><a href=\"https:\/\/wp.ufpel.edu.br\/bachareladoemquimica\/files\/2021\/09\/Formulario-E3_Roteiro-de-Estagio.pdf\">Formul\u00e1rio E3_Roteiro de Est\u00e1gio<\/a><\/p>\n<p><a href=\"https:\/\/wp.ufpel.edu.br\/bachareladoemquimica\/files\/2021\/09\/Formulario-E4_Avaliacao-do-Relatorio-de-Estagio.pdf\">Formul\u00e1rio E4_Avalia\u00e7\u00e3o do Relat\u00f3rio de Est\u00e1gio<\/a><\/p>\n<p><a href=\"https:\/\/wp.ufpel.edu.br\/bachareladoemquimica\/files\/2018\/05\/Termo-de-Compromisso.pdf\">Termo-de-Compromisso<\/a><\/p>\n<p><strong>Documentos para Monografia<\/strong><\/p>\n<p><a href=\"https:\/\/wp.ufpel.edu.br\/bachareladoemquimica\/files\/2020\/10\/Normas_Monografia-Bacharelado-em-Quimica_2020-1.pdf\">Normas_Monografia Bacharelado em Qu\u00edmica_2020 (1)<\/a><\/p>\n<p><a href=\"https:\/\/wp.ufpel.edu.br\/bachareladoemquimica\/files\/2021\/08\/Proposta_Monografia_2020.pdf\">Proposta_Monografia_2020<\/a><\/p>\n<p><a href=\"https:\/\/wp.ufpel.edu.br\/bachareladoemquimica\/files\/2021\/08\/Roteiro_Elaboracao-da-Monografia_2020.pdf\">Roteiro_Elabora\u00e7ao da Monografia_2020<\/a><\/p>\n<p>&nbsp;<\/p>\n<p><strong>Relat\u00f3rios<\/strong><\/p>\n<p><a href=\"https:\/\/wp.ufpel.edu.br\/bachareladoemquimica\/files\/2025\/07\/Relatorio-de-Estagio_Rosana-Hartwig-Schwanke.pdf\">Relat\u00f3rio de Est\u00e1gio_Rosana Hartwig Schwanke<\/a><\/p>\n<p><a href=\"https:\/\/wp.ufpel.edu.br\/bachareladoemquimica\/files\/2025\/07\/Relatorio-de-Estagio_Milena-Nunes-Castro.pdf\">Relat\u00f3rio de Est\u00e1gio_Milena Nunes Castro<\/a><\/p>\n<p><a href=\"https:\/\/wp.ufpel.edu.br\/bachareladoemquimica\/files\/2025\/07\/Relatorio-de-Estagio_Kaiane-Quevedo-Ribeiro.pdf\">Relat\u00f3rio de Est\u00e1gio_Kaiane Quevedo Ribeiro<\/a><\/p>\n<p><a href=\"https:\/\/wp.ufpel.edu.br\/bachareladoemquimica\/files\/2025\/07\/Relatorio-de-Estagio_Julia-Marques-de-Souza-Alvarenga-Motta.pdf\">Relat\u00f3rio de Est\u00e1gio_J\u00falia Marques de Souza Alvarenga Motta<\/a><\/p>\n<p><a href=\"https:\/\/wp.ufpel.edu.br\/bachareladoemquimica\/files\/2025\/07\/Relatorio-de-Estagio_Alessandra-Pereira-dos-Santos.pdf\">Relat\u00f3rio de Est\u00e1gio_Alessandra Pereira dos Santos<\/a><\/p>\n<p>&nbsp;<\/p>\n","protected":false},"excerpt":{"rendered":"<p>Comiss\u00e3o de Est\u00e1gio e Monografia (CEM) SEI_UFPel &#8211; 2120055 &#8211; Portaria Interna CEM Grac\u00e9lie Aparecida Serpa Schulz Adriane Medeiros Nunes Aline Joana Rolina Wohlmuth Alves dos Santos Geonir Machado Siqueira Documentos para Est\u00e1gio Normas_Est\u00e1gio Bacharelado em Qu\u00edmica_2020 Formul\u00e1rio E1_Plano de Atividades Est\u00e1gio N\u00e3o Obrigat\u00f3rio Formul\u00e1rio E2_Ficha Avalia\u00e7\u00e3o de Desempenho Formul\u00e1rio E3_Roteiro de Est\u00e1gio Formul\u00e1rio E4_Avalia\u00e7\u00e3o [&hellip;]<\/p>\n","protected":false},"author":688,"featured_media":0,"parent":0,"menu_order":0,"comment_status":"closed","ping_status":"closed","template":"","meta":{"footnotes":""},"class_list":["post-67","page","type-page","status-publish","hentry"],"_links":{"self":[{"href":"https:\/\/wp.ufpel.edu.br\/bachareladoemquimica\/wp-json\/wp\/v2\/pages\/67","targetHints":{"allow":["GET"]}}],"collection":[{"href":"https:\/\/wp.ufpel.edu.br\/bachareladoemquimica\/wp-json\/wp\/v2\/pages"}],"about":[{"href":"https:\/\/wp.ufpel.edu.br\/bachareladoemquimica\/wp-json\/wp\/v2\/types\/page"}],"author":[{"embeddable":true,"href":"https:\/\/wp.ufpel.edu.br\/bachareladoemquimica\/wp-json\/wp\/v2\/users\/688"}],"replies":[{"embeddable":true,"href":"https:\/\/wp.ufpel.edu.br\/bachareladoemquimica\/wp-json\/wp\/v2\/comments?post=67"}],"version-history":[{"count":16,"href":"https:\/\/wp.ufpel.edu.br\/bachareladoemquimica\/wp-json\/wp\/v2\/pages\/67\/revisions"}],"predecessor-version":[{"id":1743,"href":"https:\/\/wp.ufpel.edu.br\/bachareladoemquimica\/wp-json\/wp\/v2\/pages\/67\/revisions\/1743"}],"wp:attachment":[{"href":"https:\/\/wp.ufpel.edu.br\/bachareladoemquimica\/wp-json\/wp\/v2\/media?parent=67"}],"curies":[{"name":"wp","href":"https:\/\/api.w.org\/{rel}","templated":true}]}}